{"id":2361,"date":"2022-05-01T06:06:30","date_gmt":"2022-04-30T19:06:30","guid":{"rendered":"https:\/\/telespecialist.nl\/product\/prixon-nitro-1-an-diptv\/"},"modified":"2022-05-01T06:06:30","modified_gmt":"2022-04-30T19:06:30","slug":"prixon-nitro","status":"publish","type":"product","link":"https:\/\/telespecialist.nl\/fr\/produit\/prixon-nitro\/","title":{"rendered":"Prixon Nitro + 1 an d&rsquo;IPTV"},"content":{"rendered":"<p>Le Nitro + est le nouveau fleuron de Prixon.<br \/>\nLe r\u00e9cepteur fait une perc\u00e9e sur le march\u00e9 avec des sp\u00e9cifications puissantes.<\/p>\n<p>La m\u00e9moire vive et le puissant processeur garantissent que le Nitro+ est pr\u00eat pour toutes vos aventures de streaming.<\/p>\n<p>L&rsquo;application exclusive Dontv compl\u00e8te le Prixon Nitro+.<br \/>\nGr\u00e2ce \u00e0 cette application r\u00e9serv\u00e9e \u00e0 Prixon, vous regardez la t\u00e9l\u00e9vision sur IP dans une interface claire, belle et conviviale.<br \/>\nIl vous suffit de connecter votre bouquet de t\u00e9l\u00e9vision et de profiter de nombreuses fonctionnalit\u00e9s.<\/p>\n<p>Prixon a vu grand avec le Prixon Alpha.<br \/>\nLes sp\u00e9cifications et la connectivit\u00e9 sont en bon \u00e9tat.<br \/>\nLe bon module WiFi et le port Gbit lan vous permettent de diffuser des flux avec ou sans fil avec une qualit\u00e9 optimale.<\/p>\n<h2><strong>IPTV via Dontv<\/strong><\/h2>\n<p>Prixon utilise bien s\u00fbr l&rsquo;application IPTV la plus avanc\u00e9e, Dontv.<br \/>\nCette application a \u00e9t\u00e9 mise \u00e0 jour depuis des ann\u00e9es et est actualis\u00e9e tous les mois.<br \/>\nAinsi, vous avez la garantie de disposer de la meilleure application, avec les derni\u00e8res fonctionnalit\u00e9s.<\/p>\n<p>Gr\u00e2ce \u00e0 une interface fluide et \u00e9pur\u00e9e, vous pourrez utiliser la t\u00e9l\u00e9vision en direct, la vid\u00e9o \u00e0 la demande\/s\u00e9ries t\u00e9l\u00e9vis\u00e9es et la radio.<br \/>\nLa vitesse de zapping est tr\u00e8s rapide, tout comme le temps d&rsquo;avance et de retour.<\/p>\n<p><strong>De plus, l&rsquo;application MOL2 utilise :<\/strong><\/p>\n<ul>\n<li>Live TV<\/li>\n<li>VOD\/Series<\/li>\n<li>EPG (TV-Gids)<\/li>\n<li>Support du compte et du portail M3u<\/li>\n<li>Revoir les programmes via l&rsquo;EPG (Timeshift via le cloud)<\/li>\n<li>Enregistrement sur un disque dur<\/li>\n<li>Regarder la t\u00e9l\u00e9vision et enregistrer en m\u00eame temps<\/li>\n<li>Pause et retour en arri\u00e8re<\/li>\n<li>Verrouiller les cha\u00eenes avec un code de verrouillage et masquer les cat\u00e9gories<\/li>\n<\/ul>\n<p>&nbsp;<\/p>\n<p><strong>Une qualit\u00e9 d&rsquo;image cristalline avec un rendement \u00e9lev\u00e9<\/strong><\/p>\n<p>Le Z10 Pro Max prend en charge une qualit\u00e9 d&rsquo;image allant jusqu&rsquo;\u00e0 4K \u00e0 60 FPS.<br \/>\nLes r\u00e9cepteurs utilisent des couleurs r\u00e9alistes gr\u00e2ce au HDR.<\/p>\n<p>Avec le Nitro+, Prixon est le premier \u00e0 proposer un r\u00e9cepteur IPTV dot\u00e9 de la nouvelle efficacit\u00e9 AV1, qui rend la qualit\u00e9 4K plus accessible.<br \/>\nPar cons\u00e9quent, vous avez besoin de moins d&rsquo;internet et de consommation d&rsquo;\u00e9nergie pour visionner des images 4K.<\/p>\n<p>Pour les images Full HD, le Z10 PRO Max utilise l&rsquo;efficacit\u00e9 HEVC.<\/p>\n<h2><strong>Contenu de l&#8217;emballage<\/strong><\/h2>\n<ul>\n<li>Prixon Nitro+<\/li>\n<li>T\u00e9l\u00e9commande<\/li>\n<li>C\u00e2ble HDMI<\/li>\n<li>Adaptateur<\/li>\n<li>Piles<\/li>\n<li>Manuel<\/li>\n<\/ul>\n<h1>Sp\u00e9cifications techniques<\/h1>\n<h2>Sp\u00e9cifications<\/h2>\n<p>R\u00e9solution de sortie : d\u00e9codage de la r\u00e9solution 4K UHD<br \/>\nCPU: 64-bits quad-core ARM\u00aeCortex\u2122 A55<br \/>\nGPU: G31\u2122 MP2 GPU-processor<br \/>\nRAM: 1GB DDR3 @750MHz<br \/>\nStockage : 8 Go eMMC<br \/>\nSyst\u00e8me d&rsquo;exploitation : Android 9<\/p>\n<h2>Mise en r\u00e9seau<\/h2>\n<p>Sans fil : sans fil AC mono-bande 2,4 GHz<br \/>\nEthernet: RJ45<br \/>\nBluetooth: 4.1<\/p>\n<h2>Dimensions<\/h2>\n<p>Longueur : 107 mm<br \/>\nLargeur : 107 mm<br \/>\n\u00c9paisseur : 20 mm<br \/>\nLa couleur noire<\/p>\n<h2>Connexion \u00e9lectrique<\/h2>\n<p>Alimentation : 5V\/2A<\/p>\n<h2>D\u00e9codeur<\/h2>\n<p>D\u00e9codeur vid\u00e9o<br \/>\n&#8211; Supporte le d\u00e9codeur multi-vid\u00e9o jusqu&rsquo;\u00e0 4x1080P@60fps<br \/>\n&#8211; Prise en charge de plusieurs sessions de d\u00e9codage vid\u00e9o \u00ab\u00a0s\u00e9curis\u00e9es\u00a0\u00bb et d\u00e9codage et encodage simultan\u00e9s<br \/>\n&#8211; D\u00e9codage vid\u00e9o\/image<br \/>\n\u2013 VP9 Profile-2 tot 8Kx4K@24 fps<br \/>\n\u2013 H.265 HEVC MP-10@L5.1 tot 8Kx4K@24 fps<br \/>\n\u2013 AVS2-P2 profiel tot 8Kx4K@24 fps<br \/>\n\u2013 H.264 AVC HP@L5.1 tot 4Kx2K@30fps<br \/>\n\u2013 MPEG-4 ASP@L5 tot 1080P@60fps (ISO-14496)<br \/>\n\u2013 WMV\/VC-1 SP\/MP\/AP tot 1080P@60fps<br \/>\n&#8211; AVS-P16(AVS+) \/AVS-P2 Profil JiZhun jusqu&rsquo;\u00e0 1080P@60fps<br \/>\n\u2013 MPEG-2 MP\/HL tot 1080P@60fps (ISO-13818)<br \/>\n\u2013 MPEG-1 MP\/HL tot 1080P@60fps (ISO-11172)<br \/>\n&#8211; RealVideo 8\/9\/10 jusqu&rsquo;\u00e0 1080P@60fps<br \/>\n&#8211; Prise en charge de plusieurs langues et de plusieurs formats vid\u00e9o de sous-titres<br \/>\n&#8211; D\u00e9codage MJPEG et JPEG avec une r\u00e9solution de pixel illimit\u00e9e (ISO\/IEC-10918)<br \/>\n&#8211; Prise en charge des vignettes JPEG, des effets d&rsquo;\u00e9chelle, de rotation et de transition<br \/>\n&#8211; Prend en charge les formats de fichier *.mkv, *.wmv, *.mpg, *.mpeg, *.dat, *.avi, *.mov, *.iso, *.mp4, *.rm et *.jpg.<\/p>\n<p>D\u00e9codeur audio<br \/>\n&#8211; Supporte les formats MP3, AAC, WMA, RM, FLAC, Ogg et programmable avec down-mixing 7.1\/5.1<br \/>\n&#8211; VAD \u00e0 faible puissance<br \/>\n&#8211; Entr\u00e9e\/sortie audio num\u00e9rique s\u00e9rie int\u00e9gr\u00e9e SPDIF\/IEC958 et entr\u00e9e\/sortie PCM<br \/>\n&#8211; 3 ports int\u00e9gr\u00e9s TDM\/PCM\/I2S avec mode TDM\/PCM jusqu&rsquo;\u00e0 384kHz x 32bits x 16ch ou 96kHz x 32bits x 32ch et mode I2S jusqu&rsquo;\u00e0 384kHz x 32bits x 16ch<br \/>\n&#8211; Entr\u00e9e de microphone num\u00e9rique PDM avec CIC, LPF et HPF programmables, supporte jusqu&rsquo;\u00e0 8 DMICs<br \/>\n&#8211; DAC audio st\u00e9r\u00e9o int\u00e9gr\u00e9<br \/>\n&#8211; Prend en charge la sortie simultan\u00e9e de deux canaux audio st\u00e9r\u00e9o avec la combinaison analogique+PCM ou I2S+PCM.<\/p>\n","protected":false},"excerpt":{"rendered":"<p><strong>Marque<\/strong> : Prixon<\/p>\n<p>Le Prixon Alpha utilise la puissante application Dontv.<\/p>\n<p>Il vous permet de regarder vos cha\u00eenes pr\u00e9f\u00e9r\u00e9es via IPTV avec une facilit\u00e9 d&rsquo;utilisation ultime.<br \/>\nSon contr\u00f4le est tr\u00e8s facile, ce qui permet \u00e0 n&rsquo;importe qui dans la maison de l&rsquo;utiliser.<br \/>\nPassez sans effort de la t\u00e9l\u00e9vision en direct \u00e0 la vid\u00e9o \u00e0 la demande et aux s\u00e9ries t\u00e9l\u00e9vis\u00e9es.<\/p>\n<p>Au passage, l&rsquo;interface para\u00eet tr\u00e8s moderne, et avec ses nombreuses fonctionnalit\u00e9s, rien ne manque.<\/p>\n<p><strong>Par exemple, l&rsquo;application Dontv de Prixon utilise :<\/strong><\/p>\n<ul>\n<li>EPG (guide TV \u00e9lectronique)<\/li>\n<li>CatchUp TV (R\u00e9vision via EPG)<\/li>\n<li>Enregistrement et visionnage de programmes<\/li>\n<li>Taux de zapping \u00e9lev\u00e9<\/li>\n<li>S\u00e9ries VOD\/TV avec informations IMDb<\/li>\n<\/ul>\n<p>En outre, le Prixon Alpha dispose d&rsquo;une t\u00e9l\u00e9commande IR ergonomique qui permet de contr\u00f4ler ces fonctions en douceur.<\/p>\n<blockquote><p>Commander via Whatsapp<\/p><\/blockquote>\n<div class=\"woocommerce-tabs wc-tabs-wrapper\">\n<div id=\"tab-description\" class=\"woocommerce-Tabs-panel woocommerce-Tabs-panel--description panel entry-content wc-tab\" role=\"tabpanel\" aria-labelledby=\"tab-title-description\">\n<p>&nbsp;<\/p>\n<\/div>\n<\/div>\n","protected":false},"featured_media":2294,"comment_status":"open","ping_status":"closed","template":"","meta":{"ocean_post_layout":"","ocean_both_sidebars_style":"","ocean_both_sidebars_content_width":0,"ocean_both_sidebars_sidebars_width":0,"ocean_sidebar":"0","ocean_second_sidebar":"0","ocean_disable_margins":"enable","ocean_add_body_class":"","ocean_shortcode_before_top_bar":"","ocean_shortcode_after_top_bar":"","ocean_shortcode_before_header":"","ocean_shortcode_after_header":"","ocean_has_shortcode":"","ocean_shortcode_after_title":"","ocean_shortcode_before_footer_widgets":"","ocean_shortcode_after_footer_widgets":"","ocean_shortcode_before_footer_bottom":"","ocean_shortcode_after_footer_bottom":"","ocean_display_top_bar":"default","ocean_display_header":"default","ocean_header_style":"","ocean_center_header_left_menu":"0","ocean_custom_header_template":"0","ocean_custom_logo":0,"ocean_custom_retina_logo":0,"ocean_custom_logo_max_width":0,"ocean_custom_logo_tablet_max_width":0,"ocean_custom_logo_mobile_max_width":0,"ocean_custom_logo_max_height":0,"ocean_custom_logo_tablet_max_height":0,"ocean_custom_logo_mobile_max_height":0,"ocean_header_custom_menu":"0","ocean_menu_typo_font_family":"0","ocean_menu_typo_font_subset":"","ocean_menu_typo_font_size":0,"ocean_menu_typo_font_size_tablet":0,"ocean_menu_typo_font_size_mobile":0,"ocean_menu_typo_font_size_unit":"px","ocean_menu_typo_font_weight":"","ocean_menu_typo_font_weight_tablet":"","ocean_menu_typo_font_weight_mobile":"","ocean_menu_typo_transform":"","ocean_menu_typo_transform_tablet":"","ocean_menu_typo_transform_mobile":"","ocean_menu_typo_line_height":0,"ocean_menu_typo_line_height_tablet":0,"ocean_menu_typo_line_height_mobile":0,"ocean_menu_typo_line_height_unit":"","ocean_menu_typo_spacing":0,"ocean_menu_typo_spacing_tablet":0,"ocean_menu_typo_spacing_mobile":0,"ocean_menu_typo_spacing_unit":"","ocean_menu_link_color":"","ocean_menu_link_color_hover":"","ocean_menu_link_color_active":"","ocean_menu_link_background":"","ocean_menu_link_hover_background":"","ocean_menu_link_active_background":"","ocean_menu_social_links_bg":"","ocean_menu_social_hover_links_bg":"","ocean_menu_social_links_color":"","ocean_menu_social_hover_links_color":"","ocean_disable_title":"default","ocean_disable_heading":"default","ocean_post_title":"","ocean_post_subheading":"","ocean_post_title_style":"","ocean_post_title_background_color":"","ocean_post_title_background":0,"ocean_post_title_bg_image_position":"","ocean_post_title_bg_image_attachment":"","ocean_post_title_bg_image_repeat":"","ocean_post_title_bg_image_size":"","ocean_post_title_height":0,"ocean_post_title_bg_overlay":0.5,"ocean_post_title_bg_overlay_color":"","ocean_disable_breadcrumbs":"default","ocean_breadcrumbs_color":"","ocean_breadcrumbs_separator_color":"","ocean_breadcrumbs_links_color":"","ocean_breadcrumbs_links_hover_color":"","ocean_display_footer_widgets":"default","ocean_display_footer_bottom":"default","ocean_custom_footer_template":"0","_joinchat":[]},"product_brand":[],"product_cat":[93,95],"product_tag":[],"class_list":{"0":"post-2361","1":"product","2":"type-product","3":"status-publish","4":"has-post-thumbnail","6":"product_cat-cabinet-avec-abonnement","7":"product_cat-prixon-fr","9":"entry","10":"has-media","12":"first","13":"instock","14":"shipping-taxable","15":"purchasable","16":"product-type-simple","17":"has-product-nav","18":"col","19":"span_1_of_3","20":"owp-content-center","21":"owp-thumbs-layout-horizontal","22":"owp-btn-normal","23":"owp-tabs-layout-horizontal","25":"circle-sale"},"_links":{"self":[{"href":"https:\/\/telespecialist.nl\/fr\/wp-json\/wp\/v2\/product\/2361","targetHints":{"allow":["GET"]}}],"collection":[{"href":"https:\/\/telespecialist.nl\/fr\/wp-json\/wp\/v2\/product"}],"about":[{"href":"https:\/\/telespecialist.nl\/fr\/wp-json\/wp\/v2\/types\/product"}],"replies":[{"embeddable":true,"href":"https:\/\/telespecialist.nl\/fr\/wp-json\/wp\/v2\/comments?post=2361"}],"wp:featuredmedia":[{"embeddable":true,"href":"https:\/\/telespecialist.nl\/fr\/wp-json\/wp\/v2\/media\/2294"}],"wp:attachment":[{"href":"https:\/\/telespecialist.nl\/fr\/wp-json\/wp\/v2\/media?parent=2361"}],"wp:term":[{"taxonomy":"product_brand","embeddable":true,"href":"https:\/\/telespecialist.nl\/fr\/wp-json\/wp\/v2\/product_brand?post=2361"},{"taxonomy":"product_cat","embeddable":true,"href":"https:\/\/telespecialist.nl\/fr\/wp-json\/wp\/v2\/product_cat?post=2361"},{"taxonomy":"product_tag","embeddable":true,"href":"https:\/\/telespecialist.nl\/fr\/wp-json\/wp\/v2\/product_tag?post=2361"}],"curies":[{"name":"wp","href":"https:\/\/api.w.org\/{rel}","templated":true}]}}