{"id":2360,"date":"2022-05-03T06:07:51","date_gmt":"2022-05-02T19:07:51","guid":{"rendered":"https:\/\/telespecialist.nl\/product\/prixon-venom-5g-1-an-diptv\/"},"modified":"2022-05-03T06:07:51","modified_gmt":"2022-05-02T19:07:51","slug":"prixon-venom","status":"publish","type":"product","link":"https:\/\/telespecialist.nl\/fr\/produit\/prixon-venom\/","title":{"rendered":"Prixon Venom 5G + 1 an d&rsquo;IPTV"},"content":{"rendered":"<h2><strong>Contenu de l&#8217;emballage<\/strong><\/h2>\n<ul>\n<li>Prixon Venom<\/li>\n<li>T\u00e9l\u00e9commande Bluetooth<\/li>\n<li>Disque dur interne<\/li>\n<li>C\u00e2ble HDMI<\/li>\n<li>Adaptateur<\/li>\n<li>Piles<\/li>\n<li>Manuel<\/li>\n<li>Forfait annuel IPTV<\/li>\n<\/ul>\n<h1>Sp\u00e9cifications techniques<\/h1>\n<h2>Sp\u00e9cifications<\/h2>\n<p>R\u00e9solution de sortie : d\u00e9codage de la r\u00e9solution 4K UHD<br \/>\nPROCESSEUR : Quadruple c\u0153ur ARM\u00aeCortex\u2122 A55<br \/>\nGPU : processeur G31 MP2<br \/>\nRAM : 2GB DDR3 @750MHz<br \/>\nStockage : 16 GB eMMC<br \/>\nSyst\u00e8me d&rsquo;exploitation : Android 9<\/p>\n<h2>Mise en r\u00e9seau<\/h2>\n<p>Sans fil : double wifi 2.4G\/5G<br \/>\nEthernet: RJ45<\/p>\n<h2>Dimensions<\/h2>\n<p>Longueur : 107 mm<br \/>\nLargeur : 107 mm<br \/>\n\u00c9paisseur : 20 mm<br \/>\nLa couleur noire<\/p>\n<h2>Connexion \u00e9lectrique<\/h2>\n<p>Alimentation : 5V\/2A<\/p>\n<h2>D\u00e9codeur<\/h2>\n<p>D\u00e9codeur vid\u00e9o :<br \/>\n-Prise en charge du d\u00e9codage vid\u00e9o multiple jusqu&rsquo;\u00e0 4x1080P@60fps Prise en charge de plusieurs sessions de d\u00e9codage vid\u00e9o \u00ab\u00a0s\u00e9curis\u00e9es\u00a0\u00bb et d\u00e9codage et encodage simultan\u00e9s<br \/>\n&#8211; D\u00e9codage vid\u00e9o\/image<br \/>\n\u2013 VP9 Profile-2 tot 8Kx4K@24 fps<br \/>\n\u2013 H.265 HEVC MP-10@L5.1 tot 8Kx4K@24 fps<br \/>\n\u2013 AVS2-P2 profiel tot 8Kx4K@24 fps<br \/>\n\u2013 H.264 AVC HP@L5.1 tot 4Kx2K@30fps<br \/>\n\u2013 MPEG-4 ASP@L5 tot 1080P@60fps (ISO-14496)<br \/>\n\u2013 WMV\/VC-1 SP\/MP\/AP tot 1080P@60fps<br \/>\n&#8211; AVS-P16(AVS+) \/AVS-P2 Profil JiZhun jusqu&rsquo;\u00e0 1080P@60fps<br \/>\n\u2013 MPEG-2 MP\/HL tot 1080P@60fps (ISO-13818)<br \/>\n\u2013 MPEG-1 MP\/HL tot 1080P@60fps (ISO-11172)<br \/>\n&#8211; Vid\u00e9o r\u00e9elle 8\/9\/10 jusqu&rsquo;\u00e0 1080P@60fps<br \/>\n-Prise en charge de plusieurs langues et de plusieurs formats de sous-titres.<br \/>\n\u2013D\u00e9codage MJPEG et JPEG avec une r\u00e9solution de pixel illimit\u00e9e (ISO\/IEC-10918)<br \/>\n\u2013Prise en charge des effets de vignette, d&rsquo;\u00e9chelle, de rotation et de transition JPEG Prise en charge des formats de fichier *.mkv, *.wmv, *.mpg, *.mpeg, *.dat, *.avi, *.mov, *.iso, *.mp4, *.rm et *.jpg<\/p>\n<p>D\u00e9codeur audio :<br \/>\n&#8211; Supporte les formats MP3, AAC, WMA, RM, FLAC, Ogg et programmable avec down-mixing 7.1\/5.1<br \/>\n&#8211; VAD \u00e0 faible puissance<br \/>\n&#8211; Entr\u00e9e\/sortie audio num\u00e9rique s\u00e9rie int\u00e9gr\u00e9e SPDIF\/IEC958 et entr\u00e9e\/sortie PCM3 ports TDM\/PCM\/I2S int\u00e9gr\u00e9s avec mode TDM\/PCM jusqu&rsquo;\u00e0 384kHz x 32bits x 16ch ou 96kHz x 32bits x 32ch et mode I2S jusqu&rsquo;\u00e0 384kHz x 32bits x 16ch<br \/>\n&#8211; Entr\u00e9e de microphone num\u00e9rique PDM avec CIC, LPF et HPF programmables, supporte jusqu&rsquo;\u00e0 8 DMICs<br \/>\n&#8211; DAC audio st\u00e9r\u00e9o int\u00e9gr\u00e9<br \/>\n&#8211; Prend en charge la sortie simultan\u00e9e de deux canaux audio st\u00e9r\u00e9o avec la combinaison analogique + PCM ou I2S + PCM.<\/p>\n","protected":false},"excerpt":{"rendered":"<p><strong>Marque<\/strong> : Prixon<\/p>\n<p>En mati\u00e8re d&rsquo;IPTV, le Prixon Venom est la cr\u00e8me de la cr\u00e8me. Vous \u00eates un passionn\u00e9 d&rsquo;Android et vous voulez plus que de la t\u00e9l\u00e9vision sur IP et des applications en termes de technologie ? Vous souhaitez t\u00e9l\u00e9charger vous-m\u00eame des films sur un disque dur interne ?<\/p>\n<p>Le Venom offre tout cela !<\/p>\n<p>Il vous permet de regarder vos cha\u00eenes pr\u00e9f\u00e9r\u00e9es via IPTV avec une facilit\u00e9 d&rsquo;utilisation ultime.<br \/>\nSon contr\u00f4le est tr\u00e8s facile, ce qui permet \u00e0 n&rsquo;importe qui dans la maison de l&rsquo;utiliser.<br \/>\nPassez sans effort de la t\u00e9l\u00e9vision en direct \u00e0 la vid\u00e9o \u00e0 la demande et aux s\u00e9ries t\u00e9l\u00e9vis\u00e9es.<\/p>\n<p><strong>Par exemple, l&rsquo;application Dontv de Prixon utilise :<\/strong><\/p>\n<ul>\n<li>EPG (guide TV \u00e9lectronique)<\/li>\n<li>CatchUp TV (R\u00e9vision via EPG)<\/li>\n<li>Enregistrement et visionnage de programmes<\/li>\n<li>Taux de zapping \u00e9lev\u00e9<\/li>\n<li>S\u00e9ries VOD\/TV avec informations IMDb<\/li>\n<li>Le Venom dispose d&rsquo;un disque dur interne, sur lequel vous pouvez stocker des enregistrements tr\u00e8s facilement.<\/li>\n<\/ul>\n<blockquote><p>Commander via Whatsapp<\/p><\/blockquote>\n","protected":false},"featured_media":2285,"comment_status":"open","ping_status":"closed","template":"","meta":{"ocean_post_layout":"","ocean_both_sidebars_style":"","ocean_both_sidebars_content_width":0,"ocean_both_sidebars_sidebars_width":0,"ocean_sidebar":"0","ocean_second_sidebar":"0","ocean_disable_margins":"enable","ocean_add_body_class":"","ocean_shortcode_before_top_bar":"","ocean_shortcode_after_top_bar":"","ocean_shortcode_before_header":"","ocean_shortcode_after_header":"","ocean_has_shortcode":"","ocean_shortcode_after_title":"","ocean_shortcode_before_footer_widgets":"","ocean_shortcode_after_footer_widgets":"","ocean_shortcode_before_footer_bottom":"","ocean_shortcode_after_footer_bottom":"","ocean_display_top_bar":"default","ocean_display_header":"default","ocean_header_style":"","ocean_center_header_left_menu":"0","ocean_custom_header_template":"0","ocean_custom_logo":0,"ocean_custom_retina_logo":0,"ocean_custom_logo_max_width":0,"ocean_custom_logo_tablet_max_width":0,"ocean_custom_logo_mobile_max_width":0,"ocean_custom_logo_max_height":0,"ocean_custom_logo_tablet_max_height":0,"ocean_custom_logo_mobile_max_height":0,"ocean_header_custom_menu":"0","ocean_menu_typo_font_family":"0","ocean_menu_typo_font_subset":"","ocean_menu_typo_font_size":0,"ocean_menu_typo_font_size_tablet":0,"ocean_menu_typo_font_size_mobile":0,"ocean_menu_typo_font_size_unit":"px","ocean_menu_typo_font_weight":"","ocean_menu_typo_font_weight_tablet":"","ocean_menu_typo_font_weight_mobile":"","ocean_menu_typo_transform":"","ocean_menu_typo_transform_tablet":"","ocean_menu_typo_transform_mobile":"","ocean_menu_typo_line_height":0,"ocean_menu_typo_line_height_tablet":0,"ocean_menu_typo_line_height_mobile":0,"ocean_menu_typo_line_height_unit":"","ocean_menu_typo_spacing":0,"ocean_menu_typo_spacing_tablet":0,"ocean_menu_typo_spacing_mobile":0,"ocean_menu_typo_spacing_unit":"","ocean_menu_link_color":"","ocean_menu_link_color_hover":"","ocean_menu_link_color_active":"","ocean_menu_link_background":"","ocean_menu_link_hover_background":"","ocean_menu_link_active_background":"","ocean_menu_social_links_bg":"","ocean_menu_social_hover_links_bg":"","ocean_menu_social_links_color":"","ocean_menu_social_hover_links_color":"","ocean_disable_title":"default","ocean_disable_heading":"default","ocean_post_title":"","ocean_post_subheading":"","ocean_post_title_style":"","ocean_post_title_background_color":"","ocean_post_title_background":0,"ocean_post_title_bg_image_position":"","ocean_post_title_bg_image_attachment":"","ocean_post_title_bg_image_repeat":"","ocean_post_title_bg_image_size":"","ocean_post_title_height":0,"ocean_post_title_bg_overlay":0.5,"ocean_post_title_bg_overlay_color":"","ocean_disable_breadcrumbs":"default","ocean_breadcrumbs_color":"","ocean_breadcrumbs_separator_color":"","ocean_breadcrumbs_links_color":"","ocean_breadcrumbs_links_hover_color":"","ocean_display_footer_widgets":"default","ocean_display_footer_bottom":"default","ocean_custom_footer_template":"0","_joinchat":[]},"product_brand":[],"product_cat":[93,95],"product_tag":[],"class_list":{"0":"post-2360","1":"product","2":"type-product","3":"status-publish","4":"has-post-thumbnail","6":"product_cat-cabinet-avec-abonnement","7":"product_cat-prixon-fr","9":"entry","10":"has-media","12":"first","13":"instock","14":"shipping-taxable","15":"purchasable","16":"product-type-simple","17":"has-product-nav","18":"col","19":"span_1_of_3","20":"owp-content-center","21":"owp-thumbs-layout-horizontal","22":"owp-btn-normal","23":"owp-tabs-layout-horizontal","24":"has-no-thumbnails","26":"circle-sale"},"_links":{"self":[{"href":"https:\/\/telespecialist.nl\/fr\/wp-json\/wp\/v2\/product\/2360","targetHints":{"allow":["GET"]}}],"collection":[{"href":"https:\/\/telespecialist.nl\/fr\/wp-json\/wp\/v2\/product"}],"about":[{"href":"https:\/\/telespecialist.nl\/fr\/wp-json\/wp\/v2\/types\/product"}],"replies":[{"embeddable":true,"href":"https:\/\/telespecialist.nl\/fr\/wp-json\/wp\/v2\/comments?post=2360"}],"wp:featuredmedia":[{"embeddable":true,"href":"https:\/\/telespecialist.nl\/fr\/wp-json\/wp\/v2\/media\/2285"}],"wp:attachment":[{"href":"https:\/\/telespecialist.nl\/fr\/wp-json\/wp\/v2\/media?parent=2360"}],"wp:term":[{"taxonomy":"product_brand","embeddable":true,"href":"https:\/\/telespecialist.nl\/fr\/wp-json\/wp\/v2\/product_brand?post=2360"},{"taxonomy":"product_cat","embeddable":true,"href":"https:\/\/telespecialist.nl\/fr\/wp-json\/wp\/v2\/product_cat?post=2360"},{"taxonomy":"product_tag","embeddable":true,"href":"https:\/\/telespecialist.nl\/fr\/wp-json\/wp\/v2\/product_tag?post=2360"}],"curies":[{"name":"wp","href":"https:\/\/api.w.org\/{rel}","templated":true}]}}