{"id":2356,"date":"2022-06-04T06:16:47","date_gmt":"2022-06-03T19:16:47","guid":{"rendered":"https:\/\/telespecialist.nl\/product\/1-an\/"},"modified":"2022-06-04T06:16:47","modified_gmt":"2022-06-03T19:16:47","slug":"1-an","status":"publish","type":"product","link":"https:\/\/telespecialist.nl\/fr\/produit\/1-an\/","title":{"rendered":"1 an"},"content":{"rendered":"<p>Apr\u00e8s l&rsquo;activation, vous pouvez imm\u00e9diatement regarder la t\u00e9l\u00e9vision. Avec notre service IPTV, vous avez tout sous un m\u00eame toit ! T\u00e9l\u00e9vision, films, documentaires et s\u00e9ries. Notre bouquet IPTV propose plus de 277 000 cha\u00eenes internationales, des films de cin\u00e9ma et les derniers films et s\u00e9ries Netflix\/HBO\/Amazon prime\/Disney &amp; Videoland.<\/p>\n","protected":false},"excerpt":{"rendered":"<p>Apr\u00e8s l&rsquo;activation, vous pouvez imm\u00e9diatement regarder la t\u00e9l\u00e9vision. Avec notre service IPTV, vous avez tout sous un m\u00eame toit ! T\u00e9l\u00e9vision, films, documentaires et s\u00e9ries. Notre bouquet IPTV propose plus de 277 000 cha\u00eenes internationales, des films de cin\u00e9ma et les derniers films et s\u00e9ries Netflix\/HBO\/Amazon prime\/Disney &amp; Videoland.<\/p>\n<p>Ce bouquet premium comprend \u00e9galement les cha\u00eenes n\u00e9erlandaises 24\/7, un dossier s\u00e9par\u00e9 Formule 1 avec toutes les principales cha\u00eenes de Formule 1 et les s\u00e9ries et films n\u00e9erlandais de Videoland.<\/p>\n<p>L&rsquo;IPTV fonctionne enti\u00e8rement sur l&rsquo;internet. Vous pouvez utiliser l&rsquo;internet mobile ou le Wi-Fi pour regarder parfaitement la t\u00e9l\u00e9vision sans aucun probl\u00e8me. Vous n&rsquo;avez donc pas besoin de paraboles ou d&rsquo;antennes.<\/p>\n<p>Nous offrons :<br \/>\n\u2022 Aide gratuite \u00e0 l&rsquo;installation.<br \/>\n\u2022 Actif en quelques minutes.<br \/>\n\u2022 Qualit\u00e9 d&rsquo;image FULL HD, HD et 4K.<br \/>\n\u2022 Garantie du prix le plus bas<br \/>\n\u2022 Garantie \u00e0 100 % sur votre forfait IPTV.<br \/>\n\u2022 Serveur stable et rapide.<br \/>\n\u2022 Streaming sans temps de tampon trop longs.<br \/>\n\u2022 Les cha\u00eenes de Formule 1.<\/p>\n<p>Notre IPTV est compatible avec n&rsquo;importe quel appareil ou application.<\/p>\n<p><strong>Marque : &#8230;&#8230;&#8230;..<\/strong><\/p>\n<blockquote><p>Commander via Whatsapp<\/p><\/blockquote>\n","protected":false},"featured_media":2114,"comment_status":"open","ping_status":"closed","template":"","meta":{"ocean_post_layout":"","ocean_both_sidebars_style":"","ocean_both_sidebars_content_width":0,"ocean_both_sidebars_sidebars_width":0,"ocean_sidebar":"0","ocean_second_sidebar":"0","ocean_disable_margins":"enable","ocean_add_body_class":"","ocean_shortcode_before_top_bar":"","ocean_shortcode_after_top_bar":"","ocean_shortcode_before_header":"","ocean_shortcode_after_header":"","ocean_has_shortcode":"","ocean_shortcode_after_title":"","ocean_shortcode_before_footer_widgets":"","ocean_shortcode_after_footer_widgets":"","ocean_shortcode_before_footer_bottom":"","ocean_shortcode_after_footer_bottom":"","ocean_display_top_bar":"default","ocean_display_header":"default","ocean_header_style":"","ocean_center_header_left_menu":"0","ocean_custom_header_template":"0","ocean_custom_logo":0,"ocean_custom_retina_logo":0,"ocean_custom_logo_max_width":0,"ocean_custom_logo_tablet_max_width":0,"ocean_custom_logo_mobile_max_width":0,"ocean_custom_logo_max_height":0,"ocean_custom_logo_tablet_max_height":0,"ocean_custom_logo_mobile_max_height":0,"ocean_header_custom_menu":"0","ocean_menu_typo_font_family":"0","ocean_menu_typo_font_subset":"","ocean_menu_typo_font_size":0,"ocean_menu_typo_font_size_tablet":0,"ocean_menu_typo_font_size_mobile":0,"ocean_menu_typo_font_size_unit":"px","ocean_menu_typo_font_weight":"","ocean_menu_typo_font_weight_tablet":"","ocean_menu_typo_font_weight_mobile":"","ocean_menu_typo_transform":"","ocean_menu_typo_transform_tablet":"","ocean_menu_typo_transform_mobile":"","ocean_menu_typo_line_height":0,"ocean_menu_typo_line_height_tablet":0,"ocean_menu_typo_line_height_mobile":0,"ocean_menu_typo_line_height_unit":"","ocean_menu_typo_spacing":0,"ocean_menu_typo_spacing_tablet":0,"ocean_menu_typo_spacing_mobile":0,"ocean_menu_typo_spacing_unit":"","ocean_menu_link_color":"","ocean_menu_link_color_hover":"","ocean_menu_link_color_active":"","ocean_menu_link_background":"","ocean_menu_link_hover_background":"","ocean_menu_link_active_background":"","ocean_menu_social_links_bg":"","ocean_menu_social_hover_links_bg":"","ocean_menu_social_links_color":"","ocean_menu_social_hover_links_color":"","ocean_disable_title":"default","ocean_disable_heading":"default","ocean_post_title":"","ocean_post_subheading":"","ocean_post_title_style":"","ocean_post_title_background_color":"","ocean_post_title_background":0,"ocean_post_title_bg_image_position":"","ocean_post_title_bg_image_attachment":"","ocean_post_title_bg_image_repeat":"","ocean_post_title_bg_image_size":"","ocean_post_title_height":0,"ocean_post_title_bg_overlay":0.5,"ocean_post_title_bg_overlay_color":"","ocean_disable_breadcrumbs":"default","ocean_breadcrumbs_color":"","ocean_breadcrumbs_separator_color":"","ocean_breadcrumbs_links_color":"","ocean_breadcrumbs_links_hover_color":"","ocean_display_footer_widgets":"default","ocean_display_footer_bottom":"default","ocean_custom_footer_template":"0","_joinchat":[]},"product_brand":[],"product_cat":[94],"product_tag":[],"class_list":{"0":"post-2356","1":"product","2":"type-product","3":"status-publish","4":"has-post-thumbnail","6":"product_cat-abbonement-fr","8":"entry","9":"has-media","11":"first","12":"instock","13":"shipping-taxable","14":"purchasable","15":"product-type-simple","16":"has-product-nav","17":"col","18":"span_1_of_3","19":"owp-content-center","20":"owp-thumbs-layout-horizontal","21":"owp-btn-normal","22":"owp-tabs-layout-horizontal","23":"has-no-thumbnails","25":"circle-sale"},"_links":{"self":[{"href":"https:\/\/telespecialist.nl\/fr\/wp-json\/wp\/v2\/product\/2356","targetHints":{"allow":["GET"]}}],"collection":[{"href":"https:\/\/telespecialist.nl\/fr\/wp-json\/wp\/v2\/product"}],"about":[{"href":"https:\/\/telespecialist.nl\/fr\/wp-json\/wp\/v2\/types\/product"}],"replies":[{"embeddable":true,"href":"https:\/\/telespecialist.nl\/fr\/wp-json\/wp\/v2\/comments?post=2356"}],"wp:featuredmedia":[{"embeddable":true,"href":"https:\/\/telespecialist.nl\/fr\/wp-json\/wp\/v2\/media\/2114"}],"wp:attachment":[{"href":"https:\/\/telespecialist.nl\/fr\/wp-json\/wp\/v2\/media?parent=2356"}],"wp:term":[{"taxonomy":"product_brand","embeddable":true,"href":"https:\/\/telespecialist.nl\/fr\/wp-json\/wp\/v2\/product_brand?post=2356"},{"taxonomy":"product_cat","embeddable":true,"href":"https:\/\/telespecialist.nl\/fr\/wp-json\/wp\/v2\/product_cat?post=2356"},{"taxonomy":"product_tag","embeddable":true,"href":"https:\/\/telespecialist.nl\/fr\/wp-json\/wp\/v2\/product_tag?post=2356"}],"curies":[{"name":"wp","href":"https:\/\/api.w.org\/{rel}","templated":true}]}}