{"id":2415,"date":"2022-06-14T02:57:04","date_gmt":"2022-06-13T15:57:04","guid":{"rendered":"https:\/\/telespecialist.nl\/my-tv-online\/"},"modified":"2023-01-25T00:30:13","modified_gmt":"2023-01-24T13:30:13","slug":"my-tv-online","status":"publish","type":"page","link":"https:\/\/telespecialist.nl\/fr\/my-tv-online\/","title":{"rendered":"My tv online"},"content":{"rendered":"\t\t<div data-elementor-type=\"wp-page\" data-elementor-id=\"2415\" class=\"elementor elementor-2415 elementor-1864\" data-elementor-post-type=\"page\">\n\t\t\t\t\t\t<section class=\"elementor-section elementor-top-section elementor-element elementor-element-966c2e3 elementor-section-boxed elementor-section-height-default elementor-section-height-default\" data-id=\"966c2e3\" data-element_type=\"section\">\n\t\t\t\t\t\t<div class=\"elementor-container elementor-column-gap-default\">\n\t\t\t\t\t<div class=\"elementor-column elementor-col-100 elementor-top-column elementor-element elementor-element-2cf6d38\" data-id=\"2cf6d38\" data-element_type=\"column\">\n\t\t\t<div class=\"elementor-widget-wrap elementor-element-populated\">\n\t\t\t\t\t\t<div class=\"elementor-element elementor-element-f13585a elementor-widget elementor-widget-image\" data-id=\"f13585a\" data-element_type=\"widget\" data-widget_type=\"image.default\">\n\t\t\t\t<div class=\"elementor-widget-container\">\n\t\t\t\t\t\t\t\t\t\t\t\t\t\t\t<img fetchpriority=\"high\" decoding=\"async\" width=\"800\" height=\"450\" src=\"https:\/\/telespecialist.nl\/wp-content\/uploads\/2022\/06\/mytvonline2-1-1-1-1.jpg\" class=\"attachment-large size-large wp-image-2168\" alt=\"\" srcset=\"https:\/\/telespecialist.nl\/wp-content\/uploads\/2022\/06\/mytvonline2-1-1-1-1.jpg 800w, https:\/\/telespecialist.nl\/wp-content\/uploads\/2022\/06\/mytvonline2-1-1-1-1-300x169.jpg 300w, https:\/\/telespecialist.nl\/wp-content\/uploads\/2022\/06\/mytvonline2-1-1-1-1-600x338.jpg 600w, https:\/\/telespecialist.nl\/wp-content\/uploads\/2022\/06\/mytvonline2-1-1-1-1-768x432.jpg 768w\" sizes=\"(max-width: 800px) 100vw, 800px\" \/>\t\t\t\t\t\t\t\t\t\t\t\t\t\t\t<\/div>\n\t\t\t\t<\/div>\n\t\t\t\t<div class=\"elementor-element elementor-element-29a65de elementor-widget elementor-widget-heading\" data-id=\"29a65de\" data-element_type=\"widget\" data-widget_type=\"heading.default\">\n\t\t\t\t<div class=\"elementor-widget-container\">\n\t\t\t\t\t<h2 class=\"elementor-heading-title elementor-size-default\">MyTV en ligne 2<\/h2>\t\t\t\t<\/div>\n\t\t\t\t<\/div>\n\t\t\t\t<div class=\"elementor-element elementor-element-64fa0a1 elementor-widget elementor-widget-heading\" data-id=\"64fa0a1\" data-element_type=\"widget\" data-widget_type=\"heading.default\">\n\t\t\t\t<div class=\"elementor-widget-container\">\n\t\t\t\t\t<h2 class=\"elementor-heading-title elementor-size-default\">Comment activer l'IPTV dans Mytv online 2 ?<\/h2>\t\t\t\t<\/div>\n\t\t\t\t<\/div>\n\t\t\t\t<div class=\"elementor-element elementor-element-a996bda elementor-widget elementor-widget-text-editor\" data-id=\"a996bda\" data-element_type=\"widget\" data-widget_type=\"text-editor.default\">\n\t\t\t\t<div class=\"elementor-widget-container\">\n\t\t\t\t\t\t\t\t\t<p>ans ce tutoriel, nous allons expliquer comment faire fonctionner l&rsquo;IPTV sur votre Formuler. Les bo\u00eetes Formuler utilisent l&rsquo;application Mytv Online (2). Nous expliquons ci-dessous, en quelques \u00e9tapes, comment faire fonctionner cette application.<\/p>\n\t\t\t\t\t\t\t\t<\/div>\n\t\t\t\t<\/div>\n\t\t\t\t<div class=\"elementor-element elementor-element-48e2979 elementor-widget elementor-widget-heading\" data-id=\"48e2979\" data-element_type=\"widget\" data-widget_type=\"heading.default\">\n\t\t\t\t<div class=\"elementor-widget-container\">\n\t\t\t\t\t<h2 class=\"elementor-heading-title elementor-size-default\">\u00c9tape 1 :<\/h2>\t\t\t\t<\/div>\n\t\t\t\t<\/div>\n\t\t\t\t<div class=\"elementor-element elementor-element-7c53d58 elementor-widget elementor-widget-text-editor\" data-id=\"7c53d58\" data-element_type=\"widget\" data-widget_type=\"text-editor.default\">\n\t\t\t\t<div class=\"elementor-widget-container\">\n\t\t\t\t\t\t\t\t\t<p>D\u00e9marrez votre box et ouvrez l&rsquo;application Mytv Online 2 comme indiqu\u00e9 dans l&rsquo;image ci-dessous.<\/p>\n\t\t\t\t\t\t\t\t<\/div>\n\t\t\t\t<\/div>\n\t\t\t\t<div class=\"elementor-element elementor-element-aa36aa6 elementor-widget elementor-widget-image\" data-id=\"aa36aa6\" data-element_type=\"widget\" data-widget_type=\"image.default\">\n\t\t\t\t<div class=\"elementor-widget-container\">\n\t\t\t\t\t\t\t\t\t\t\t\t\t\t\t<img fetchpriority=\"high\" decoding=\"async\" width=\"800\" height=\"450\" src=\"https:\/\/telespecialist.nl\/wp-content\/uploads\/2022\/06\/mytvonline2-1-1-1-1.jpg\" class=\"attachment-large size-large wp-image-2168\" alt=\"\" srcset=\"https:\/\/telespecialist.nl\/wp-content\/uploads\/2022\/06\/mytvonline2-1-1-1-1.jpg 800w, https:\/\/telespecialist.nl\/wp-content\/uploads\/2022\/06\/mytvonline2-1-1-1-1-300x169.jpg 300w, https:\/\/telespecialist.nl\/wp-content\/uploads\/2022\/06\/mytvonline2-1-1-1-1-600x338.jpg 600w, https:\/\/telespecialist.nl\/wp-content\/uploads\/2022\/06\/mytvonline2-1-1-1-1-768x432.jpg 768w\" sizes=\"(max-width: 800px) 100vw, 800px\" \/>\t\t\t\t\t\t\t\t\t\t\t\t\t\t\t<\/div>\n\t\t\t\t<\/div>\n\t\t\t\t<div class=\"elementor-element elementor-element-d99fe39 elementor-widget elementor-widget-heading\" data-id=\"d99fe39\" data-element_type=\"widget\" data-widget_type=\"heading.default\">\n\t\t\t\t<div class=\"elementor-widget-container\">\n\t\t\t\t\t<h2 class=\"elementor-heading-title elementor-size-default\">\u00c9tape 2 :<\/h2>\t\t\t\t<\/div>\n\t\t\t\t<\/div>\n\t\t\t\t<div class=\"elementor-element elementor-element-f31be41 elementor-widget elementor-widget-text-editor\" data-id=\"f31be41\" data-element_type=\"widget\" data-widget_type=\"text-editor.default\">\n\t\t\t\t<div class=\"elementor-widget-container\">\n\t\t\t\t\t\t\t\t\t<section class=\"elementor-section elementor-top-section elementor-element elementor-element-91fbd5c elementor-section-boxed elementor-section-height-default elementor-section-height-default\" data-id=\"91fbd5c\" data-element_type=\"section\">\n<div class=\"elementor-container elementor-column-gap-default\">\n<div class=\"elementor-column elementor-col-100 elementor-top-column elementor-element elementor-element-b219b7b\" data-id=\"b219b7b\" data-element_type=\"column\">\n<div class=\"elementor-widget-wrap elementor-element-populated\">\n<div class=\"elementor-element elementor-element-28f3801 elementor-widget elementor-widget-text-editor\" data-id=\"28f3801\" data-element_type=\"widget\" data-widget_type=\"text-editor.default\">\n<div class=\"elementor-widget-container\">\n<p class=\"has-text-align-center\">En haut \u00e0 droite de l&rsquo;\u00e9cran figure votre adresse Mac, que vous devez fournir \u00e0 votre fournisseur. Ensuite, comme le montre l&rsquo;image ci-dessous, cliquez sur \u00ab\u00a0Ajouter un portail\u00a0\u00bb. Vous recevrez ce portail de votre fournisseur IPTV \u00e0 tout moment. Si vous ne l&rsquo;avez pas encore, veuillez contacter votre fournisseur.<\/p>\n<\/div>\n<\/div>\n<\/div>\n<\/div>\n<\/div>\n<\/section>\n\t\t\t\t\t\t\t\t<\/div>\n\t\t\t\t<\/div>\n\t\t\t\t<div class=\"elementor-element elementor-element-96df9d6 elementor-widget elementor-widget-image\" data-id=\"96df9d6\" data-element_type=\"widget\" data-widget_type=\"image.default\">\n\t\t\t\t<div class=\"elementor-widget-container\">\n\t\t\t\t\t\t\t\t\t\t\t\t\t\t\t<img decoding=\"async\" width=\"800\" height=\"399\" src=\"https:\/\/telespecialist.nl\/wp-content\/uploads\/2022\/06\/mytvonline2-2-1.jpg\" class=\"attachment-large size-large wp-image-2171\" alt=\"\" srcset=\"https:\/\/telespecialist.nl\/wp-content\/uploads\/2022\/06\/mytvonline2-2-1.jpg 800w, https:\/\/telespecialist.nl\/wp-content\/uploads\/2022\/06\/mytvonline2-2-1-300x150.jpg 300w, https:\/\/telespecialist.nl\/wp-content\/uploads\/2022\/06\/mytvonline2-2-1-600x299.jpg 600w, https:\/\/telespecialist.nl\/wp-content\/uploads\/2022\/06\/mytvonline2-2-1-768x383.jpg 768w\" sizes=\"(max-width: 800px) 100vw, 800px\" \/>\t\t\t\t\t\t\t\t\t\t\t\t\t\t\t<\/div>\n\t\t\t\t<\/div>\n\t\t\t\t<div class=\"elementor-element elementor-element-9cbb989 elementor-widget elementor-widget-heading\" data-id=\"9cbb989\" data-element_type=\"widget\" data-widget_type=\"heading.default\">\n\t\t\t\t<div class=\"elementor-widget-container\">\n\t\t\t\t\t<h2 class=\"elementor-heading-title elementor-size-default\">\u00c9tape 3 :<\/h2>\t\t\t\t<\/div>\n\t\t\t\t<\/div>\n\t\t\t\t<div class=\"elementor-element elementor-element-30aa7af elementor-widget elementor-widget-text-editor\" data-id=\"30aa7af\" data-element_type=\"widget\" data-widget_type=\"text-editor.default\">\n\t\t\t\t<div class=\"elementor-widget-container\">\n\t\t\t\t\t\t\t\t\t<p class=\"has-text-align-center\">Dans le champ Nom du portail\/nom du portail, saisissez le nom que vous souhaitez donner \u00e0 votre portail. Dans la case URL du portail, entrez le portail que vous avez re\u00e7u de votre fournisseur IPTV.<\/p>\n<p class=\"has-text-align-center\">Nous laissons la case \u00ab\u00a0Login required ?\u00a0\u00bb vide, sauf indication contraire de votre fournisseur IPTV. Si vous recevez un nom d&rsquo;utilisateur et un mot de passe de votre fournisseur, vous devez cocher cette case. <\/p>\n<p class=\"has-text-align-center\">Vous pouvez laisser le reste comme il est. Une fois que votre fournisseur IPTV a activ\u00e9 votre adresse Mac, vous pouvez appuyer sur \u00ab\u00a0connecter\u00a0\u00bb et vous pourrez regarder toutes vos cha\u00eenes, films et s\u00e9ries !<\/p>\n<p class=\"has-text-align-center\"><em>Vous avez encore des questions apr\u00e8s ce tutoriel ? Envoyez-nous une application, nous serons heureux de vous aider.<\/em><\/p>\n\t\t\t\t\t\t\t\t<\/div>\n\t\t\t\t<\/div>\n\t\t\t\t<div class=\"elementor-element elementor-element-947bbd0 elementor-widget elementor-widget-image\" data-id=\"947bbd0\" data-element_type=\"widget\" data-widget_type=\"image.default\">\n\t\t\t\t<div class=\"elementor-widget-container\">\n\t\t\t\t\t\t\t\t\t\t\t\t\t\t\t<img decoding=\"async\" width=\"800\" height=\"447\" src=\"https:\/\/telespecialist.nl\/wp-content\/uploads\/2022\/06\/mytvonline2-3-1.jpg\" class=\"attachment-large size-large wp-image-2174\" alt=\"\" srcset=\"https:\/\/telespecialist.nl\/wp-content\/uploads\/2022\/06\/mytvonline2-3-1.jpg 800w, https:\/\/telespecialist.nl\/wp-content\/uploads\/2022\/06\/mytvonline2-3-1-300x168.jpg 300w, https:\/\/telespecialist.nl\/wp-content\/uploads\/2022\/06\/mytvonline2-3-1-600x335.jpg 600w, https:\/\/telespecialist.nl\/wp-content\/uploads\/2022\/06\/mytvonline2-3-1-768x429.jpg 768w\" sizes=\"(max-width: 800px) 100vw, 800px\" \/>\t\t\t\t\t\t\t\t\t\t\t\t\t\t\t<\/div>\n\t\t\t\t<\/div>\n\t\t\t\t\t<\/div>\n\t\t<\/div>\n\t\t\t\t\t<\/div>\n\t\t<\/section>\n\t\t\t\t<\/div>\n\t\t","protected":false},"excerpt":{"rendered":"<p>MyTV en ligne 2 Comment activer l&rsquo;IPTV dans Mytv online 2 ? ans ce tutoriel, nous allons expliquer comment faire fonctionner l&rsquo;IPTV sur votre Formuler. Les bo\u00eetes Formuler utilisent l&rsquo;application Mytv Online (2). Nous expliquons ci-dessous, en quelques \u00e9tapes, comment faire fonctionner cette application. \u00c9tape 1 : D\u00e9marrez votre box et ouvrez l&rsquo;application Mytv Online [&hellip;]<\/p>\n","protected":false},"author":1,"featured_media":0,"parent":0,"menu_order":0,"comment_status":"closed","ping_status":"closed","template":"elementor_header_footer","meta":{"ocean_post_layout":"","ocean_both_sidebars_style":"","ocean_both_sidebars_content_width":0,"ocean_both_sidebars_sidebars_width":0,"ocean_sidebar":"","ocean_second_sidebar":"","ocean_disable_margins":"enable","ocean_add_body_class":"","ocean_shortcode_before_top_bar":"","ocean_shortcode_after_top_bar":"","ocean_shortcode_before_header":"","ocean_shortcode_after_header":"","ocean_has_shortcode":"","ocean_shortcode_after_title":"","ocean_shortcode_before_footer_widgets":"","ocean_shortcode_after_footer_widgets":"","ocean_shortcode_before_footer_bottom":"","ocean_shortcode_after_footer_bottom":"","ocean_display_top_bar":"default","ocean_display_header":"default","ocean_header_style":"","ocean_center_header_left_menu":"","ocean_custom_header_template":"","ocean_custom_logo":0,"ocean_custom_retina_logo":0,"ocean_custom_logo_max_width":0,"ocean_custom_logo_tablet_max_width":0,"ocean_custom_logo_mobile_max_width":0,"ocean_custom_logo_max_height":0,"ocean_custom_logo_tablet_max_height":0,"ocean_custom_logo_mobile_max_height":0,"ocean_header_custom_menu":"","ocean_menu_typo_font_family":"","ocean_menu_typo_font_subset":"","ocean_menu_typo_font_size":0,"ocean_menu_typo_font_size_tablet":0,"ocean_menu_typo_font_size_mobile":0,"ocean_menu_typo_font_size_unit":"px","ocean_menu_typo_font_weight":"","ocean_menu_typo_font_weight_tablet":"","ocean_menu_typo_font_weight_mobile":"","ocean_menu_typo_transform":"","ocean_menu_typo_transform_tablet":"","ocean_menu_typo_transform_mobile":"","ocean_menu_typo_line_height":0,"ocean_menu_typo_line_height_tablet":0,"ocean_menu_typo_line_height_mobile":0,"ocean_menu_typo_line_height_unit":"","ocean_menu_typo_spacing":0,"ocean_menu_typo_spacing_tablet":0,"ocean_menu_typo_spacing_mobile":0,"ocean_menu_typo_spacing_unit":"","ocean_menu_link_color":"","ocean_menu_link_color_hover":"","ocean_menu_link_color_active":"","ocean_menu_link_background":"","ocean_menu_link_hover_background":"","ocean_menu_link_active_background":"","ocean_menu_social_links_bg":"","ocean_menu_social_hover_links_bg":"","ocean_menu_social_links_color":"","ocean_menu_social_hover_links_color":"","ocean_disable_title":"default","ocean_disable_heading":"default","ocean_post_title":"","ocean_post_subheading":"","ocean_post_title_style":"","ocean_post_title_background_color":"","ocean_post_title_background":0,"ocean_post_title_bg_image_position":"","ocean_post_title_bg_image_attachment":"","ocean_post_title_bg_image_repeat":"","ocean_post_title_bg_image_size":"","ocean_post_title_height":0,"ocean_post_title_bg_overlay":0.5,"ocean_post_title_bg_overlay_color":"","ocean_disable_breadcrumbs":"default","ocean_breadcrumbs_color":"","ocean_breadcrumbs_separator_color":"","ocean_breadcrumbs_links_color":"","ocean_breadcrumbs_links_hover_color":"","ocean_display_footer_widgets":"default","ocean_display_footer_bottom":"default","ocean_custom_footer_template":"","_joinchat":[],"footnotes":""},"class_list":["post-2415","page","type-page","status-publish","hentry","entry","owp-thumbs-layout-horizontal","owp-btn-normal","owp-tabs-layout-horizontal","has-no-thumbnails","has-product-nav","circle-sale"],"_links":{"self":[{"href":"https:\/\/telespecialist.nl\/fr\/wp-json\/wp\/v2\/pages\/2415","targetHints":{"allow":["GET"]}}],"collection":[{"href":"https:\/\/telespecialist.nl\/fr\/wp-json\/wp\/v2\/pages"}],"about":[{"href":"https:\/\/telespecialist.nl\/fr\/wp-json\/wp\/v2\/types\/page"}],"author":[{"embeddable":true,"href":"https:\/\/telespecialist.nl\/fr\/wp-json\/wp\/v2\/users\/1"}],"replies":[{"embeddable":true,"href":"https:\/\/telespecialist.nl\/fr\/wp-json\/wp\/v2\/comments?post=2415"}],"version-history":[{"count":1,"href":"https:\/\/telespecialist.nl\/fr\/wp-json\/wp\/v2\/pages\/2415\/revisions"}],"predecessor-version":[{"id":2416,"href":"https:\/\/telespecialist.nl\/fr\/wp-json\/wp\/v2\/pages\/2415\/revisions\/2416"}],"wp:attachment":[{"href":"https:\/\/telespecialist.nl\/fr\/wp-json\/wp\/v2\/media?parent=2415"}],"curies":[{"name":"wp","href":"https:\/\/api.w.org\/{rel}","templated":true}]}}