{"id":2409,"date":"2022-06-14T02:29:08","date_gmt":"2022-06-13T15:29:08","guid":{"rendered":"https:\/\/telespecialist.nl\/il-suffit-dinstaller-iptv\/"},"modified":"2023-01-25T00:22:19","modified_gmt":"2023-01-24T13:22:19","slug":"il-suffit-dinstaller-iptv","status":"publish","type":"page","link":"https:\/\/telespecialist.nl\/fr\/il-suffit-dinstaller-iptv\/","title":{"rendered":"Il suffit d&rsquo;installer iptv"},"content":{"rendered":"\t\t<div data-elementor-type=\"wp-page\" data-elementor-id=\"2409\" class=\"elementor elementor-2409 elementor-1833\" data-elementor-post-type=\"page\">\n\t\t\t\t\t\t<section class=\"elementor-section elementor-top-section elementor-element elementor-element-966c2e3 elementor-section-boxed elementor-section-height-default elementor-section-height-default\" data-id=\"966c2e3\" data-element_type=\"section\" data-e-type=\"section\">\n\t\t\t\t\t\t<div class=\"elementor-container elementor-column-gap-default\">\n\t\t\t\t\t<div class=\"elementor-column elementor-col-100 elementor-top-column elementor-element elementor-element-2cf6d38\" data-id=\"2cf6d38\" data-element_type=\"column\" data-e-type=\"column\">\n\t\t\t<div class=\"elementor-widget-wrap elementor-element-populated\">\n\t\t\t\t\t\t<div class=\"elementor-element elementor-element-f13585a elementor-widget elementor-widget-image\" data-id=\"f13585a\" data-element_type=\"widget\" data-e-type=\"widget\" data-widget_type=\"image.default\">\n\t\t\t\t<div class=\"elementor-widget-container\">\n\t\t\t\t\t\t\t\t\t\t\t\t\t\t\t<img fetchpriority=\"high\" decoding=\"async\" width=\"768\" height=\"372\" src=\"https:\/\/telespecialist.nl\/wp-content\/uploads\/2022\/06\/netiptv.jpg\" class=\"attachment-large size-large wp-image-2141\" alt=\"\" srcset=\"https:\/\/telespecialist.nl\/wp-content\/uploads\/2022\/06\/netiptv.jpg 768w, https:\/\/telespecialist.nl\/wp-content\/uploads\/2022\/06\/netiptv-300x145.jpg 300w, https:\/\/telespecialist.nl\/wp-content\/uploads\/2022\/06\/netiptv-600x291.jpg 600w\" sizes=\"(max-width: 768px) 100vw, 768px\" \/>\t\t\t\t\t\t\t\t\t\t\t\t\t\t\t<\/div>\n\t\t\t\t<\/div>\n\t\t\t\t<div class=\"elementor-element elementor-element-29a65de elementor-widget elementor-widget-heading\" data-id=\"29a65de\" data-element_type=\"widget\" data-e-type=\"widget\" data-widget_type=\"heading.default\">\n\t\t\t\t<div class=\"elementor-widget-container\">\n\t\t\t\t\t<h2 class=\"elementor-heading-title elementor-size-default\">Net IPTV<\/h2>\t\t\t\t<\/div>\n\t\t\t\t<\/div>\n\t\t\t\t<div class=\"elementor-element elementor-element-7c53d58 elementor-widget elementor-widget-text-editor\" data-id=\"7c53d58\" data-element_type=\"widget\" data-e-type=\"widget\" data-widget_type=\"text-editor.default\">\n\t\t\t\t<div class=\"elementor-widget-container\">\n\t\t\t\t\t\t\t\t\t<p>Dans ce tutoriel, nous allons vous expliquer la mani\u00e8re la plus simple d&rsquo;installer Net IPTV. Lisez et suivez nos \u00e9tapes pour r\u00e9ussir ce tutoriel.<\/p>\n\t\t\t\t\t\t\t\t<\/div>\n\t\t\t\t<\/div>\n\t\t\t\t<div class=\"elementor-element elementor-element-48e2979 elementor-widget elementor-widget-heading\" data-id=\"48e2979\" data-element_type=\"widget\" data-e-type=\"widget\" data-widget_type=\"heading.default\">\n\t\t\t\t<div class=\"elementor-widget-container\">\n\t\t\t\t\t<h2 class=\"elementor-heading-title elementor-size-default\">\u00c9tape 1 :<\/h2>\t\t\t\t<\/div>\n\t\t\t\t<\/div>\n\t\t\t\t<div class=\"elementor-element elementor-element-aa36aa6 elementor-widget elementor-widget-image\" data-id=\"aa36aa6\" data-element_type=\"widget\" data-e-type=\"widget\" data-widget_type=\"image.default\">\n\t\t\t\t<div class=\"elementor-widget-container\">\n\t\t\t\t\t\t\t\t\t\t\t\t\t\t\t<img decoding=\"async\" width=\"1024\" height=\"576\" src=\"https:\/\/telespecialist.nl\/wp-content\/uploads\/2022\/06\/screen-11-1-1024x576-1-1.jpg\" class=\"attachment-large size-large wp-image-2144\" alt=\"\" srcset=\"https:\/\/telespecialist.nl\/wp-content\/uploads\/2022\/06\/screen-11-1-1024x576-1-1.jpg 1024w, https:\/\/telespecialist.nl\/wp-content\/uploads\/2022\/06\/screen-11-1-1024x576-1-1-300x169.jpg 300w, https:\/\/telespecialist.nl\/wp-content\/uploads\/2022\/06\/screen-11-1-1024x576-1-1-600x338.jpg 600w, https:\/\/telespecialist.nl\/wp-content\/uploads\/2022\/06\/screen-11-1-1024x576-1-1-768x432.jpg 768w, https:\/\/telespecialist.nl\/wp-content\/uploads\/2022\/06\/screen-11-1-1024x576-1-1-800x450.jpg 800w\" sizes=\"(max-width: 1024px) 100vw, 1024px\" \/>\t\t\t\t\t\t\t\t\t\t\t\t\t\t\t<\/div>\n\t\t\t\t<\/div>\n\t\t\t\t<div class=\"elementor-element elementor-element-f31be41 elementor-widget elementor-widget-text-editor\" data-id=\"f31be41\" data-element_type=\"widget\" data-e-type=\"widget\" data-widget_type=\"text-editor.default\">\n\t\t\t\t<div class=\"elementor-widget-container\">\n\t\t\t\t\t\t\t\t\t<section class=\"elementor-section elementor-top-section elementor-element elementor-element-91fbd5c elementor-section-boxed elementor-section-height-default elementor-section-height-default\" data-id=\"91fbd5c\" data-element_type=\"section\">\n<div class=\"elementor-container elementor-column-gap-default\">\n<div class=\"elementor-column elementor-col-100 elementor-top-column elementor-element elementor-element-b219b7b\" data-id=\"b219b7b\" data-element_type=\"column\">\n<div class=\"elementor-widget-wrap elementor-element-populated\">\n<div class=\"elementor-element elementor-element-28f3801 elementor-widget elementor-widget-text-editor\" data-id=\"28f3801\" data-element_type=\"widget\" data-widget_type=\"text-editor.default\">\n<div class=\"elementor-widget-container\">\n<p>T\u00e9l\u00e9chargez Net IPTV sur votre t\u00e9l\u00e9viseur intelligent via votre magasin d&rsquo;applications\/contenu ou sur le site Web de l&rsquo;application.<span style=\"color: #0000ff;\">(<a style=\"color: #0000ff;\" href=\"https:\/\/www.netiptv.eu\/Download\">Cliquez ici<\/a>)<\/span><\/p>\n<\/div>\n<\/div>\n<\/div>\n<\/div>\n<\/div>\n<\/section>\n<section class=\"elementor-section elementor-top-section elementor-element elementor-element-aa5780d elementor-section-boxed elementor-section-height-default elementor-section-height-default\" data-id=\"aa5780d\" data-element_type=\"section\">\n<div class=\"elementor-container elementor-column-gap-default\">\n<div class=\"elementor-column elementor-col-100 elementor-top-column elementor-element elementor-element-a44ee64\" data-id=\"a44ee64\" data-element_type=\"column\">\n<div class=\"elementor-widget-wrap elementor-element-populated\">\n<div class=\"elementor-element elementor-element-0f48a58 elementor-widget elementor-widget-text-editor\" data-id=\"0f48a58\" data-element_type=\"widget\" data-widget_type=\"text-editor.default\">\n<div class=\"elementor-widget-container\">\n<p><em>Si vous avez un t\u00e9l\u00e9viseur Samsung l\u00e9g\u00e8rement plus ancien et que l&rsquo;application ne se trouve pas dans votre magasin de contenu, suivez les instructions suivantes <span style=\"color: #0000ff;\">(<a style=\"color: #0000ff;\" href=\"https:\/\/www.netiptv.eu\/Samsung\">Cliquez ici<\/a>)<\/span><\/em><\/p>\n<\/div>\n<\/div>\n<\/div>\n<\/div>\n<\/div>\n<\/section>\n\t\t\t\t\t\t\t\t<\/div>\n\t\t\t\t<\/div>\n\t\t\t\t<div class=\"elementor-element elementor-element-d99fe39 elementor-widget elementor-widget-heading\" data-id=\"d99fe39\" data-element_type=\"widget\" data-e-type=\"widget\" data-widget_type=\"heading.default\">\n\t\t\t\t<div class=\"elementor-widget-container\">\n\t\t\t\t\t<h2 class=\"elementor-heading-title elementor-size-default\">\u00c9tape 2 :<\/h2>\t\t\t\t<\/div>\n\t\t\t\t<\/div>\n\t\t\t\t<div class=\"elementor-element elementor-element-96df9d6 elementor-widget elementor-widget-image\" data-id=\"96df9d6\" data-element_type=\"widget\" data-e-type=\"widget\" data-widget_type=\"image.default\">\n\t\t\t\t<div class=\"elementor-widget-container\">\n\t\t\t\t\t\t\t\t\t\t\t\t\t\t\t<img decoding=\"async\" width=\"1024\" height=\"576\" src=\"https:\/\/telespecialist.nl\/wp-content\/uploads\/2022\/06\/stap-2-netiptv-1024x576-1.jpg\" class=\"attachment-large size-large wp-image-2147\" alt=\"\" srcset=\"https:\/\/telespecialist.nl\/wp-content\/uploads\/2022\/06\/stap-2-netiptv-1024x576-1.jpg 1024w, https:\/\/telespecialist.nl\/wp-content\/uploads\/2022\/06\/stap-2-netiptv-1024x576-1-300x169.jpg 300w, https:\/\/telespecialist.nl\/wp-content\/uploads\/2022\/06\/stap-2-netiptv-1024x576-1-600x338.jpg 600w, https:\/\/telespecialist.nl\/wp-content\/uploads\/2022\/06\/stap-2-netiptv-1024x576-1-768x432.jpg 768w, https:\/\/telespecialist.nl\/wp-content\/uploads\/2022\/06\/stap-2-netiptv-1024x576-1-800x450.jpg 800w\" sizes=\"(max-width: 1024px) 100vw, 1024px\" \/>\t\t\t\t\t\t\t\t\t\t\t\t\t\t\t<\/div>\n\t\t\t\t<\/div>\n\t\t\t\t<div class=\"elementor-element elementor-element-86a56da elementor-widget elementor-widget-text-editor\" data-id=\"86a56da\" data-element_type=\"widget\" data-e-type=\"widget\" data-widget_type=\"text-editor.default\">\n\t\t\t\t<div class=\"elementor-widget-container\">\n\t\t\t\t\t\t\t\t\t<p>Lorsque vous ouvrez l&rsquo;application, vous voyez l&rsquo;\u00e9cran ci-dessus. Vous y verrez une adresse Mac compos\u00e9e de chiffres et de lettres. Votre appareil poss\u00e8de \u00e9galement un tel code unique. Vous devriez les prendre en charge. Vous pouvez nous transmettre ce code afin que nous l&rsquo;activions pour vous. Si vous voulez le faire vous-m\u00eame, passez \u00e0 l&rsquo;\u00e9tape 3.<\/p>\n\t\t\t\t\t\t\t\t<\/div>\n\t\t\t\t<\/div>\n\t\t\t\t<div class=\"elementor-element elementor-element-9cbb989 elementor-widget elementor-widget-heading\" data-id=\"9cbb989\" data-element_type=\"widget\" data-e-type=\"widget\" data-widget_type=\"heading.default\">\n\t\t\t\t<div class=\"elementor-widget-container\">\n\t\t\t\t\t<h2 class=\"elementor-heading-title elementor-size-default\">\u00c9tape 3 :<\/h2>\t\t\t\t<\/div>\n\t\t\t\t<\/div>\n\t\t\t\t<div class=\"elementor-element elementor-element-947bbd0 elementor-widget elementor-widget-image\" data-id=\"947bbd0\" data-element_type=\"widget\" data-e-type=\"widget\" data-widget_type=\"image.default\">\n\t\t\t\t<div class=\"elementor-widget-container\">\n\t\t\t\t\t\t\t\t\t\t\t\t\t\t\t<img loading=\"lazy\" decoding=\"async\" width=\"585\" height=\"1024\" src=\"https:\/\/telespecialist.nl\/wp-content\/uploads\/2022\/06\/Stap-3-netiptv-1169x2048-1-585x1024.jpg\" class=\"attachment-large size-large wp-image-2150\" alt=\"\" srcset=\"https:\/\/telespecialist.nl\/wp-content\/uploads\/2022\/06\/Stap-3-netiptv-1169x2048-1-585x1024.jpg 585w, https:\/\/telespecialist.nl\/wp-content\/uploads\/2022\/06\/Stap-3-netiptv-1169x2048-1-300x526.jpg 300w, https:\/\/telespecialist.nl\/wp-content\/uploads\/2022\/06\/Stap-3-netiptv-1169x2048-1-600x1051.jpg 600w, https:\/\/telespecialist.nl\/wp-content\/uploads\/2022\/06\/Stap-3-netiptv-1169x2048-1-171x300.jpg 171w, https:\/\/telespecialist.nl\/wp-content\/uploads\/2022\/06\/Stap-3-netiptv-1169x2048-1-768x1345.jpg 768w, https:\/\/telespecialist.nl\/wp-content\/uploads\/2022\/06\/Stap-3-netiptv-1169x2048-1-877x1536.jpg 877w, https:\/\/telespecialist.nl\/wp-content\/uploads\/2022\/06\/Stap-3-netiptv-1169x2048-1.jpg 1169w\" sizes=\"(max-width: 585px) 100vw, 585px\" \/>\t\t\t\t\t\t\t\t\t\t\t\t\t\t\t<\/div>\n\t\t\t\t<\/div>\n\t\t\t\t<div class=\"elementor-element elementor-element-30aa7af elementor-widget elementor-widget-text-editor\" data-id=\"30aa7af\" data-element_type=\"widget\" data-e-type=\"widget\" data-widget_type=\"text-editor.default\">\n\t\t\t\t<div class=\"elementor-widget-container\">\n\t\t\t\t\t\t\t\t\t<p>Vous vous rendez sur le site de Net IPTV avec votre adresse Mac. <span style=\"color: #0000ff;\">(<a style=\"color: #0000ff;\" href=\"https:\/\/www.netiptv.eu\/\" target=\"_blank\" rel=\"noreferrer noopener\">Cliquez ici<\/a>)<\/span>. Vous entrez votre adresse Mac sous la rubrique \u00ab\u00a0Upload m3u\/url\u00a0\u00bb. Ensuite, cochez que vous n&rsquo;\u00eates pas un robot et cliquez sur \u00ab\u00a0Ajouter une liste\u00a0\u00bb.<\/p>\n\t\t\t\t\t\t\t\t<\/div>\n\t\t\t\t<\/div>\n\t\t\t\t<div class=\"elementor-element elementor-element-85f68a4 elementor-widget elementor-widget-heading\" data-id=\"85f68a4\" data-element_type=\"widget\" data-e-type=\"widget\" data-widget_type=\"heading.default\">\n\t\t\t\t<div class=\"elementor-widget-container\">\n\t\t\t\t\t<h2 class=\"elementor-heading-title elementor-size-default\">\u00c9tape 4 :<\/h2>\t\t\t\t<\/div>\n\t\t\t\t<\/div>\n\t\t\t\t<div class=\"elementor-element elementor-element-1ba35ea elementor-widget elementor-widget-image\" data-id=\"1ba35ea\" data-element_type=\"widget\" data-e-type=\"widget\" data-widget_type=\"image.default\">\n\t\t\t\t<div class=\"elementor-widget-container\">\n\t\t\t\t\t\t\t\t\t\t\t\t\t\t\t<img loading=\"lazy\" decoding=\"async\" width=\"610\" height=\"1024\" src=\"https:\/\/telespecialist.nl\/wp-content\/uploads\/2022\/06\/Stap-4-netiptv-915x1536-1-610x1024.jpg\" class=\"attachment-large size-large wp-image-2153\" alt=\"\" srcset=\"https:\/\/telespecialist.nl\/wp-content\/uploads\/2022\/06\/Stap-4-netiptv-915x1536-1-610x1024.jpg 610w, https:\/\/telespecialist.nl\/wp-content\/uploads\/2022\/06\/Stap-4-netiptv-915x1536-1-300x504.jpg 300w, https:\/\/telespecialist.nl\/wp-content\/uploads\/2022\/06\/Stap-4-netiptv-915x1536-1-600x1007.jpg 600w, https:\/\/telespecialist.nl\/wp-content\/uploads\/2022\/06\/Stap-4-netiptv-915x1536-1-179x300.jpg 179w, https:\/\/telespecialist.nl\/wp-content\/uploads\/2022\/06\/Stap-4-netiptv-915x1536-1-768x1289.jpg 768w, https:\/\/telespecialist.nl\/wp-content\/uploads\/2022\/06\/Stap-4-netiptv-915x1536-1.jpg 915w\" sizes=\"(max-width: 610px) 100vw, 610px\" \/>\t\t\t\t\t\t\t\t\t\t\t\t\t\t\t<\/div>\n\t\t\t\t<\/div>\n\t\t\t\t<div class=\"elementor-element elementor-element-20007f7 elementor-widget elementor-widget-text-editor\" data-id=\"20007f7\" data-element_type=\"widget\" data-e-type=\"widget\" data-widget_type=\"text-editor.default\">\n\t\t\t\t<div class=\"elementor-widget-container\">\n\t\t\t\t\t\t\t\t\t<p>L&rsquo;\u00e9cran ci-dessus s&rsquo;affiche alors devant vous. Copiez et collez ici le lien que vous avez re\u00e7u de notre part. Cliquez ensuite sur le bouton vert \u00ab\u00a0Ajouter une liste\u00a0\u00bb. Une fois que vous avez accompli toutes ces \u00e9tapes, vous avez termin\u00e9.<\/p>\n\t\t\t\t\t\t\t\t<\/div>\n\t\t\t\t<\/div>\n\t\t\t\t\t<\/div>\n\t\t<\/div>\n\t\t\t\t\t<\/div>\n\t\t<\/section>\n\t\t\t\t<\/div>\n\t\t","protected":false},"excerpt":{"rendered":"<p>Net IPTV Dans ce tutoriel, nous allons vous expliquer la mani\u00e8re la plus simple d&rsquo;installer Net IPTV. Lisez et suivez nos \u00e9tapes pour r\u00e9ussir ce tutoriel. \u00c9tape 1 : T\u00e9l\u00e9chargez Net IPTV sur votre t\u00e9l\u00e9viseur intelligent via votre magasin d&rsquo;applications\/contenu ou sur le site Web de l&rsquo;application.(Cliquez ici) Si vous avez un t\u00e9l\u00e9viseur Samsung l\u00e9g\u00e8rement [&hellip;]<\/p>\n","protected":false},"author":1,"featured_media":0,"parent":0,"menu_order":0,"comment_status":"closed","ping_status":"closed","template":"elementor_header_footer","meta":{"ocean_post_layout":"","ocean_both_sidebars_style":"","ocean_both_sidebars_content_width":0,"ocean_both_sidebars_sidebars_width":0,"ocean_sidebar":"","ocean_second_sidebar":"","ocean_disable_margins":"enable","ocean_add_body_class":"","ocean_shortcode_before_top_bar":"","ocean_shortcode_after_top_bar":"","ocean_shortcode_before_header":"","ocean_shortcode_after_header":"","ocean_has_shortcode":"","ocean_shortcode_after_title":"","ocean_shortcode_before_footer_widgets":"","ocean_shortcode_after_footer_widgets":"","ocean_shortcode_before_footer_bottom":"","ocean_shortcode_after_footer_bottom":"","ocean_display_top_bar":"default","ocean_display_header":"default","ocean_header_style":"","ocean_center_header_left_menu":"","ocean_custom_header_template":"","ocean_custom_logo":0,"ocean_custom_retina_logo":0,"ocean_custom_logo_max_width":0,"ocean_custom_logo_tablet_max_width":0,"ocean_custom_logo_mobile_max_width":0,"ocean_custom_logo_max_height":0,"ocean_custom_logo_tablet_max_height":0,"ocean_custom_logo_mobile_max_height":0,"ocean_header_custom_menu":"","ocean_menu_typo_font_family":"","ocean_menu_typo_font_subset":"","ocean_menu_typo_font_size":0,"ocean_menu_typo_font_size_tablet":0,"ocean_menu_typo_font_size_mobile":0,"ocean_menu_typo_font_size_unit":"px","ocean_menu_typo_font_weight":"","ocean_menu_typo_font_weight_tablet":"","ocean_menu_typo_font_weight_mobile":"","ocean_menu_typo_transform":"","ocean_menu_typo_transform_tablet":"","ocean_menu_typo_transform_mobile":"","ocean_menu_typo_line_height":0,"ocean_menu_typo_line_height_tablet":0,"ocean_menu_typo_line_height_mobile":0,"ocean_menu_typo_line_height_unit":"","ocean_menu_typo_spacing":0,"ocean_menu_typo_spacing_tablet":0,"ocean_menu_typo_spacing_mobile":0,"ocean_menu_typo_spacing_unit":"","ocean_menu_link_color":"","ocean_menu_link_color_hover":"","ocean_menu_link_color_active":"","ocean_menu_link_background":"","ocean_menu_link_hover_background":"","ocean_menu_link_active_background":"","ocean_menu_social_links_bg":"","ocean_menu_social_hover_links_bg":"","ocean_menu_social_links_color":"","ocean_menu_social_hover_links_color":"","ocean_disable_title":"default","ocean_disable_heading":"default","ocean_post_title":"","ocean_post_subheading":"","ocean_post_title_style":"","ocean_post_title_background_color":"","ocean_post_title_background":0,"ocean_post_title_bg_image_position":"","ocean_post_title_bg_image_attachment":"","ocean_post_title_bg_image_repeat":"","ocean_post_title_bg_image_size":"","ocean_post_title_height":0,"ocean_post_title_bg_overlay":0.5,"ocean_post_title_bg_overlay_color":"","ocean_disable_breadcrumbs":"default","ocean_breadcrumbs_color":"","ocean_breadcrumbs_separator_color":"","ocean_breadcrumbs_links_color":"","ocean_breadcrumbs_links_hover_color":"","ocean_display_footer_widgets":"default","ocean_display_footer_bottom":"default","ocean_custom_footer_template":"","_joinchat":[],"footnotes":""},"class_list":["post-2409","page","type-page","status-publish","hentry","entry","owp-thumbs-layout-horizontal","owp-btn-normal","owp-tabs-layout-horizontal","has-no-thumbnails","has-product-nav","circle-sale"],"_links":{"self":[{"href":"https:\/\/telespecialist.nl\/fr\/wp-json\/wp\/v2\/pages\/2409","targetHints":{"allow":["GET"]}}],"collection":[{"href":"https:\/\/telespecialist.nl\/fr\/wp-json\/wp\/v2\/pages"}],"about":[{"href":"https:\/\/telespecialist.nl\/fr\/wp-json\/wp\/v2\/types\/page"}],"author":[{"embeddable":true,"href":"https:\/\/telespecialist.nl\/fr\/wp-json\/wp\/v2\/users\/1"}],"replies":[{"embeddable":true,"href":"https:\/\/telespecialist.nl\/fr\/wp-json\/wp\/v2\/comments?post=2409"}],"version-history":[{"count":1,"href":"https:\/\/telespecialist.nl\/fr\/wp-json\/wp\/v2\/pages\/2409\/revisions"}],"predecessor-version":[{"id":2410,"href":"https:\/\/telespecialist.nl\/fr\/wp-json\/wp\/v2\/pages\/2409\/revisions\/2410"}],"wp:attachment":[{"href":"https:\/\/telespecialist.nl\/fr\/wp-json\/wp\/v2\/media?parent=2409"}],"curies":[{"name":"wp","href":"https:\/\/api.w.org\/{rel}","templated":true}]}}