{"id":2397,"date":"2022-06-14T00:52:46","date_gmt":"2022-06-13T13:52:46","guid":{"rendered":"https:\/\/telespecialist.nl\/quelle-application-iptv-dois-je-utiliser\/"},"modified":"2023-01-25T00:01:02","modified_gmt":"2023-01-24T13:01:02","slug":"quelle-application-iptv-dois-je-utiliser","status":"publish","type":"page","link":"https:\/\/telespecialist.nl\/fr\/quelle-application-iptv-dois-je-utiliser\/","title":{"rendered":"Quelle application iptv dois-je utiliser ?"},"content":{"rendered":"\t\t<div data-elementor-type=\"wp-page\" data-elementor-id=\"2397\" class=\"elementor elementor-2397 elementor-1819\" data-elementor-post-type=\"page\">\n\t\t\t\t\t\t<section class=\"elementor-section elementor-top-section elementor-element elementor-element-966c2e3 elementor-section-boxed elementor-section-height-default elementor-section-height-default\" data-id=\"966c2e3\" data-element_type=\"section\">\n\t\t\t\t\t\t<div class=\"elementor-container elementor-column-gap-default\">\n\t\t\t\t\t<div class=\"elementor-column elementor-col-100 elementor-top-column elementor-element elementor-element-2cf6d38\" data-id=\"2cf6d38\" data-element_type=\"column\">\n\t\t\t<div class=\"elementor-widget-wrap elementor-element-populated\">\n\t\t\t\t\t\t<div class=\"elementor-element elementor-element-f13585a elementor-widget elementor-widget-image\" data-id=\"f13585a\" data-element_type=\"widget\" data-widget_type=\"image.default\">\n\t\t\t\t<div class=\"elementor-widget-container\">\n\t\t\t\t\t\t\t\t\t\t\t\t\t\t\t<img fetchpriority=\"high\" decoding=\"async\" width=\"686\" height=\"671\" src=\"https:\/\/telespecialist.nl\/wp-content\/uploads\/2022\/06\/1.jpg\" class=\"attachment-large size-large wp-image-2057\" alt=\"\" srcset=\"https:\/\/telespecialist.nl\/wp-content\/uploads\/2022\/06\/1.jpg 686w, https:\/\/telespecialist.nl\/wp-content\/uploads\/2022\/06\/1-300x293.jpg 300w, https:\/\/telespecialist.nl\/wp-content\/uploads\/2022\/06\/1-600x587.jpg 600w\" sizes=\"(max-width: 686px) 100vw, 686px\" \/>\t\t\t\t\t\t\t\t\t\t\t\t\t\t\t<\/div>\n\t\t\t\t<\/div>\n\t\t\t\t<div class=\"elementor-element elementor-element-29a65de elementor-widget elementor-widget-heading\" data-id=\"29a65de\" data-element_type=\"widget\" data-widget_type=\"heading.default\">\n\t\t\t\t<div class=\"elementor-widget-container\">\n\t\t\t\t\t<h2 class=\"elementor-heading-title elementor-size-default\">Quelle application IPTV dois-je utiliser ?<\/h2>\t\t\t\t<\/div>\n\t\t\t\t<\/div>\n\t\t\t\t<div class=\"elementor-element elementor-element-7c53d58 elementor-widget elementor-widget-text-editor\" data-id=\"7c53d58\" data-element_type=\"widget\" data-widget_type=\"text-editor.default\">\n\t\t\t\t<div class=\"elementor-widget-container\">\n\t\t\t\t\t\t\t\t\t<p><em>Nous le savons tous. Vous \u00eates nouveau dans le monde de l&rsquo;IPTV ou vous ne vous souvenez pas vraiment comment tout cela fonctionne. Vous voulez recevoir l&rsquo;IPTV mais par o\u00f9 commencer ? Quelle application dois-je installer ? Ce sont toutes des questions qui nous sont souvent pos\u00e9es. Dans cet article, nous allons vous aider \u00e0 d\u00e9marrer.<\/em><\/p>\n<p><strong>Quel appareil utilisez-vous ?<\/strong><\/p>\n<p>Tout d&rsquo;abord, il est important de savoir\/choisir le dispositif que vous utiliserez pour recevoir la t\u00e9l\u00e9vision sur IP. Cela peut \u00eatre n&rsquo;importe quoi, par exemple :<\/p>\n<ul>\n<li>Smart TV.<\/li>\n<li>T\u00e9l\u00e9phone.<\/li>\n<li>Tablet.<\/li>\n<li>Bo\u00eete\/r\u00e9cepteur.<\/li>\n<li>Ordinateur\/portable.<\/li>\n<\/ul>\n\t\t\t\t\t\t\t\t<\/div>\n\t\t\t\t<\/div>\n\t\t\t\t<div class=\"elementor-element elementor-element-3c91084 elementor-widget elementor-widget-image\" data-id=\"3c91084\" data-element_type=\"widget\" data-widget_type=\"image.default\">\n\t\t\t\t<div class=\"elementor-widget-container\">\n\t\t\t\t\t\t\t\t\t\t\t\t\t\t\t<img decoding=\"async\" width=\"1000\" height=\"142\" src=\"https:\/\/telespecialist.nl\/wp-content\/uploads\/2022\/06\/devices-1.png\" class=\"attachment-large size-large wp-image-2135\" alt=\"\" srcset=\"https:\/\/telespecialist.nl\/wp-content\/uploads\/2022\/06\/devices-1.png 1000w, https:\/\/telespecialist.nl\/wp-content\/uploads\/2022\/06\/devices-1-300x43.png 300w, https:\/\/telespecialist.nl\/wp-content\/uploads\/2022\/06\/devices-1-600x85.png 600w, https:\/\/telespecialist.nl\/wp-content\/uploads\/2022\/06\/devices-1-768x109.png 768w\" sizes=\"(max-width: 1000px) 100vw, 1000px\" \/>\t\t\t\t\t\t\t\t\t\t\t\t\t\t\t<\/div>\n\t\t\t\t<\/div>\n\t\t\t\t<div class=\"elementor-element elementor-element-9ab0dd8 elementor-widget elementor-widget-text-editor\" data-id=\"9ab0dd8\" data-element_type=\"widget\" data-widget_type=\"text-editor.default\">\n\t\t\t\t<div class=\"elementor-widget-container\">\n\t\t\t\t\t\t\t\t\t<p>Tous ces appareils ont des applications diff\u00e9rentes. Nous en avons dress\u00e9 une liste pour vous. Cette liste indique quelle application est la meilleure pour votre appareil :<\/p>\n<p><strong>T\u00e9l\u00e9viseurs intelligents :<\/strong><br \/><strong>Samsung:<\/strong> Pour les t\u00e9l\u00e9viseurs Samsung, nous recommandons toujours Net IPTV ou Smart IPTV (il n&rsquo;est pas disponible sur tous les mod\u00e8les Samsung).<\/p>\n<p><strong>Philips:<\/strong> Pour les t\u00e9l\u00e9viseurs Philips, tout d\u00e9pend s&rsquo;ils fonctionnent sous Android ou non. Pour les t\u00e9l\u00e9viseurs Android, nous recommandons les IPTV smarters Pro. Sinon, nous recommandons Net IPTV, SS IPTV ou Set IPTV.<\/p>\n<p><strong>Sony:<\/strong> Les t\u00e9l\u00e9viseurs Sony fonctionnent g\u00e9n\u00e9ralement sous Android. Vous pouvez donc y t\u00e9l\u00e9charger l&rsquo;application IPTV smarters Pro \/ Flix iptv ou Tivimate.<\/p>\n<p><strong>LG:<\/strong> Pour le LG, nous recommandons les m\u00eames applications que pour les t\u00e9l\u00e9viseurs Samsung. Smart IPTV, Net IPTV ou dans ce cas aussi Duplexplay.<\/p>\n<p><strong>TCL:<\/strong> Les t\u00e9l\u00e9viseurs TCL fonctionnent \u00e9galement sous Android. Vous pouvez \u00e9galement y t\u00e9l\u00e9charger l&rsquo;application IPTV smarters Pro.<\/p>\n<p><strong>T\u00e9l\u00e9phones, tablettes et casiers :<\/strong><br \/>Avec ces appareils, tout d\u00e9pend s&rsquo;ils fonctionnent sous Android ou IOS.<\/p>\n<p>Sur les appareils Android, vous pouvez choisir parmi de nombreuses applications. Nous-m\u00eames choisissons toujours <a href=\"https:\/\/play.google.com\/store\/apps\/details?id=com.nst.iptvsmarterstvbox&amp;gl=NL\"><span style=\"color: #0000ff;\">IPT smarters Pro.<\/span><\/a> Cette application est claire, conviviale, permet de visionner et de montrer des images de films et de s\u00e9ries. Une application \u00e9quivalente est le <a href=\"https:\/\/play.google.com\/store\/apps\/details?id=com.devcoder.iptvxtreamplayer&amp;gl=NL\"><span style=\"color: #0000ff;\">Xtream player app<\/span><\/a>. Si vous souhaitez diffuser depuis votre t\u00e9l\u00e9phone ou votre tablette vers votre t\u00e9l\u00e9viseur, nous vous recommandons de <a href=\"https:\/\/play.google.com\/store\/apps\/details?id=com.gsetech.smartiptv&amp;gl=NL\"><span style=\"color: #0000ff;\">GSE smart IPTV.<\/span><\/a><\/p>\n<p>Sur les appareils Apple (iPhone, iPad ou Apple TV), vous pouvez choisir le lecteur <span style=\"color: #0000ff;\"><a style=\"color: #0000ff;\" href=\"https:\/\/apps.apple.com\/nl\/app\/gse-smart-iptv\/id1028734023\">GSE smart IPTV<\/a><\/span> ou <a href=\"https:\/\/apps.apple.com\/nl\/app\/iptv-smarters-player\/id1383614816\"><span style=\"color: #0000ff;\">IPTV smarters<\/span><\/a> (moins complet que la version Android).<\/p>\n\t\t\t\t\t\t\t\t<\/div>\n\t\t\t\t<\/div>\n\t\t\t\t<div class=\"elementor-element elementor-element-605fad1 elementor-widget elementor-widget-image\" data-id=\"605fad1\" data-element_type=\"widget\" data-widget_type=\"image.default\">\n\t\t\t\t<div class=\"elementor-widget-container\">\n\t\t\t\t\t\t\t\t\t\t\t\t\t\t\t<img decoding=\"async\" width=\"1024\" height=\"217\" src=\"https:\/\/telespecialist.nl\/wp-content\/uploads\/2022\/06\/PicsArt_08-17-09.33.52-1920x407-1-1536x326-1-1024x217.png\" class=\"attachment-large size-large wp-image-2138\" alt=\"\" srcset=\"https:\/\/telespecialist.nl\/wp-content\/uploads\/2022\/06\/PicsArt_08-17-09.33.52-1920x407-1-1536x326-1-1024x217.png 1024w, https:\/\/telespecialist.nl\/wp-content\/uploads\/2022\/06\/PicsArt_08-17-09.33.52-1920x407-1-1536x326-1-300x64.png 300w, https:\/\/telespecialist.nl\/wp-content\/uploads\/2022\/06\/PicsArt_08-17-09.33.52-1920x407-1-1536x326-1-600x127.png 600w, https:\/\/telespecialist.nl\/wp-content\/uploads\/2022\/06\/PicsArt_08-17-09.33.52-1920x407-1-1536x326-1-768x163.png 768w, https:\/\/telespecialist.nl\/wp-content\/uploads\/2022\/06\/PicsArt_08-17-09.33.52-1920x407-1-1536x326-1.png 1536w\" sizes=\"(max-width: 1024px) 100vw, 1024px\" \/>\t\t\t\t\t\t\t\t\t\t\t\t\t\t\t<\/div>\n\t\t\t\t<\/div>\n\t\t\t\t<div class=\"elementor-element elementor-element-98e6edc elementor-widget elementor-widget-text-editor\" data-id=\"98e6edc\" data-element_type=\"widget\" data-widget_type=\"text-editor.default\">\n\t\t\t\t<div class=\"elementor-widget-container\">\n\t\t\t\t\t\t\t\t\t<p><strong>Ordinateur de bureau\/portable :<\/strong><br \/>Pour le PC, vous pouvez opter pour les c\u00f4t\u00e9s, il y a des dizaines d&rsquo;applications. Nous utilisons nous-m\u00eames les applications ci-dessous. Ils peuvent fournir tout ce dont vous avez besoin pour profiter des cha\u00eenes en direct, des films et des s\u00e9ries.<\/p>\n<p style=\"text-align: center;\"><a href=\"https:\/\/www.videolan.org\/vlc\/index.html\"><span style=\"color: #0000ff;\">VLC media player.<\/span><\/a><br \/><a href=\"https:\/\/www.iptvsmarters.com\/\"><span style=\"color: #0000ff;\">IPTV smarters Pro.<\/span><\/a><br \/><a href=\"https:\/\/www.microsoft.com\/en-us\/p\/myiptv-player\/9pjj2nmbf0tr?activetab=pivot:overviewtab\"><span style=\"color: #0000ff;\">My IPTV player.<\/span><\/a><br \/><strong>Apr\u00e8s avoir lu cet article, avez-vous encore des questions sur les applications, les appareils ou l&rsquo;IPTV en g\u00e9n\u00e9ral ? Prenez contact avec nous via le bouton WhatsApp. Nous sommes heureux de vous aider.<\/strong><\/p>\n\t\t\t\t\t\t\t\t<\/div>\n\t\t\t\t<\/div>\n\t\t\t\t\t<\/div>\n\t\t<\/div>\n\t\t\t\t\t<\/div>\n\t\t<\/section>\n\t\t\t\t<\/div>\n\t\t","protected":false},"excerpt":{"rendered":"<p>Quelle application IPTV dois-je utiliser ? Nous le savons tous. Vous \u00eates nouveau dans le monde de l&rsquo;IPTV ou vous ne vous souvenez pas vraiment comment tout cela fonctionne. Vous voulez recevoir l&rsquo;IPTV mais par o\u00f9 commencer ? Quelle application dois-je installer ? Ce sont toutes des questions qui nous sont souvent pos\u00e9es. Dans cet [&hellip;]<\/p>\n","protected":false},"author":1,"featured_media":0,"parent":0,"menu_order":0,"comment_status":"closed","ping_status":"closed","template":"elementor_header_footer","meta":{"ocean_post_layout":"","ocean_both_sidebars_style":"","ocean_both_sidebars_content_width":0,"ocean_both_sidebars_sidebars_width":0,"ocean_sidebar":"","ocean_second_sidebar":"","ocean_disable_margins":"enable","ocean_add_body_class":"","ocean_shortcode_before_top_bar":"","ocean_shortcode_after_top_bar":"","ocean_shortcode_before_header":"","ocean_shortcode_after_header":"","ocean_has_shortcode":"","ocean_shortcode_after_title":"","ocean_shortcode_before_footer_widgets":"","ocean_shortcode_after_footer_widgets":"","ocean_shortcode_before_footer_bottom":"","ocean_shortcode_after_footer_bottom":"","ocean_display_top_bar":"default","ocean_display_header":"default","ocean_header_style":"","ocean_center_header_left_menu":"","ocean_custom_header_template":"","ocean_custom_logo":0,"ocean_custom_retina_logo":0,"ocean_custom_logo_max_width":0,"ocean_custom_logo_tablet_max_width":0,"ocean_custom_logo_mobile_max_width":0,"ocean_custom_logo_max_height":0,"ocean_custom_logo_tablet_max_height":0,"ocean_custom_logo_mobile_max_height":0,"ocean_header_custom_menu":"","ocean_menu_typo_font_family":"","ocean_menu_typo_font_subset":"","ocean_menu_typo_font_size":0,"ocean_menu_typo_font_size_tablet":0,"ocean_menu_typo_font_size_mobile":0,"ocean_menu_typo_font_size_unit":"px","ocean_menu_typo_font_weight":"","ocean_menu_typo_font_weight_tablet":"","ocean_menu_typo_font_weight_mobile":"","ocean_menu_typo_transform":"","ocean_menu_typo_transform_tablet":"","ocean_menu_typo_transform_mobile":"","ocean_menu_typo_line_height":0,"ocean_menu_typo_line_height_tablet":0,"ocean_menu_typo_line_height_mobile":0,"ocean_menu_typo_line_height_unit":"","ocean_menu_typo_spacing":0,"ocean_menu_typo_spacing_tablet":0,"ocean_menu_typo_spacing_mobile":0,"ocean_menu_typo_spacing_unit":"","ocean_menu_link_color":"","ocean_menu_link_color_hover":"","ocean_menu_link_color_active":"","ocean_menu_link_background":"","ocean_menu_link_hover_background":"","ocean_menu_link_active_background":"","ocean_menu_social_links_bg":"","ocean_menu_social_hover_links_bg":"","ocean_menu_social_links_color":"","ocean_menu_social_hover_links_color":"","ocean_disable_title":"default","ocean_disable_heading":"default","ocean_post_title":"","ocean_post_subheading":"","ocean_post_title_style":"","ocean_post_title_background_color":"","ocean_post_title_background":0,"ocean_post_title_bg_image_position":"","ocean_post_title_bg_image_attachment":"","ocean_post_title_bg_image_repeat":"","ocean_post_title_bg_image_size":"","ocean_post_title_height":0,"ocean_post_title_bg_overlay":0.5,"ocean_post_title_bg_overlay_color":"","ocean_disable_breadcrumbs":"default","ocean_breadcrumbs_color":"","ocean_breadcrumbs_separator_color":"","ocean_breadcrumbs_links_color":"","ocean_breadcrumbs_links_hover_color":"","ocean_display_footer_widgets":"default","ocean_display_footer_bottom":"default","ocean_custom_footer_template":"","_joinchat":[],"footnotes":""},"class_list":["post-2397","page","type-page","status-publish","hentry","entry","owp-thumbs-layout-horizontal","owp-btn-normal","owp-tabs-layout-horizontal","has-no-thumbnails","has-product-nav","circle-sale"],"_links":{"self":[{"href":"https:\/\/telespecialist.nl\/fr\/wp-json\/wp\/v2\/pages\/2397","targetHints":{"allow":["GET"]}}],"collection":[{"href":"https:\/\/telespecialist.nl\/fr\/wp-json\/wp\/v2\/pages"}],"about":[{"href":"https:\/\/telespecialist.nl\/fr\/wp-json\/wp\/v2\/types\/page"}],"author":[{"embeddable":true,"href":"https:\/\/telespecialist.nl\/fr\/wp-json\/wp\/v2\/users\/1"}],"replies":[{"embeddable":true,"href":"https:\/\/telespecialist.nl\/fr\/wp-json\/wp\/v2\/comments?post=2397"}],"version-history":[{"count":1,"href":"https:\/\/telespecialist.nl\/fr\/wp-json\/wp\/v2\/pages\/2397\/revisions"}],"predecessor-version":[{"id":2398,"href":"https:\/\/telespecialist.nl\/fr\/wp-json\/wp\/v2\/pages\/2397\/revisions\/2398"}],"wp:attachment":[{"href":"https:\/\/telespecialist.nl\/fr\/wp-json\/wp\/v2\/media?parent=2397"}],"curies":[{"name":"wp","href":"https:\/\/api.w.org\/{rel}","templated":true}]}}