{"id":2376,"date":"2022-05-02T01:28:35","date_gmt":"2022-05-01T14:28:35","guid":{"rendered":"https:\/\/telespecialist.nl\/product\/prixon-p9-1-jahr-iptv\/"},"modified":"2023-01-29T14:57:02","modified_gmt":"2023-01-29T03:57:02","slug":"prixon-p9","status":"publish","type":"product","link":"https:\/\/telespecialist.nl\/de\/produkt\/prixon-p9\/","title":{"rendered":"Prixon P9 + 1 Jahr IPTV"},"content":{"rendered":"<h2><strong>Inhalt der Verpackung<\/strong><\/h2>\n<ul>\n<li>Prixon P9<\/li>\n<li>Fernsteuerung<\/li>\n<li>HDMI-Kabel<\/li>\n<li>Adapter<\/li>\n<li>Batterien<\/li>\n<li>Handbuch<\/li>\n<li>IPTV-Jahrespaket<\/li>\n<\/ul>\n<h2><strong>Spezifikationen<\/strong><\/h2>\n<p>Ausgangsaufl\u00f6sung: Dekodierung der 4K UHD-Aufl\u00f6sung<br \/>\nCPU: CPU \u2013 HISI 3798MV310 Quar-core 64-bit<br \/>\nLeistungsstarker ARM Cortex A53<br \/>\nGPU: 3D GPU &#8211; Ge\u00efntegreerde Hochleistungs-Mehrkernprozessor<br \/>\nCPU Mali-450<br \/>\nRAM: 1 GB DDR<br \/>\nSpeicher: 4 GB eMMC<br \/>\nBetriebssystem: Linux 4.9<\/p>\n<h2><strong>Vernetzung<br \/>\n<span style=\"font-size: 16px;\">Drahtlos: EEE 11.802 4g\/5g.b\/g\/n\/ac,2 Dualband wifi<br \/>\n<\/span><span style=\"font-size: 16px;\">Ethernet: RJ45 Schnittstelle 10M\/100M adaptiv.<\/span><\/strong><\/h2>\n<p>&nbsp;<\/p>\n<h2><strong>Abmessungen<\/strong><\/h2>\n<p>L\u00e4nge: 90 mm<br \/>\nBreite: 90 mm<br \/>\nDicke: 25mm<br \/>\nDie Farbe Schwarz<\/p>\n<h2><strong>Stromanschluss<\/strong><\/h2>\n<p>&nbsp;<\/p>\n<h2><span style=\"font-size: 16px;\">Leistung: 12V\/1A<\/span><\/h2>\n<h2><strong>Software und Betriebssystem<\/strong><\/h2>\n<ul>\n<li>Amlogic Video Engine (AVE) mit speziellen Hardware-Decodern und -Encodern<\/li>\n<li>Unterst\u00fctzt smulti Video Decoder bis zu 4x1080P@60fps<\/li>\n<li>Unterst\u00fctzt mehrere &#8222;sichere&#8220; Videodekodierungssitzungen und gleichzeitige Dekodierung und Kodierung<\/li>\n<li>Video-\/Bilddecodierung<\/li>\n<li>VP9 Profil-2 bis zu 8Kx4K@24 fps<\/li>\n<\/ul>\n<ul>\n<li>AVS2-P2-Profil bis zu 8Kx4K@24 fps<\/li>\n<li>264.H AVC 1.HP@L5 bis zu 4Kx2K@60fps<\/li>\n<li>MPEG-4 ASP@L5 bis zu 1080P@60fps (ISO-14496)<\/li>\n<li>WMV\/VC-1 SP\/MP\/AP bis zu 1080P@60fps<\/li>\n<li>AVS-P16(AVS+)\/AVS-P2 JiZhun-Profil bis zu 1080P@60fps<\/li>\n<li>MPEG-2 MP\/HL bis zu 1080P@60fps (ISO-13818)<\/li>\n<li>MPEG-1 MP\/HL bis zu 1080P@60fps (ISO-11172)<\/li>\n<li>RealVideo 8\/9\/10 bis zu 1080P@60fps<\/li>\n<li>Unterst\u00fctzung f\u00fcr mehrere Sprachen und mehrere Untertitelformate<\/li>\n<li>MJPEG- und JPEG-Dekodierung mit unbegrenzter Pixelaufl\u00f6sung (ISO\/IEC-10918)<\/li>\n<li>Unterst\u00fctzt JPEG-Miniaturansicht, Skalierung, Drehung und \u00dcbergangseffekte<\/li>\n<li>Unterst\u00fctzt *..mkv,*mpg,.wmv,* *mpeg,. *dat,. * avi,. *Bewegung,. *so,. *mp4,. Dateiformate *rm. und *jpg.<\/li>\n<li>Unterst\u00fctzt MP3, AAC, WMA, RM, FLAC, Ogg und programmierbar mit 7.1\/5.1 Downmixing<\/li>\n<li>VAD mit niedrigem Stromverbrauch<\/li>\n<\/ul>\n<ul>\n<li>Eingebauter serieller digitaler Audio-SPDIF\/IEC958-Eingang\/Ausgang und PCM-Eingang\/Ausgang &#8211; 3 eingebaute TDM\/PCM\/I2S-Anschl\u00fcsse mit TDM\/PCM-Modus bis zu 384kHz x 32bits x 16ch oder 96kHz x 32bits x 32ch und I2S-Modus bis zu 384kHz x 32bits x 16ch<\/li>\n<li>Digitaler Mikrofon-PDM-Eingang mit programmierbarem CIC, LPF &amp; HPF, unterst\u00fctzt<\/li>\n<\/ul>\n<p>bis zu 8 DMICs<\/p>\n<ul>\n<li>Integrierter Stereo-Audio-DAC<\/li>\n<li>Unterst\u00fctzt die gleichzeitige Ausgabe von zwei Audiokan\u00e4len in Stereo mit Kombination<\/li>\n<\/ul>\n","protected":false},"excerpt":{"rendered":"<p><strong>Feuer: <\/strong>Prixon<\/p>\n<p>Der Prixon P9 ist der leistungsst\u00e4rkste Linux-Receiver auf dem Markt. Sie wollen einen stabilen Empf\u00e4nger, der seine Aufgabe erf\u00fcllt und blitzschnell reagiert? Dann ist der P9 Ihr neuer IPTV-Receiver!<\/p>\n<p>Damit k\u00f6nnen Sie Ihre Lieblingssender \u00fcber IPTV mit ultimativem Bedienungskomfort ansehen.<br \/>\nDie Steuerung ist sehr einfach, so dass jeder im Haus das Ger\u00e4t benutzen kann.<br \/>\nWechseln Sie m\u00fchelos zwischen Live-TV, VOD und TV-Serien.<\/p>\n<p><strong>Die Dontv-App von Prixon zum Beispiel verwendet:<\/strong><\/p>\n<ul>\n<li>EPG (elektronischer TV-Guide)<\/li>\n<li>CatchUp TV (Zur\u00fcckschauen \u00fcber EPG)<\/li>\n<li>Aufzeichnung und Wiederholung von Sendungen<\/li>\n<li>Hohe Zapping-Rate<\/li>\n<li>VOD\/TV-Serien mit IMDb-Informationen<\/li>\n<\/ul>\n<blockquote><p>Bestellung \u00fcber Whatsapp<\/p><\/blockquote>\n","protected":false},"featured_media":2283,"comment_status":"open","ping_status":"closed","template":"","meta":{"ocean_post_layout":"","ocean_both_sidebars_style":"","ocean_both_sidebars_content_width":0,"ocean_both_sidebars_sidebars_width":0,"ocean_sidebar":"0","ocean_second_sidebar":"0","ocean_disable_margins":"enable","ocean_add_body_class":"","ocean_shortcode_before_top_bar":"","ocean_shortcode_after_top_bar":"","ocean_shortcode_before_header":"","ocean_shortcode_after_header":"","ocean_has_shortcode":"","ocean_shortcode_after_title":"","ocean_shortcode_before_footer_widgets":"","ocean_shortcode_after_footer_widgets":"","ocean_shortcode_before_footer_bottom":"","ocean_shortcode_after_footer_bottom":"","ocean_display_top_bar":"default","ocean_display_header":"default","ocean_header_style":"","ocean_center_header_left_menu":"0","ocean_custom_header_template":"0","ocean_custom_logo":0,"ocean_custom_retina_logo":0,"ocean_custom_logo_max_width":0,"ocean_custom_logo_tablet_max_width":0,"ocean_custom_logo_mobile_max_width":0,"ocean_custom_logo_max_height":0,"ocean_custom_logo_tablet_max_height":0,"ocean_custom_logo_mobile_max_height":0,"ocean_header_custom_menu":"0","ocean_menu_typo_font_family":"0","ocean_menu_typo_font_subset":"","ocean_menu_typo_font_size":0,"ocean_menu_typo_font_size_tablet":0,"ocean_menu_typo_font_size_mobile":0,"ocean_menu_typo_font_size_unit":"px","ocean_menu_typo_font_weight":"","ocean_menu_typo_font_weight_tablet":"","ocean_menu_typo_font_weight_mobile":"","ocean_menu_typo_transform":"","ocean_menu_typo_transform_tablet":"","ocean_menu_typo_transform_mobile":"","ocean_menu_typo_line_height":0,"ocean_menu_typo_line_height_tablet":0,"ocean_menu_typo_line_height_mobile":0,"ocean_menu_typo_line_height_unit":"","ocean_menu_typo_spacing":0,"ocean_menu_typo_spacing_tablet":0,"ocean_menu_typo_spacing_mobile":0,"ocean_menu_typo_spacing_unit":"","ocean_menu_link_color":"","ocean_menu_link_color_hover":"","ocean_menu_link_color_active":"","ocean_menu_link_background":"","ocean_menu_link_hover_background":"","ocean_menu_link_active_background":"","ocean_menu_social_links_bg":"","ocean_menu_social_hover_links_bg":"","ocean_menu_social_links_color":"","ocean_menu_social_hover_links_color":"","ocean_disable_title":"default","ocean_disable_heading":"default","ocean_post_title":"","ocean_post_subheading":"","ocean_post_title_style":"","ocean_post_title_background_color":"","ocean_post_title_background":0,"ocean_post_title_bg_image_position":"","ocean_post_title_bg_image_attachment":"","ocean_post_title_bg_image_repeat":"","ocean_post_title_bg_image_size":"","ocean_post_title_height":0,"ocean_post_title_bg_overlay":0.5,"ocean_post_title_bg_overlay_color":"","ocean_disable_breadcrumbs":"default","ocean_breadcrumbs_color":"","ocean_breadcrumbs_separator_color":"","ocean_breadcrumbs_links_color":"","ocean_breadcrumbs_links_hover_color":"","ocean_display_footer_widgets":"default","ocean_display_footer_bottom":"default","ocean_custom_footer_template":"0","_joinchat":[]},"product_brand":[],"product_cat":[98,100],"product_tag":[],"class_list":{"0":"post-2376","1":"product","2":"type-product","3":"status-publish","4":"has-post-thumbnail","6":"product_cat-kabinett-mit-abonnement","7":"product_cat-prixon-de","9":"entry","10":"has-media","12":"first","13":"instock","14":"shipping-taxable","15":"purchasable","16":"product-type-simple","17":"has-product-nav","18":"col","19":"span_1_of_3","20":"owp-content-center","21":"owp-thumbs-layout-horizontal","22":"owp-btn-normal","23":"owp-tabs-layout-horizontal","25":"circle-sale"},"_links":{"self":[{"href":"https:\/\/telespecialist.nl\/de\/wp-json\/wp\/v2\/product\/2376","targetHints":{"allow":["GET"]}}],"collection":[{"href":"https:\/\/telespecialist.nl\/de\/wp-json\/wp\/v2\/product"}],"about":[{"href":"https:\/\/telespecialist.nl\/de\/wp-json\/wp\/v2\/types\/product"}],"replies":[{"embeddable":true,"href":"https:\/\/telespecialist.nl\/de\/wp-json\/wp\/v2\/comments?post=2376"}],"wp:featuredmedia":[{"embeddable":true,"href":"https:\/\/telespecialist.nl\/de\/wp-json\/wp\/v2\/media\/2283"}],"wp:attachment":[{"href":"https:\/\/telespecialist.nl\/de\/wp-json\/wp\/v2\/media?parent=2376"}],"wp:term":[{"taxonomy":"product_brand","embeddable":true,"href":"https:\/\/telespecialist.nl\/de\/wp-json\/wp\/v2\/product_brand?post=2376"},{"taxonomy":"product_cat","embeddable":true,"href":"https:\/\/telespecialist.nl\/de\/wp-json\/wp\/v2\/product_cat?post=2376"},{"taxonomy":"product_tag","embeddable":true,"href":"https:\/\/telespecialist.nl\/de\/wp-json\/wp\/v2\/product_tag?post=2376"}],"curies":[{"name":"wp","href":"https:\/\/api.w.org\/{rel}","templated":true}]}}