{"id":2375,"date":"2022-05-03T06:07:51","date_gmt":"2022-05-02T19:07:51","guid":{"rendered":"https:\/\/telespecialist.nl\/product\/prixon-venom-5g-1-jahr-iptv\/"},"modified":"2022-05-03T06:07:51","modified_gmt":"2022-05-02T19:07:51","slug":"prixon-venom","status":"publish","type":"product","link":"https:\/\/telespecialist.nl\/de\/produkt\/prixon-venom\/","title":{"rendered":"Prixon Venom 5G + 1 Jahr IPTV"},"content":{"rendered":"<h2><strong>Inhalt der Verpackung<\/strong><\/h2>\n<ul>\n<li>Prixon Venom<\/li>\n<li>Bluetooth-Fernbedienung<\/li>\n<li>Interne Festplatte<\/li>\n<li>HDMI-Kabel<\/li>\n<li>Adapter<\/li>\n<li>Batterien<\/li>\n<li>Handbuch<\/li>\n<li>IPTV-Jahrespaket<\/li>\n<\/ul>\n<h1>Technische Daten<\/h1>\n<h2>Spezifikationen<\/h2>\n<p>Ausgangsaufl\u00f6sung: Dekodierung der 4K UHD-Aufl\u00f6sung<br \/>\nCPU: Quad Core ARM\u00aeCortex\u2122 A55<br \/>\nGPU: G31 MP2-processor<br \/>\nRAM: 2GB DDR3 @750MHz<br \/>\nSpeicher: 16 GB eMMC<br \/>\nBetriebssystem: Android 9<\/p>\n<h2>Vernetzung<\/h2>\n<p>Drahtlos: 2.4G\/5G Dual Wifi<br \/>\nEthernet: RJ45<\/p>\n<h2>Abmessungen<\/h2>\n<p>L\u00e4nge: 107 mm<br \/>\nBreite: 107 mm<br \/>\nDicke: 20mm<br \/>\nDie Farbe Schwarz<\/p>\n<h2>Stromanschluss<\/h2>\n<p>Leistung: 5V\/2A<\/p>\n<h2>Decoder<\/h2>\n<p>Video-Decoder:<br \/>\nUnterst\u00fctzt Multi-Video-Dekodierung bis zu 4x1080P@60fps-Unterst\u00fctzt mehrere &#8222;sichere&#8220; Video-Dekodierungssitzungen und gleichzeitige Dekodierung und Kodierung<br \/>\n&#8211; Video-\/Bilddecodierung<br \/>\n\u2013 VP9 Profile-2 tot 8Kx4K@24 fps<br \/>\n\u2013 H.265 HEVC MP-10@L5.1 tot 8Kx4K@24 fps<br \/>\n\u2013 AVS2-P2 profiel tot 8Kx4K@24 fps<br \/>\n\u2013 H.264 AVC HP@L5.1 tot 4Kx2K@30fps<br \/>\n\u2013 MPEG-4 ASP@L5 tot 1080P@60fps (ISO-14496)<br \/>\n\u2013 WMV\/VC-1 SP\/MP\/AP tot 1080P@60fps<br \/>\n&#8211; AVS-P16(AVS+) \/AVS-P2 JiZhun-Profil bis zu 1080P@60fps<br \/>\n\u2013 MPEG-2 MP\/HL tot 1080P@60fps (ISO-13818)<br \/>\n\u2013 MPEG-1 MP\/HL tot 1080P@60fps (ISO-11172)<br \/>\n&#8211; Echtes Video 8\/9\/10 mit bis zu 1080P@60fps<br \/>\n-Unterst\u00fctzung f\u00fcr mehrere Sprachen und mehrere Untertitelformate<br \/>\n\u2013MJPEG- und JPEG-Dekodierung mit unbegrenzter Pixelaufl\u00f6sung (ISO\/IEC-10918)<br \/>\n\u2013Unterst\u00fctzt JPEG-Miniaturbilder, Skalierungs-, Rotations- und \u00dcbergangseffekte &#8211; Unterst\u00fctzt die Dateiformate *.mkv, *.wmv, *.mpg, *.mpeg, *.dat, *.avi, *.mov, *.iso, *.mp4, *.rm und *.jpg<\/p>\n<p>Audio-Decoder:<br \/>\n&#8211; Unterst\u00fctzt MP3, AAC, WMA, RM, FLAC, Ogg und programmierbar mit 7.1\/5.1 down-mixing<br \/>\n\u2013 VAD mit niedrigem Stromverbrauch<br \/>\n\u2013 Eingebauter serieller digitaler Audio-SPDIF\/IEC958-Eingang\/-Ausgang und PCM-Eingang\/-Ausgang3 eingebaute TDM\/PCM\/I2S-Anschl\u00fcsse mit TDM\/PCM-Modus bis zu 384kHz x 32bits x 16ch oder 96kHz x 32bits x 32ch und I2S-Modus bis zu 384kHz x 32 bits x 16ch<br \/>\n\u2013 Digitaler Mikrofon-PDM-Eingang mit programmierbarem CIC, LPF &amp; HPF, unterst\u00fctzt bis zu 8 DMICs<br \/>\n\u2013 Integrierter Stereo-Audio-DAC<br \/>\n\u2013 Unterst\u00fctzt die gleichzeitige Ausgabe von zwei Audiokan\u00e4len in Stereo mit einer Kombination aus Analog + PCM oder I2S + PCM<\/p>\n","protected":false},"excerpt":{"rendered":"<p><strong>Feuer: <\/strong>Prixon<\/p>\n<p>Wenn es um IPTV geht, ist der Prixon Venom das Beste, was es gibt. Sie sind ein Android-Enthusiast und wollen mehr als nur IPTV und Anwendungen in Bezug auf Technologie? M\u00f6chten Sie selbst Filme auf eine interne Festplatte herunterladen?<\/p>\n<p>Der Venom bietet alles!<\/p>\n<p>Damit k\u00f6nnen Sie Ihre Lieblingssender \u00fcber IPTV mit ultimativem Bedienungskomfort ansehen.<br \/>\nDie Steuerung ist sehr einfach, so dass jeder im Haus das Ger\u00e4t benutzen kann.<br \/>\nWechseln Sie m\u00fchelos zwischen Live-TV, VOD und TV-Serien.<\/p>\n<p><strong>Die Dontv-App von Prixon zum Beispiel verwendet:<\/strong><\/p>\n<ul>\n<li>EPG (elektronischer TV-Guide)<\/li>\n<li>CatchUp TV (Zur\u00fcckschauen \u00fcber EPG)<\/li>\n<li>Aufzeichnung und Wiederholung von Sendungen<\/li>\n<li>Hohe Zapping-Rate<\/li>\n<li>VOD\/TV-Serien mit IMDb-Informationen<\/li>\n<li>Der Venom verf\u00fcgt \u00fcber eine interne Festplatte, auf der Sie ganz einfach Aufnahmen speichern k\u00f6nnen.<\/li>\n<\/ul>\n<blockquote><p>Bestellung \u00fcber Whatsapp<\/p><\/blockquote>\n","protected":false},"featured_media":2286,"comment_status":"open","ping_status":"closed","template":"","meta":{"ocean_post_layout":"","ocean_both_sidebars_style":"","ocean_both_sidebars_content_width":0,"ocean_both_sidebars_sidebars_width":0,"ocean_sidebar":"0","ocean_second_sidebar":"0","ocean_disable_margins":"enable","ocean_add_body_class":"","ocean_shortcode_before_top_bar":"","ocean_shortcode_after_top_bar":"","ocean_shortcode_before_header":"","ocean_shortcode_after_header":"","ocean_has_shortcode":"","ocean_shortcode_after_title":"","ocean_shortcode_before_footer_widgets":"","ocean_shortcode_after_footer_widgets":"","ocean_shortcode_before_footer_bottom":"","ocean_shortcode_after_footer_bottom":"","ocean_display_top_bar":"default","ocean_display_header":"default","ocean_header_style":"","ocean_center_header_left_menu":"0","ocean_custom_header_template":"0","ocean_custom_logo":0,"ocean_custom_retina_logo":0,"ocean_custom_logo_max_width":0,"ocean_custom_logo_tablet_max_width":0,"ocean_custom_logo_mobile_max_width":0,"ocean_custom_logo_max_height":0,"ocean_custom_logo_tablet_max_height":0,"ocean_custom_logo_mobile_max_height":0,"ocean_header_custom_menu":"0","ocean_menu_typo_font_family":"0","ocean_menu_typo_font_subset":"","ocean_menu_typo_font_size":0,"ocean_menu_typo_font_size_tablet":0,"ocean_menu_typo_font_size_mobile":0,"ocean_menu_typo_font_size_unit":"px","ocean_menu_typo_font_weight":"","ocean_menu_typo_font_weight_tablet":"","ocean_menu_typo_font_weight_mobile":"","ocean_menu_typo_transform":"","ocean_menu_typo_transform_tablet":"","ocean_menu_typo_transform_mobile":"","ocean_menu_typo_line_height":0,"ocean_menu_typo_line_height_tablet":0,"ocean_menu_typo_line_height_mobile":0,"ocean_menu_typo_line_height_unit":"","ocean_menu_typo_spacing":0,"ocean_menu_typo_spacing_tablet":0,"ocean_menu_typo_spacing_mobile":0,"ocean_menu_typo_spacing_unit":"","ocean_menu_link_color":"","ocean_menu_link_color_hover":"","ocean_menu_link_color_active":"","ocean_menu_link_background":"","ocean_menu_link_hover_background":"","ocean_menu_link_active_background":"","ocean_menu_social_links_bg":"","ocean_menu_social_hover_links_bg":"","ocean_menu_social_links_color":"","ocean_menu_social_hover_links_color":"","ocean_disable_title":"default","ocean_disable_heading":"default","ocean_post_title":"","ocean_post_subheading":"","ocean_post_title_style":"","ocean_post_title_background_color":"","ocean_post_title_background":0,"ocean_post_title_bg_image_position":"","ocean_post_title_bg_image_attachment":"","ocean_post_title_bg_image_repeat":"","ocean_post_title_bg_image_size":"","ocean_post_title_height":0,"ocean_post_title_bg_overlay":0.5,"ocean_post_title_bg_overlay_color":"","ocean_disable_breadcrumbs":"default","ocean_breadcrumbs_color":"","ocean_breadcrumbs_separator_color":"","ocean_breadcrumbs_links_color":"","ocean_breadcrumbs_links_hover_color":"","ocean_display_footer_widgets":"default","ocean_display_footer_bottom":"default","ocean_custom_footer_template":"0","_joinchat":[]},"product_brand":[],"product_cat":[98,100],"product_tag":[],"class_list":{"0":"post-2375","1":"product","2":"type-product","3":"status-publish","4":"has-post-thumbnail","6":"product_cat-kabinett-mit-abonnement","7":"product_cat-prixon-de","9":"entry","10":"has-media","12":"first","13":"instock","14":"shipping-taxable","15":"purchasable","16":"product-type-simple","17":"has-product-nav","18":"col","19":"span_1_of_3","20":"owp-content-center","21":"owp-thumbs-layout-horizontal","22":"owp-btn-normal","23":"owp-tabs-layout-horizontal","24":"has-no-thumbnails","26":"circle-sale"},"_links":{"self":[{"href":"https:\/\/telespecialist.nl\/de\/wp-json\/wp\/v2\/product\/2375","targetHints":{"allow":["GET"]}}],"collection":[{"href":"https:\/\/telespecialist.nl\/de\/wp-json\/wp\/v2\/product"}],"about":[{"href":"https:\/\/telespecialist.nl\/de\/wp-json\/wp\/v2\/types\/product"}],"replies":[{"embeddable":true,"href":"https:\/\/telespecialist.nl\/de\/wp-json\/wp\/v2\/comments?post=2375"}],"wp:featuredmedia":[{"embeddable":true,"href":"https:\/\/telespecialist.nl\/de\/wp-json\/wp\/v2\/media\/2286"}],"wp:attachment":[{"href":"https:\/\/telespecialist.nl\/de\/wp-json\/wp\/v2\/media?parent=2375"}],"wp:term":[{"taxonomy":"product_brand","embeddable":true,"href":"https:\/\/telespecialist.nl\/de\/wp-json\/wp\/v2\/product_brand?post=2375"},{"taxonomy":"product_cat","embeddable":true,"href":"https:\/\/telespecialist.nl\/de\/wp-json\/wp\/v2\/product_cat?post=2375"},{"taxonomy":"product_tag","embeddable":true,"href":"https:\/\/telespecialist.nl\/de\/wp-json\/wp\/v2\/product_tag?post=2375"}],"curies":[{"name":"wp","href":"https:\/\/api.w.org\/{rel}","templated":true}]}}