{"id":2374,"date":"2022-05-01T06:06:30","date_gmt":"2022-04-30T19:06:30","guid":{"rendered":"https:\/\/telespecialist.nl\/product\/prixon-nitro-1-jahr-iptv\/"},"modified":"2024-12-27T23:49:06","modified_gmt":"2024-12-27T12:49:06","slug":"prixon-nitro","status":"publish","type":"product","link":"https:\/\/telespecialist.nl\/de\/produkt\/prixon-nitro\/","title":{"rendered":"Prixon Nitro + 1 Jahr IPTV"},"content":{"rendered":"<p>Der Nitro + ist das neue Flaggschiff von Prixon.<br \/>\nDer Receiver schafft mit seinen leistungsstarken Spezifikationen einen Durchbruch auf dem Markt.<\/p>\n<p>Der Arbeitsspeicher und der leistungsstarke Prozessor sorgen daf\u00fcr, dass der Nitro+ f\u00fcr alle Ihre Streaming-Abenteuer bereit ist.<\/p>\n<p>Die exklusive Dontv-App vervollst\u00e4ndigt das Prixon Nitro+.<br \/>\nMit dieser App, die es nur bei Prixon gibt, sehen Sie IPTV in einer klaren, sch\u00f6nen und benutzerfreundlichen Oberfl\u00e4che.<br \/>\nSie schlie\u00dfen einfach Ihr TV-Paket an und genie\u00dfen zahlreiche Funktionen.<\/p>\n<p>Prixon hat mit dem Prixon Alpha einen gro\u00dfen Wurf gelandet.<br \/>\nSowohl die technischen Daten als auch die Anschlussm\u00f6glichkeiten sind in Ordnung.<br \/>\nDas gute WiFi-Modul und der Gbit-Lan-Anschluss sorgen daf\u00fcr, dass Sie sowohl kabelgebunden als auch kabellos in h\u00f6chster Qualit\u00e4t streamen k\u00f6nnen.<\/p>\n<h2><strong>IPTV \u00fcber Dontv<\/strong><\/h2>\n<p>Prixon verwendet nat\u00fcrlich die fortschrittlichste IPTV-App; Dontv.<br \/>\nDiese Anwendung wird seit Jahren aktualisiert und wird monatlich aktualisiert.<br \/>\nDamit haben Sie die Garantie, dass Sie die beste App mit den neuesten Funktionen erhalten.<\/p>\n<p>Mit einer glatten und \u00fcbersichtlichen Oberfl\u00e4che nutzen Sie Live-TV, VOD\/TV-Serien und Radio.<br \/>\nDie Zapping-Geschwindigkeit ist sehr schnell, ebenso wie die Vor- und R\u00fccklaufzeit.<\/p>\n<p><strong>Auch die MOL2-App verwendet:<\/strong><\/p>\n<ul>\n<li>Live-TV<\/li>\n<li>VOD\/Serien<\/li>\n<li>EPG (Fernsehzeitschrift)<\/li>\n<li>M3u-Konto und Portalunterst\u00fctzung<\/li>\n<li>Wiederholung von Sendungen \u00fcber EPG (Timeshift \u00fcber die Cloud)<\/li>\n<li>Aufzeichnung auf einer Festplatte<\/li>\n<li>Gleichzeitig fernsehen und aufnehmen<\/li>\n<li>Pause und R\u00fccklauf<\/li>\n<li>Sperren von Kan\u00e4len mit Codesperre und Ausblenden von Kategorien<\/li>\n<\/ul>\n<p>&nbsp;<\/p>\n<p><strong>Kristallklare Bildqualit\u00e4t mit hoher Effizienz<\/strong><\/p>\n<p>Das Z10 Pro Max unterst\u00fctzt eine Bildqualit\u00e4t von bis zu 4K bei 60 FPS.<br \/>\nDie Receiver verwenden lebensechte Farben mit HDR.<\/p>\n<p>Mit dem Nitro+ bietet Prixon als erster Anbieter einen IPTV-Receiver mit der neuen AV1-Effizienz an, die 4K-Qualit\u00e4t besser zug\u00e4nglich macht.<br \/>\nDadurch ben\u00f6tigen Sie weniger Internet und Strom, um 4K-Bilder anzusehen.<\/p>\n<p>F\u00fcr Full HD-Bilder verwendet das Z10 PRO Max die HEVC-Effizienz.<\/p>\n<h2><strong>Inhalt der Verpackung<\/strong><\/h2>\n<ul>\n<li>Prixon Nitro+<\/li>\n<li>Fernsteuerung<\/li>\n<li>HDMI-Kabel<\/li>\n<li>Adapter<\/li>\n<li>Batterien<\/li>\n<li>Handbuch<\/li>\n<\/ul>\n<h1>Technische Daten<\/h1>\n<h2>Spezifikationen<\/h2>\n<p>Ausgangsaufl\u00f6sung: Dekodierung der 4K UHD-Aufl\u00f6sung<br \/>\nCPU: 64-bits quad-core ARM\u00aeCortex\u2122 A55<br \/>\nGPU: G31\u2122 MP2 GPU-processor<br \/>\nRAM: 1GB DDR3 @750MHz<br \/>\nSpeicher: 8 GB eMMC<br \/>\nBetriebssystem: Android 9<\/p>\n<h2>Vernetzung<\/h2>\n<p>Drahtlos: Single-Band 2,4 GHz AC drahtlos<br \/>\nEthernet: RJ45<br \/>\nBluetooth: 4.1<\/p>\n<h2>Abmessungen<\/h2>\n<p>L\u00e4nge: 107 mm<br \/>\nBreite: 107 mm<br \/>\nDicke: 20mm<br \/>\nDie Farbe Schwarz<\/p>\n<h2>Stromanschluss<\/h2>\n<p>Leistung: 5V\/2A<\/p>\n<h2>Decoder<\/h2>\n<p>Video-Decoder<br \/>\n\u2013 Unterst\u00fctzt Multi-Video-Decoder bis zu 4x1080P@60fps<br \/>\n&#8211; Unterst\u00fctzt mehrere &#8222;sichere&#8220; Videodekodierungssitzungen und gleichzeitige Dekodierung und Kodierung<br \/>\n\u2013 Video-\/Bilddecodierung<br \/>\n\u2013 VP9 Profile-2 tot 8Kx4K@24 fps<br \/>\n\u2013 H.265 HEVC MP-10@L5.1 tot 8Kx4K@24 fps<br \/>\n\u2013 AVS2-P2 profiel tot 8Kx4K@24 fps<br \/>\n\u2013 H.264 AVC HP@L5.1 tot 4Kx2K@30fps<br \/>\n\u2013 MPEG-4 ASP@L5 tot 1080P@60fps (ISO-14496)<br \/>\n\u2013 WMV\/VC-1 SP\/MP\/AP tot 1080P@60fps<br \/>\n&#8211; AVS-P16(AVS+) \/AVS-P2 JiZhun-Profil bis zu 1080P@60fps<br \/>\n\u2013 MPEG-2 MP\/HL tot 1080P@60fps (ISO-13818)<br \/>\n\u2013 MPEG-1 MP\/HL tot 1080P@60fps (ISO-11172)<br \/>\n&#8211; RealVideo 8\/9\/10 bis zu 1080P@60fps<br \/>\n&#8211; Unterst\u00fctzung f\u00fcr mehrere Sprachen und mehrere Videoformate mit Untertiteln<br \/>\n\u2013 MJPEG- und JPEG-Dekodierung mit unbegrenzter Pixelaufl\u00f6sung (ISO\/IEC-10918)<br \/>\n&#8211; Unterst\u00fctzt JPEG-Miniaturansicht, Skalierung, Drehung und \u00dcbergangseffekte<br \/>\n\u2013 Unterst\u00fctzt die Dateiformate *.mkv,*.wmv,*.mpg, *.mpeg, *.dat, *.avi, *.mov, *.iso, *.mp4, *.rm und *.jpg<\/p>\n<p>Audio-Decoder<br \/>\n\u2013 Unterst\u00fctzt MP3, AAC, WMA, RM, FLAC, Ogg und programmierbar mit 7.1\/5.1 down-mixing<br \/>\n\u2013 VAD mit niedrigem Stromverbrauch<br \/>\n\u2013 Integrierter serieller digitaler Audio-SPDIF\/IEC958-Eingang\/-Ausgang und PCM-Eingang\/-Ausgang<br \/>\n\u2013 3 eingebaute TDM\/PCM\/I2S-Ports mit TDM\/PCM-Modus bis zu 384kHz x 32bits x 16ch oder 96kHz x 32bits x 32ch und I2S-Modus bis zu 384kHz x 32bits x 16ch<br \/>\n\u2013 Digitaler Mikrofon-PDM-Eingang mit programmierbarem CIC, LPF &amp; HPF, unterst\u00fctzt bis zu 8 DMICs<br \/>\n\u2013 Integrierter Stereo-Audio-DAC<br \/>\n\u2013 Unterst\u00fctzt die gleichzeitige Ausgabe von zwei Audiokan\u00e4len in Stereo mit einer Kombination aus Analog+PCM oder I2S+PCM<\/p>\n","protected":false},"excerpt":{"rendered":"<p><strong>Feuer: <\/strong>Prixon<\/p>\n<p>Der Prixon Alpha verwendet die leistungsstarke Dontv-App.<\/p>\n<p>Damit k\u00f6nnen Sie Ihre Lieblingssender \u00fcber IPTV mit ultimativem Bedienungskomfort ansehen.<br \/>\nDie Steuerung ist sehr einfach, so dass jeder im Haus das Ger\u00e4t benutzen kann.<br \/>\nWechseln Sie m\u00fchelos zwischen Live-TV, VOD und TV-Serien.<\/p>\n<p>Dabei sieht die Oberfl\u00e4che sehr modern aus, und mit ihren zahlreichen Funktionen fehlt es an nichts.<\/p>\n<p><strong>Die Dontv-App von Prixon zum Beispiel verwendet:<\/strong><\/p>\n<ul>\n<li>EPG (elektronischer TV-Guide)<\/li>\n<li>CatchUp TV (Zur\u00fcckschauen \u00fcber EPG)<\/li>\n<li>Aufzeichnung und Wiederholung von Sendungen<\/li>\n<li>Hohe Zapping-Rate<\/li>\n<li>VOD\/TV-Serien mit IMDb-Informationen<\/li>\n<\/ul>\n<p>Dar\u00fcber hinaus verf\u00fcgt der Prixon Alpha \u00fcber eine ergonomische IR-Fernbedienung, mit der sich diese Funktionen problemlos steuern lassen.<\/p>\n<blockquote><p>Bestellung \u00fcber Whatsapp<\/p><\/blockquote>\n<div class=\"woocommerce-tabs wc-tabs-wrapper\">\n<div id=\"tab-description\" class=\"woocommerce-Tabs-panel woocommerce-Tabs-panel--description panel entry-content wc-tab\" role=\"tabpanel\" aria-labelledby=\"tab-title-description\">\n<p>&nbsp;<\/p>\n<\/div>\n<\/div>\n","protected":false},"featured_media":2295,"comment_status":"open","ping_status":"closed","template":"","meta":{"ocean_post_layout":"","ocean_both_sidebars_style":"","ocean_both_sidebars_content_width":0,"ocean_both_sidebars_sidebars_width":0,"ocean_sidebar":"0","ocean_second_sidebar":"0","ocean_disable_margins":"enable","ocean_add_body_class":"","ocean_shortcode_before_top_bar":"","ocean_shortcode_after_top_bar":"","ocean_shortcode_before_header":"","ocean_shortcode_after_header":"","ocean_has_shortcode":"","ocean_shortcode_after_title":"","ocean_shortcode_before_footer_widgets":"","ocean_shortcode_after_footer_widgets":"","ocean_shortcode_before_footer_bottom":"","ocean_shortcode_after_footer_bottom":"","ocean_display_top_bar":"default","ocean_display_header":"default","ocean_header_style":"","ocean_center_header_left_menu":"0","ocean_custom_header_template":"0","ocean_custom_logo":0,"ocean_custom_retina_logo":0,"ocean_custom_logo_max_width":0,"ocean_custom_logo_tablet_max_width":0,"ocean_custom_logo_mobile_max_width":0,"ocean_custom_logo_max_height":0,"ocean_custom_logo_tablet_max_height":0,"ocean_custom_logo_mobile_max_height":0,"ocean_header_custom_menu":"0","ocean_menu_typo_font_family":"0","ocean_menu_typo_font_subset":"","ocean_menu_typo_font_size":0,"ocean_menu_typo_font_size_tablet":0,"ocean_menu_typo_font_size_mobile":0,"ocean_menu_typo_font_size_unit":"px","ocean_menu_typo_font_weight":"","ocean_menu_typo_font_weight_tablet":"","ocean_menu_typo_font_weight_mobile":"","ocean_menu_typo_transform":"","ocean_menu_typo_transform_tablet":"","ocean_menu_typo_transform_mobile":"","ocean_menu_typo_line_height":0,"ocean_menu_typo_line_height_tablet":0,"ocean_menu_typo_line_height_mobile":0,"ocean_menu_typo_line_height_unit":"","ocean_menu_typo_spacing":0,"ocean_menu_typo_spacing_tablet":0,"ocean_menu_typo_spacing_mobile":0,"ocean_menu_typo_spacing_unit":"","ocean_menu_link_color":"","ocean_menu_link_color_hover":"","ocean_menu_link_color_active":"","ocean_menu_link_background":"","ocean_menu_link_hover_background":"","ocean_menu_link_active_background":"","ocean_menu_social_links_bg":"","ocean_menu_social_hover_links_bg":"","ocean_menu_social_links_color":"","ocean_menu_social_hover_links_color":"","ocean_disable_title":"default","ocean_disable_heading":"default","ocean_post_title":"","ocean_post_subheading":"","ocean_post_title_style":"","ocean_post_title_background_color":"","ocean_post_title_background":0,"ocean_post_title_bg_image_position":"","ocean_post_title_bg_image_attachment":"","ocean_post_title_bg_image_repeat":"","ocean_post_title_bg_image_size":"","ocean_post_title_height":0,"ocean_post_title_bg_overlay":0.5,"ocean_post_title_bg_overlay_color":"","ocean_disable_breadcrumbs":"default","ocean_breadcrumbs_color":"","ocean_breadcrumbs_separator_color":"","ocean_breadcrumbs_links_color":"","ocean_breadcrumbs_links_hover_color":"","ocean_display_footer_widgets":"default","ocean_display_footer_bottom":"default","ocean_custom_footer_template":"0","_joinchat":[]},"product_brand":[],"product_cat":[98,100],"product_tag":[],"class_list":{"0":"post-2374","1":"product","2":"type-product","3":"status-publish","4":"has-post-thumbnail","6":"product_cat-kabinett-mit-abonnement","7":"product_cat-prixon-de","9":"entry","10":"has-media","12":"first","13":"instock","14":"shipping-taxable","15":"purchasable","16":"product-type-simple","17":"has-product-nav","18":"col","19":"span_1_of_3","20":"owp-content-center","21":"owp-thumbs-layout-horizontal","22":"owp-btn-normal","23":"owp-tabs-layout-horizontal","25":"circle-sale"},"_links":{"self":[{"href":"https:\/\/telespecialist.nl\/de\/wp-json\/wp\/v2\/product\/2374","targetHints":{"allow":["GET"]}}],"collection":[{"href":"https:\/\/telespecialist.nl\/de\/wp-json\/wp\/v2\/product"}],"about":[{"href":"https:\/\/telespecialist.nl\/de\/wp-json\/wp\/v2\/types\/product"}],"replies":[{"embeddable":true,"href":"https:\/\/telespecialist.nl\/de\/wp-json\/wp\/v2\/comments?post=2374"}],"wp:featuredmedia":[{"embeddable":true,"href":"https:\/\/telespecialist.nl\/de\/wp-json\/wp\/v2\/media\/2295"}],"wp:attachment":[{"href":"https:\/\/telespecialist.nl\/de\/wp-json\/wp\/v2\/media?parent=2374"}],"wp:term":[{"taxonomy":"product_brand","embeddable":true,"href":"https:\/\/telespecialist.nl\/de\/wp-json\/wp\/v2\/product_brand?post=2374"},{"taxonomy":"product_cat","embeddable":true,"href":"https:\/\/telespecialist.nl\/de\/wp-json\/wp\/v2\/product_cat?post=2374"},{"taxonomy":"product_tag","embeddable":true,"href":"https:\/\/telespecialist.nl\/de\/wp-json\/wp\/v2\/product_tag?post=2374"}],"curies":[{"name":"wp","href":"https:\/\/api.w.org\/{rel}","templated":true}]}}