{"id":2370,"date":"2022-06-04T06:16:47","date_gmt":"2022-06-03T19:16:47","guid":{"rendered":"https:\/\/telespecialist.nl\/product\/1-jahr\/"},"modified":"2022-06-04T06:16:47","modified_gmt":"2022-06-03T19:16:47","slug":"1-jahr","status":"publish","type":"product","link":"https:\/\/telespecialist.nl\/de\/produkt\/1-jahr\/","title":{"rendered":"1 Jahr"},"content":{"rendered":"<p>Nach der Aktivierung k\u00f6nnen Sie sofort fernsehen. Mit unserem IPTV-Service haben Sie alles unter einem Dach! TV, Filme, Dokumentarfilme und Serien. Unser IPTV-Paket bietet \u00fcber 277.000 internationale Kan\u00e4le, Kinofilme und die neuesten Netflix\/HBO\/Amazon prime\/Disney &amp; Videoland Filme und Serien.<\/p>\n","protected":false},"excerpt":{"rendered":"<p>Nach der Aktivierung k\u00f6nnen Sie sofort fernsehen. Mit unserem IPTV-Service haben Sie alles unter einem Dach! TV, Filme, Dokumentarfilme und Serien. Unser IPTV-Paket bietet \u00fcber 277.000 internationale Kan\u00e4le, Kinofilme und die neuesten Netflix\/HBO\/Amazon prime\/Disney &amp; Videoland Filme und Serien.<\/p>\n<p>Dieses Premium-Paket bietet au\u00dferdem niederl\u00e4ndische 24\/7-Kan\u00e4le, einen separaten Formel-1-Ordner mit allen wichtigen Formel-1-Kan\u00e4len sowie niederl\u00e4ndische Serien und Filme von Videoland.<\/p>\n<p>IPTV funktioniert vollst\u00e4ndig \u00fcber das Internet. Sie k\u00f6nnen Ihr mobiles Internet oder Wi-Fi nutzen, um problemlos perfektes Fernsehen zu sehen. Sie brauchen also keine Sch\u00fcsseln oder Antennen.<\/p>\n<p>Wir bieten:<br \/>\n\u2022 Kostenlose Installationshilfe.<br \/>\n\u2022 Innerhalb von Minuten aktiv.<br \/>\n\u2022 FULL HD, HD und 4K Bildqualit\u00e4t.<br \/>\n\u2022 Tiefstpreisgarantie<br \/>\n\u2022 100% Garantie auf Ihr IPTV-Paket.<br \/>\n\u2022 Stabiler und schneller Server.<br \/>\n\u2022 Streaming ohne lange Pufferzeiten.<br \/>\n\u2022 Formel 1-Kan\u00e4le.<\/p>\n<p>Unser IPTV ist mit jedem Ger\u00e4t und jeder App kompatibel.<\/p>\n<p><strong>Marke: &#8230;&#8230;&#8230;..<\/strong><\/p>\n<blockquote><p>Bestellung \u00fcber Whatsapp<\/p><\/blockquote>\n","protected":false},"featured_media":2115,"comment_status":"open","ping_status":"closed","template":"","meta":{"ocean_post_layout":"","ocean_both_sidebars_style":"","ocean_both_sidebars_content_width":0,"ocean_both_sidebars_sidebars_width":0,"ocean_sidebar":"0","ocean_second_sidebar":"0","ocean_disable_margins":"enable","ocean_add_body_class":"","ocean_shortcode_before_top_bar":"","ocean_shortcode_after_top_bar":"","ocean_shortcode_before_header":"","ocean_shortcode_after_header":"","ocean_has_shortcode":"","ocean_shortcode_after_title":"","ocean_shortcode_before_footer_widgets":"","ocean_shortcode_after_footer_widgets":"","ocean_shortcode_before_footer_bottom":"","ocean_shortcode_after_footer_bottom":"","ocean_display_top_bar":"default","ocean_display_header":"default","ocean_header_style":"","ocean_center_header_left_menu":"0","ocean_custom_header_template":"0","ocean_custom_logo":0,"ocean_custom_retina_logo":0,"ocean_custom_logo_max_width":0,"ocean_custom_logo_tablet_max_width":0,"ocean_custom_logo_mobile_max_width":0,"ocean_custom_logo_max_height":0,"ocean_custom_logo_tablet_max_height":0,"ocean_custom_logo_mobile_max_height":0,"ocean_header_custom_menu":"0","ocean_menu_typo_font_family":"0","ocean_menu_typo_font_subset":"","ocean_menu_typo_font_size":0,"ocean_menu_typo_font_size_tablet":0,"ocean_menu_typo_font_size_mobile":0,"ocean_menu_typo_font_size_unit":"px","ocean_menu_typo_font_weight":"","ocean_menu_typo_font_weight_tablet":"","ocean_menu_typo_font_weight_mobile":"","ocean_menu_typo_transform":"","ocean_menu_typo_transform_tablet":"","ocean_menu_typo_transform_mobile":"","ocean_menu_typo_line_height":0,"ocean_menu_typo_line_height_tablet":0,"ocean_menu_typo_line_height_mobile":0,"ocean_menu_typo_line_height_unit":"","ocean_menu_typo_spacing":0,"ocean_menu_typo_spacing_tablet":0,"ocean_menu_typo_spacing_mobile":0,"ocean_menu_typo_spacing_unit":"","ocean_menu_link_color":"","ocean_menu_link_color_hover":"","ocean_menu_link_color_active":"","ocean_menu_link_background":"","ocean_menu_link_hover_background":"","ocean_menu_link_active_background":"","ocean_menu_social_links_bg":"","ocean_menu_social_hover_links_bg":"","ocean_menu_social_links_color":"","ocean_menu_social_hover_links_color":"","ocean_disable_title":"default","ocean_disable_heading":"default","ocean_post_title":"","ocean_post_subheading":"","ocean_post_title_style":"","ocean_post_title_background_color":"","ocean_post_title_background":0,"ocean_post_title_bg_image_position":"","ocean_post_title_bg_image_attachment":"","ocean_post_title_bg_image_repeat":"","ocean_post_title_bg_image_size":"","ocean_post_title_height":0,"ocean_post_title_bg_overlay":0.5,"ocean_post_title_bg_overlay_color":"","ocean_disable_breadcrumbs":"default","ocean_breadcrumbs_color":"","ocean_breadcrumbs_separator_color":"","ocean_breadcrumbs_links_color":"","ocean_breadcrumbs_links_hover_color":"","ocean_display_footer_widgets":"default","ocean_display_footer_bottom":"default","ocean_custom_footer_template":"0","_joinchat":[]},"product_brand":[],"product_cat":[99],"product_tag":[],"class_list":{"0":"post-2370","1":"product","2":"type-product","3":"status-publish","4":"has-post-thumbnail","6":"product_cat-abbonement-de","8":"entry","9":"has-media","11":"first","12":"instock","13":"shipping-taxable","14":"purchasable","15":"product-type-simple","16":"has-product-nav","17":"col","18":"span_1_of_3","19":"owp-content-center","20":"owp-thumbs-layout-horizontal","21":"owp-btn-normal","22":"owp-tabs-layout-horizontal","23":"has-no-thumbnails","25":"circle-sale"},"_links":{"self":[{"href":"https:\/\/telespecialist.nl\/de\/wp-json\/wp\/v2\/product\/2370","targetHints":{"allow":["GET"]}}],"collection":[{"href":"https:\/\/telespecialist.nl\/de\/wp-json\/wp\/v2\/product"}],"about":[{"href":"https:\/\/telespecialist.nl\/de\/wp-json\/wp\/v2\/types\/product"}],"replies":[{"embeddable":true,"href":"https:\/\/telespecialist.nl\/de\/wp-json\/wp\/v2\/comments?post=2370"}],"wp:featuredmedia":[{"embeddable":true,"href":"https:\/\/telespecialist.nl\/de\/wp-json\/wp\/v2\/media\/2115"}],"wp:attachment":[{"href":"https:\/\/telespecialist.nl\/de\/wp-json\/wp\/v2\/media?parent=2370"}],"wp:term":[{"taxonomy":"product_brand","embeddable":true,"href":"https:\/\/telespecialist.nl\/de\/wp-json\/wp\/v2\/product_brand?post=2370"},{"taxonomy":"product_cat","embeddable":true,"href":"https:\/\/telespecialist.nl\/de\/wp-json\/wp\/v2\/product_cat?post=2370"},{"taxonomy":"product_tag","embeddable":true,"href":"https:\/\/telespecialist.nl\/de\/wp-json\/wp\/v2\/product_tag?post=2370"}],"curies":[{"name":"wp","href":"https:\/\/api.w.org\/{rel}","templated":true}]}}