{"id":2366,"date":"2022-09-25T10:55:42","date_gmt":"2022-09-24T23:55:42","guid":{"rendered":"https:\/\/telespecialist.nl\/product\/formuler-gtv-1-jahr-iptv\/"},"modified":"2022-09-25T10:55:42","modified_gmt":"2022-09-24T23:55:42","slug":"formuler-gtv-1-jahr-iptv","status":"publish","type":"product","link":"https:\/\/telespecialist.nl\/de\/produkt\/formuler-gtv-1-jahr-iptv\/","title":{"rendered":"Formuler GTV + 1 Jahr IPTV"},"content":{"rendered":"","protected":false},"excerpt":{"rendered":"<p>\u2022 Beinhaltet 1 Jahr IPTV<br \/>\n\u2022 Plug and Play<\/p>\n<p>Der neueste Empf\u00e4nger von Formuler ist der Formuler GTV. Dieses Ger\u00e4t vereint Ihre Lieblingsfilme, -serien, -spiele und andere Formen der Unterhaltung in einem Ger\u00e4t. Der Formuler GTV verwendet die bekannte Anwendung MyTVOnline2, um all diese Medien bequem zu verwalten. Mit 2048 MB (2 GB) Arbeitsspeicher und einem Amlogic AML S905X2-Prozessor k\u00f6nnte dies der bisher schnellste Formuler-Empf\u00e4nger sein. Mit dieser Hardware ist der Formuler nat\u00fcrlich mehr als f\u00e4hig, 4K UHD-Fernsehen mit 60 FPS zu zeigen. Der Formuler GTV ist mit dem Betriebssystem Android 9 ausgestattet.<\/p>\n","protected":false},"featured_media":2262,"comment_status":"open","ping_status":"closed","template":"","meta":{"ocean_post_layout":"","ocean_both_sidebars_style":"","ocean_both_sidebars_content_width":0,"ocean_both_sidebars_sidebars_width":0,"ocean_sidebar":"0","ocean_second_sidebar":"0","ocean_disable_margins":"enable","ocean_add_body_class":"","ocean_shortcode_before_top_bar":"","ocean_shortcode_after_top_bar":"","ocean_shortcode_before_header":"","ocean_shortcode_after_header":"","ocean_has_shortcode":"","ocean_shortcode_after_title":"","ocean_shortcode_before_footer_widgets":"","ocean_shortcode_after_footer_widgets":"","ocean_shortcode_before_footer_bottom":"","ocean_shortcode_after_footer_bottom":"","ocean_display_top_bar":"default","ocean_display_header":"default","ocean_header_style":"","ocean_center_header_left_menu":"0","ocean_custom_header_template":"0","ocean_custom_logo":0,"ocean_custom_retina_logo":0,"ocean_custom_logo_max_width":0,"ocean_custom_logo_tablet_max_width":0,"ocean_custom_logo_mobile_max_width":0,"ocean_custom_logo_max_height":0,"ocean_custom_logo_tablet_max_height":0,"ocean_custom_logo_mobile_max_height":0,"ocean_header_custom_menu":"0","ocean_menu_typo_font_family":"0","ocean_menu_typo_font_subset":"","ocean_menu_typo_font_size":0,"ocean_menu_typo_font_size_tablet":0,"ocean_menu_typo_font_size_mobile":0,"ocean_menu_typo_font_size_unit":"px","ocean_menu_typo_font_weight":"","ocean_menu_typo_font_weight_tablet":"","ocean_menu_typo_font_weight_mobile":"","ocean_menu_typo_transform":"","ocean_menu_typo_transform_tablet":"","ocean_menu_typo_transform_mobile":"","ocean_menu_typo_line_height":0,"ocean_menu_typo_line_height_tablet":0,"ocean_menu_typo_line_height_mobile":0,"ocean_menu_typo_line_height_unit":"","ocean_menu_typo_spacing":0,"ocean_menu_typo_spacing_tablet":0,"ocean_menu_typo_spacing_mobile":0,"ocean_menu_typo_spacing_unit":"","ocean_menu_link_color":"","ocean_menu_link_color_hover":"","ocean_menu_link_color_active":"","ocean_menu_link_background":"","ocean_menu_link_hover_background":"","ocean_menu_link_active_background":"","ocean_menu_social_links_bg":"","ocean_menu_social_hover_links_bg":"","ocean_menu_social_links_color":"","ocean_menu_social_hover_links_color":"","ocean_disable_title":"default","ocean_disable_heading":"default","ocean_post_title":"","ocean_post_subheading":"","ocean_post_title_style":"","ocean_post_title_background_color":"","ocean_post_title_background":0,"ocean_post_title_bg_image_position":"","ocean_post_title_bg_image_attachment":"","ocean_post_title_bg_image_repeat":"","ocean_post_title_bg_image_size":"","ocean_post_title_height":0,"ocean_post_title_bg_overlay":0.5,"ocean_post_title_bg_overlay_color":"","ocean_disable_breadcrumbs":"default","ocean_breadcrumbs_color":"","ocean_breadcrumbs_separator_color":"","ocean_breadcrumbs_links_color":"","ocean_breadcrumbs_links_hover_color":"","ocean_display_footer_widgets":"default","ocean_display_footer_bottom":"default","ocean_custom_footer_template":"0","_joinchat":[]},"product_brand":[],"product_cat":[97,98],"product_tag":[],"class_list":{"0":"post-2366","1":"product","2":"type-product","3":"status-publish","4":"has-post-thumbnail","6":"product_cat-formulierer","7":"product_cat-kabinett-mit-abonnement","9":"entry","10":"has-media","12":"first","13":"instock","14":"shipping-taxable","15":"purchasable","16":"product-type-simple","17":"has-product-nav","18":"col","19":"span_1_of_3","20":"owp-content-center","21":"owp-thumbs-layout-horizontal","22":"owp-btn-normal","23":"owp-tabs-layout-horizontal","24":"has-no-thumbnails","26":"circle-sale"},"_links":{"self":[{"href":"https:\/\/telespecialist.nl\/de\/wp-json\/wp\/v2\/product\/2366","targetHints":{"allow":["GET"]}}],"collection":[{"href":"https:\/\/telespecialist.nl\/de\/wp-json\/wp\/v2\/product"}],"about":[{"href":"https:\/\/telespecialist.nl\/de\/wp-json\/wp\/v2\/types\/product"}],"replies":[{"embeddable":true,"href":"https:\/\/telespecialist.nl\/de\/wp-json\/wp\/v2\/comments?post=2366"}],"wp:featuredmedia":[{"embeddable":true,"href":"https:\/\/telespecialist.nl\/de\/wp-json\/wp\/v2\/media\/2262"}],"wp:attachment":[{"href":"https:\/\/telespecialist.nl\/de\/wp-json\/wp\/v2\/media?parent=2366"}],"wp:term":[{"taxonomy":"product_brand","embeddable":true,"href":"https:\/\/telespecialist.nl\/de\/wp-json\/wp\/v2\/product_brand?post=2366"},{"taxonomy":"product_cat","embeddable":true,"href":"https:\/\/telespecialist.nl\/de\/wp-json\/wp\/v2\/product_cat?post=2366"},{"taxonomy":"product_tag","embeddable":true,"href":"https:\/\/telespecialist.nl\/de\/wp-json\/wp\/v2\/product_tag?post=2366"}],"curies":[{"name":"wp","href":"https:\/\/api.w.org\/{rel}","templated":true}]}}