{"id":2417,"date":"2022-06-14T02:57:04","date_gmt":"2022-06-13T15:57:04","guid":{"rendered":"https:\/\/telespecialist.nl\/my-tv-online\/"},"modified":"2023-01-25T00:32:35","modified_gmt":"2023-01-24T13:32:35","slug":"my-tv-online","status":"publish","type":"page","link":"https:\/\/telespecialist.nl\/de\/my-tv-online\/","title":{"rendered":"My tv online"},"content":{"rendered":"\t\t<div data-elementor-type=\"wp-page\" data-elementor-id=\"2417\" class=\"elementor elementor-2417 elementor-1864\" data-elementor-post-type=\"page\">\n\t\t\t\t\t\t<section class=\"elementor-section elementor-top-section elementor-element elementor-element-966c2e3 elementor-section-boxed elementor-section-height-default elementor-section-height-default\" data-id=\"966c2e3\" data-element_type=\"section\">\n\t\t\t\t\t\t<div class=\"elementor-container elementor-column-gap-default\">\n\t\t\t\t\t<div class=\"elementor-column elementor-col-100 elementor-top-column elementor-element elementor-element-2cf6d38\" data-id=\"2cf6d38\" data-element_type=\"column\">\n\t\t\t<div class=\"elementor-widget-wrap elementor-element-populated\">\n\t\t\t\t\t\t<div class=\"elementor-element elementor-element-f13585a elementor-widget elementor-widget-image\" data-id=\"f13585a\" data-element_type=\"widget\" data-widget_type=\"image.default\">\n\t\t\t\t<div class=\"elementor-widget-container\">\n\t\t\t\t\t\t\t\t\t\t\t\t\t\t\t<img fetchpriority=\"high\" decoding=\"async\" width=\"800\" height=\"450\" src=\"https:\/\/telespecialist.nl\/wp-content\/uploads\/2022\/06\/mytvonline2-1-1-1-1.jpg\" class=\"attachment-large size-large wp-image-2169\" alt=\"\" srcset=\"https:\/\/telespecialist.nl\/wp-content\/uploads\/2022\/06\/mytvonline2-1-1-1-1.jpg 800w, https:\/\/telespecialist.nl\/wp-content\/uploads\/2022\/06\/mytvonline2-1-1-1-1-300x169.jpg 300w, https:\/\/telespecialist.nl\/wp-content\/uploads\/2022\/06\/mytvonline2-1-1-1-1-600x338.jpg 600w, https:\/\/telespecialist.nl\/wp-content\/uploads\/2022\/06\/mytvonline2-1-1-1-1-768x432.jpg 768w\" sizes=\"(max-width: 800px) 100vw, 800px\" \/>\t\t\t\t\t\t\t\t\t\t\t\t\t\t\t<\/div>\n\t\t\t\t<\/div>\n\t\t\t\t<div class=\"elementor-element elementor-element-29a65de elementor-widget elementor-widget-heading\" data-id=\"29a65de\" data-element_type=\"widget\" data-widget_type=\"heading.default\">\n\t\t\t\t<div class=\"elementor-widget-container\">\n\t\t\t\t\t<h2 class=\"elementor-heading-title elementor-size-default\">MyTV online 2<\/h2>\t\t\t\t<\/div>\n\t\t\t\t<\/div>\n\t\t\t\t<div class=\"elementor-element elementor-element-64fa0a1 elementor-widget elementor-widget-heading\" data-id=\"64fa0a1\" data-element_type=\"widget\" data-widget_type=\"heading.default\">\n\t\t\t\t<div class=\"elementor-widget-container\">\n\t\t\t\t\t<h2 class=\"elementor-heading-title elementor-size-default\">Wie kann ich IPTV in Mytv online 2 aktivieren?<\/h2>\t\t\t\t<\/div>\n\t\t\t\t<\/div>\n\t\t\t\t<div class=\"elementor-element elementor-element-a996bda elementor-widget elementor-widget-text-editor\" data-id=\"a996bda\" data-element_type=\"widget\" data-widget_type=\"text-editor.default\">\n\t\t\t\t<div class=\"elementor-widget-container\">\n\t\t\t\t\t\t\t\t\t<p>n diesem Tutorial wird erkl\u00e4rt, wie Sie IPTV auf Ihrem Formuler zum Laufen bringen. Die Formuler-Boxen verwenden die App Mytv Online (2). Im Folgenden erkl\u00e4ren wir in wenigen Schritten, wie Sie diese App zum Laufen bringen.<\/p>\n\t\t\t\t\t\t\t\t<\/div>\n\t\t\t\t<\/div>\n\t\t\t\t<div class=\"elementor-element elementor-element-48e2979 elementor-widget elementor-widget-heading\" data-id=\"48e2979\" data-element_type=\"widget\" data-widget_type=\"heading.default\">\n\t\t\t\t<div class=\"elementor-widget-container\">\n\t\t\t\t\t<h2 class=\"elementor-heading-title elementor-size-default\">Schritt 1:<\/h2>\t\t\t\t<\/div>\n\t\t\t\t<\/div>\n\t\t\t\t<div class=\"elementor-element elementor-element-7c53d58 elementor-widget elementor-widget-text-editor\" data-id=\"7c53d58\" data-element_type=\"widget\" data-widget_type=\"text-editor.default\">\n\t\t\t\t<div class=\"elementor-widget-container\">\n\t\t\t\t\t\t\t\t\t<p>Starten Sie Ihr Ger\u00e4t und \u00f6ffnen Sie die Mytv Online 2-App wie in der Abbildung unten dargestellt.<\/p>\n\t\t\t\t\t\t\t\t<\/div>\n\t\t\t\t<\/div>\n\t\t\t\t<div class=\"elementor-element elementor-element-aa36aa6 elementor-widget elementor-widget-image\" data-id=\"aa36aa6\" data-element_type=\"widget\" data-widget_type=\"image.default\">\n\t\t\t\t<div class=\"elementor-widget-container\">\n\t\t\t\t\t\t\t\t\t\t\t\t\t\t\t<img fetchpriority=\"high\" decoding=\"async\" width=\"800\" height=\"450\" src=\"https:\/\/telespecialist.nl\/wp-content\/uploads\/2022\/06\/mytvonline2-1-1-1-1.jpg\" class=\"attachment-large size-large wp-image-2169\" alt=\"\" srcset=\"https:\/\/telespecialist.nl\/wp-content\/uploads\/2022\/06\/mytvonline2-1-1-1-1.jpg 800w, https:\/\/telespecialist.nl\/wp-content\/uploads\/2022\/06\/mytvonline2-1-1-1-1-300x169.jpg 300w, https:\/\/telespecialist.nl\/wp-content\/uploads\/2022\/06\/mytvonline2-1-1-1-1-600x338.jpg 600w, https:\/\/telespecialist.nl\/wp-content\/uploads\/2022\/06\/mytvonline2-1-1-1-1-768x432.jpg 768w\" sizes=\"(max-width: 800px) 100vw, 800px\" \/>\t\t\t\t\t\t\t\t\t\t\t\t\t\t\t<\/div>\n\t\t\t\t<\/div>\n\t\t\t\t<div class=\"elementor-element elementor-element-d99fe39 elementor-widget elementor-widget-heading\" data-id=\"d99fe39\" data-element_type=\"widget\" data-widget_type=\"heading.default\">\n\t\t\t\t<div class=\"elementor-widget-container\">\n\t\t\t\t\t<h2 class=\"elementor-heading-title elementor-size-default\">Schritt 2:<\/h2>\t\t\t\t<\/div>\n\t\t\t\t<\/div>\n\t\t\t\t<div class=\"elementor-element elementor-element-f31be41 elementor-widget elementor-widget-text-editor\" data-id=\"f31be41\" data-element_type=\"widget\" data-widget_type=\"text-editor.default\">\n\t\t\t\t<div class=\"elementor-widget-container\">\n\t\t\t\t\t\t\t\t\t<section class=\"elementor-section elementor-top-section elementor-element elementor-element-91fbd5c elementor-section-boxed elementor-section-height-default elementor-section-height-default\" data-id=\"91fbd5c\" data-element_type=\"section\">\n<div class=\"elementor-container elementor-column-gap-default\">\n<div class=\"elementor-column elementor-col-100 elementor-top-column elementor-element elementor-element-b219b7b\" data-id=\"b219b7b\" data-element_type=\"column\">\n<div class=\"elementor-widget-wrap elementor-element-populated\">\n<div class=\"elementor-element elementor-element-28f3801 elementor-widget elementor-widget-text-editor\" data-id=\"28f3801\" data-element_type=\"widget\" data-widget_type=\"text-editor.default\">\n<div class=\"elementor-widget-container\">\n<p class=\"has-text-align-center\">Oben rechts auf dem Bildschirm wird Ihre Mac-Adresse angezeigt, die Sie Ihrem Provider mitteilen m\u00fcssen. Klicken Sie dann, wie in der Abbildung unten dargestellt, auf &#8222;Portal hinzuf\u00fcgen&#8220;. Sie erhalten dieses Portal immer von Ihrem IPTV-Anbieter. Wenn Sie es noch nicht haben, wenden Sie sich bitte an Ihren Anbieter.<\/p>\n<\/div>\n<\/div>\n<\/div>\n<\/div>\n<\/div>\n<\/section>\n\t\t\t\t\t\t\t\t<\/div>\n\t\t\t\t<\/div>\n\t\t\t\t<div class=\"elementor-element elementor-element-96df9d6 elementor-widget elementor-widget-image\" data-id=\"96df9d6\" data-element_type=\"widget\" data-widget_type=\"image.default\">\n\t\t\t\t<div class=\"elementor-widget-container\">\n\t\t\t\t\t\t\t\t\t\t\t\t\t\t\t<img decoding=\"async\" width=\"800\" height=\"399\" src=\"https:\/\/telespecialist.nl\/wp-content\/uploads\/2022\/06\/mytvonline2-2-1.jpg\" class=\"attachment-large size-large wp-image-2172\" alt=\"\" srcset=\"https:\/\/telespecialist.nl\/wp-content\/uploads\/2022\/06\/mytvonline2-2-1.jpg 800w, https:\/\/telespecialist.nl\/wp-content\/uploads\/2022\/06\/mytvonline2-2-1-300x150.jpg 300w, https:\/\/telespecialist.nl\/wp-content\/uploads\/2022\/06\/mytvonline2-2-1-600x299.jpg 600w, https:\/\/telespecialist.nl\/wp-content\/uploads\/2022\/06\/mytvonline2-2-1-768x383.jpg 768w\" sizes=\"(max-width: 800px) 100vw, 800px\" \/>\t\t\t\t\t\t\t\t\t\t\t\t\t\t\t<\/div>\n\t\t\t\t<\/div>\n\t\t\t\t<div class=\"elementor-element elementor-element-9cbb989 elementor-widget elementor-widget-heading\" data-id=\"9cbb989\" data-element_type=\"widget\" data-widget_type=\"heading.default\">\n\t\t\t\t<div class=\"elementor-widget-container\">\n\t\t\t\t\t<h2 class=\"elementor-heading-title elementor-size-default\">Schritt 3:<\/h2>\t\t\t\t<\/div>\n\t\t\t\t<\/div>\n\t\t\t\t<div class=\"elementor-element elementor-element-30aa7af elementor-widget elementor-widget-text-editor\" data-id=\"30aa7af\" data-element_type=\"widget\" data-widget_type=\"text-editor.default\">\n\t\t\t\t<div class=\"elementor-widget-container\">\n\t\t\t\t\t\t\t\t\t<p class=\"has-text-align-center\">Geben Sie in das Feld Portal-Nickname\/ Portal-Nickname einen Namen ein, den Sie Ihrem Portal geben m\u00f6chten. Geben Sie in das Feld Portal-URL das Portal ein, das Sie von Ihrem IPTV-Anbieter erhalten haben.<\/p>\n<p class=\"has-text-align-center\">Wir lassen das Feld &#8222;Anmeldung erforderlich?&#8220; leer, sofern Ihr IPTV-Anbieter nichts anderes angibt. Wenn Sie von Ihrem Provider einen Benutzernamen und ein Passwort erhalten, m\u00fcssen Sie dieses Feld ankreuzen. <\/p>\n<p class=\"has-text-align-center\">Den Rest k\u00f6nnen Sie so lassen, wie er ist. Sobald Ihr IPTV-Anbieter Ihre Mac-Adresse aktiviert hat, k\u00f6nnen Sie auf &#8222;Verbinden&#8220; dr\u00fccken und alle Ihre Kan\u00e4le, Filme und Serien sehen!<\/p>\n<p class=\"has-text-align-center\"><em>Haben Sie nach diesem Tutorial noch Fragen? Schicken Sie uns eine App, wir helfen Ihnen gerne weiter.<\/em><\/p>\n\t\t\t\t\t\t\t\t<\/div>\n\t\t\t\t<\/div>\n\t\t\t\t<div class=\"elementor-element elementor-element-947bbd0 elementor-widget elementor-widget-image\" data-id=\"947bbd0\" data-element_type=\"widget\" data-widget_type=\"image.default\">\n\t\t\t\t<div class=\"elementor-widget-container\">\n\t\t\t\t\t\t\t\t\t\t\t\t\t\t\t<img decoding=\"async\" width=\"800\" height=\"447\" src=\"https:\/\/telespecialist.nl\/wp-content\/uploads\/2022\/06\/mytvonline2-3-1.jpg\" class=\"attachment-large size-large wp-image-2175\" alt=\"\" srcset=\"https:\/\/telespecialist.nl\/wp-content\/uploads\/2022\/06\/mytvonline2-3-1.jpg 800w, https:\/\/telespecialist.nl\/wp-content\/uploads\/2022\/06\/mytvonline2-3-1-300x168.jpg 300w, https:\/\/telespecialist.nl\/wp-content\/uploads\/2022\/06\/mytvonline2-3-1-600x335.jpg 600w, https:\/\/telespecialist.nl\/wp-content\/uploads\/2022\/06\/mytvonline2-3-1-768x429.jpg 768w\" sizes=\"(max-width: 800px) 100vw, 800px\" \/>\t\t\t\t\t\t\t\t\t\t\t\t\t\t\t<\/div>\n\t\t\t\t<\/div>\n\t\t\t\t\t<\/div>\n\t\t<\/div>\n\t\t\t\t\t<\/div>\n\t\t<\/section>\n\t\t\t\t<\/div>\n\t\t","protected":false},"excerpt":{"rendered":"<p>MyTV online 2 Wie kann ich IPTV in Mytv online 2 aktivieren? n diesem Tutorial wird erkl\u00e4rt, wie Sie IPTV auf Ihrem Formuler zum Laufen bringen. Die Formuler-Boxen verwenden die App Mytv Online (2). Im Folgenden erkl\u00e4ren wir in wenigen Schritten, wie Sie diese App zum Laufen bringen. Schritt 1: Starten Sie Ihr Ger\u00e4t und [&hellip;]<\/p>\n","protected":false},"author":1,"featured_media":0,"parent":0,"menu_order":0,"comment_status":"closed","ping_status":"closed","template":"elementor_header_footer","meta":{"ocean_post_layout":"","ocean_both_sidebars_style":"","ocean_both_sidebars_content_width":0,"ocean_both_sidebars_sidebars_width":0,"ocean_sidebar":"","ocean_second_sidebar":"","ocean_disable_margins":"enable","ocean_add_body_class":"","ocean_shortcode_before_top_bar":"","ocean_shortcode_after_top_bar":"","ocean_shortcode_before_header":"","ocean_shortcode_after_header":"","ocean_has_shortcode":"","ocean_shortcode_after_title":"","ocean_shortcode_before_footer_widgets":"","ocean_shortcode_after_footer_widgets":"","ocean_shortcode_before_footer_bottom":"","ocean_shortcode_after_footer_bottom":"","ocean_display_top_bar":"default","ocean_display_header":"default","ocean_header_style":"","ocean_center_header_left_menu":"","ocean_custom_header_template":"","ocean_custom_logo":0,"ocean_custom_retina_logo":0,"ocean_custom_logo_max_width":0,"ocean_custom_logo_tablet_max_width":0,"ocean_custom_logo_mobile_max_width":0,"ocean_custom_logo_max_height":0,"ocean_custom_logo_tablet_max_height":0,"ocean_custom_logo_mobile_max_height":0,"ocean_header_custom_menu":"","ocean_menu_typo_font_family":"","ocean_menu_typo_font_subset":"","ocean_menu_typo_font_size":0,"ocean_menu_typo_font_size_tablet":0,"ocean_menu_typo_font_size_mobile":0,"ocean_menu_typo_font_size_unit":"px","ocean_menu_typo_font_weight":"","ocean_menu_typo_font_weight_tablet":"","ocean_menu_typo_font_weight_mobile":"","ocean_menu_typo_transform":"","ocean_menu_typo_transform_tablet":"","ocean_menu_typo_transform_mobile":"","ocean_menu_typo_line_height":0,"ocean_menu_typo_line_height_tablet":0,"ocean_menu_typo_line_height_mobile":0,"ocean_menu_typo_line_height_unit":"","ocean_menu_typo_spacing":0,"ocean_menu_typo_spacing_tablet":0,"ocean_menu_typo_spacing_mobile":0,"ocean_menu_typo_spacing_unit":"","ocean_menu_link_color":"","ocean_menu_link_color_hover":"","ocean_menu_link_color_active":"","ocean_menu_link_background":"","ocean_menu_link_hover_background":"","ocean_menu_link_active_background":"","ocean_menu_social_links_bg":"","ocean_menu_social_hover_links_bg":"","ocean_menu_social_links_color":"","ocean_menu_social_hover_links_color":"","ocean_disable_title":"default","ocean_disable_heading":"default","ocean_post_title":"","ocean_post_subheading":"","ocean_post_title_style":"","ocean_post_title_background_color":"","ocean_post_title_background":0,"ocean_post_title_bg_image_position":"","ocean_post_title_bg_image_attachment":"","ocean_post_title_bg_image_repeat":"","ocean_post_title_bg_image_size":"","ocean_post_title_height":0,"ocean_post_title_bg_overlay":0.5,"ocean_post_title_bg_overlay_color":"","ocean_disable_breadcrumbs":"default","ocean_breadcrumbs_color":"","ocean_breadcrumbs_separator_color":"","ocean_breadcrumbs_links_color":"","ocean_breadcrumbs_links_hover_color":"","ocean_display_footer_widgets":"default","ocean_display_footer_bottom":"default","ocean_custom_footer_template":"","_joinchat":[],"footnotes":""},"class_list":["post-2417","page","type-page","status-publish","hentry","entry","owp-thumbs-layout-horizontal","owp-btn-normal","owp-tabs-layout-horizontal","has-no-thumbnails","has-product-nav","circle-sale"],"_links":{"self":[{"href":"https:\/\/telespecialist.nl\/de\/wp-json\/wp\/v2\/pages\/2417","targetHints":{"allow":["GET"]}}],"collection":[{"href":"https:\/\/telespecialist.nl\/de\/wp-json\/wp\/v2\/pages"}],"about":[{"href":"https:\/\/telespecialist.nl\/de\/wp-json\/wp\/v2\/types\/page"}],"author":[{"embeddable":true,"href":"https:\/\/telespecialist.nl\/de\/wp-json\/wp\/v2\/users\/1"}],"replies":[{"embeddable":true,"href":"https:\/\/telespecialist.nl\/de\/wp-json\/wp\/v2\/comments?post=2417"}],"version-history":[{"count":1,"href":"https:\/\/telespecialist.nl\/de\/wp-json\/wp\/v2\/pages\/2417\/revisions"}],"predecessor-version":[{"id":2418,"href":"https:\/\/telespecialist.nl\/de\/wp-json\/wp\/v2\/pages\/2417\/revisions\/2418"}],"wp:attachment":[{"href":"https:\/\/telespecialist.nl\/de\/wp-json\/wp\/v2\/media?parent=2417"}],"curies":[{"name":"wp","href":"https:\/\/api.w.org\/{rel}","templated":true}]}}