{"id":2405,"date":"2022-06-14T02:49:18","date_gmt":"2022-06-13T15:49:18","guid":{"rendered":"https:\/\/telespecialist.nl\/smart-iptv\/"},"modified":"2023-01-25T00:16:38","modified_gmt":"2023-01-24T13:16:38","slug":"smart-iptv","status":"publish","type":"page","link":"https:\/\/telespecialist.nl\/de\/smart-iptv\/","title":{"rendered":"Smart iptv"},"content":{"rendered":"\t\t<div data-elementor-type=\"wp-page\" data-elementor-id=\"2405\" class=\"elementor elementor-2405 elementor-1849\" data-elementor-post-type=\"page\">\n\t\t\t\t\t\t<section class=\"elementor-section elementor-top-section elementor-element elementor-element-966c2e3 elementor-section-boxed elementor-section-height-default elementor-section-height-default\" data-id=\"966c2e3\" data-element_type=\"section\">\n\t\t\t\t\t\t<div class=\"elementor-container elementor-column-gap-default\">\n\t\t\t\t\t<div class=\"elementor-column elementor-col-100 elementor-top-column elementor-element elementor-element-2cf6d38\" data-id=\"2cf6d38\" data-element_type=\"column\">\n\t\t\t<div class=\"elementor-widget-wrap elementor-element-populated\">\n\t\t\t\t\t\t<div class=\"elementor-element elementor-element-f13585a elementor-widget elementor-widget-image\" data-id=\"f13585a\" data-element_type=\"widget\" data-widget_type=\"image.default\">\n\t\t\t\t<div class=\"elementor-widget-container\">\n\t\t\t\t\t\t\t\t\t\t\t\t\t\t\t<img fetchpriority=\"high\" decoding=\"async\" width=\"800\" height=\"462\" src=\"https:\/\/telespecialist.nl\/wp-content\/uploads\/2022\/06\/1-2-1.jpg\" class=\"attachment-large size-large wp-image-2157\" alt=\"\" srcset=\"https:\/\/telespecialist.nl\/wp-content\/uploads\/2022\/06\/1-2-1.jpg 800w, https:\/\/telespecialist.nl\/wp-content\/uploads\/2022\/06\/1-2-1-300x173.jpg 300w, https:\/\/telespecialist.nl\/wp-content\/uploads\/2022\/06\/1-2-1-600x347.jpg 600w, https:\/\/telespecialist.nl\/wp-content\/uploads\/2022\/06\/1-2-1-768x444.jpg 768w\" sizes=\"(max-width: 800px) 100vw, 800px\" \/>\t\t\t\t\t\t\t\t\t\t\t\t\t\t\t<\/div>\n\t\t\t\t<\/div>\n\t\t\t\t<div class=\"elementor-element elementor-element-29a65de elementor-widget elementor-widget-heading\" data-id=\"29a65de\" data-element_type=\"widget\" data-widget_type=\"heading.default\">\n\t\t\t\t<div class=\"elementor-widget-container\">\n\t\t\t\t\t<h2 class=\"elementor-heading-title elementor-size-default\">Smart IPTV<\/h2>\t\t\t\t<\/div>\n\t\t\t\t<\/div>\n\t\t\t\t<div class=\"elementor-element elementor-element-71d29e4 elementor-widget elementor-widget-image\" data-id=\"71d29e4\" data-element_type=\"widget\" data-widget_type=\"image.default\">\n\t\t\t\t<div class=\"elementor-widget-container\">\n\t\t\t\t\t\t\t\t\t\t\t\t\t\t\t<img decoding=\"async\" width=\"500\" height=\"500\" src=\"https:\/\/telespecialist.nl\/wp-content\/uploads\/2022\/06\/smart-iptv-1.png\" class=\"attachment-large size-large wp-image-2160\" alt=\"\" srcset=\"https:\/\/telespecialist.nl\/wp-content\/uploads\/2022\/06\/smart-iptv-1.png 500w, https:\/\/telespecialist.nl\/wp-content\/uploads\/2022\/06\/smart-iptv-1-300x300.png 300w, https:\/\/telespecialist.nl\/wp-content\/uploads\/2022\/06\/smart-iptv-1-100x100.png 100w, https:\/\/telespecialist.nl\/wp-content\/uploads\/2022\/06\/smart-iptv-1-150x150.png 150w\" sizes=\"(max-width: 500px) 100vw, 500px\" \/>\t\t\t\t\t\t\t\t\t\t\t\t\t\t\t<\/div>\n\t\t\t\t<\/div>\n\t\t\t\t<div class=\"elementor-element elementor-element-7c53d58 elementor-widget elementor-widget-text-editor\" data-id=\"7c53d58\" data-element_type=\"widget\" data-widget_type=\"text-editor.default\">\n\t\t\t\t<div class=\"elementor-widget-container\">\n\t\t\t\t\t\t\t\t\t<p>Die Installation und Aktivierung von Smart IPTV ist ganz einfach. Es ist jedoch wichtig, dies richtig zu machen. Beachten Sie, dass diese App in den ersten 7 Tagen kostenlos ist. dann zahlst du einmalig 5,49 \u20ac an die Macher der App. Danach kannst du diese App f\u00fcr den Rest deines Lebens nutzen.<\/p>\n\t\t\t\t\t\t\t\t<\/div>\n\t\t\t\t<\/div>\n\t\t\t\t<div class=\"elementor-element elementor-element-48e2979 elementor-widget elementor-widget-heading\" data-id=\"48e2979\" data-element_type=\"widget\" data-widget_type=\"heading.default\">\n\t\t\t\t<div class=\"elementor-widget-container\">\n\t\t\t\t\t<h2 class=\"elementor-heading-title elementor-size-default\">Schritt 1:<\/h2>\t\t\t\t<\/div>\n\t\t\t\t<\/div>\n\t\t\t\t<div class=\"elementor-element elementor-element-f31be41 elementor-widget elementor-widget-text-editor\" data-id=\"f31be41\" data-element_type=\"widget\" data-widget_type=\"text-editor.default\">\n\t\t\t\t<div class=\"elementor-widget-container\">\n\t\t\t\t\t\t\t\t\t<section class=\"elementor-section elementor-top-section elementor-element elementor-element-91fbd5c elementor-section-boxed elementor-section-height-default elementor-section-height-default\" data-id=\"91fbd5c\" data-element_type=\"section\">\n<div class=\"elementor-container elementor-column-gap-default\">\n<div class=\"elementor-column elementor-col-100 elementor-top-column elementor-element elementor-element-b219b7b\" data-id=\"b219b7b\" data-element_type=\"column\">\n<div class=\"elementor-widget-wrap elementor-element-populated\">\n<div class=\"elementor-element elementor-element-28f3801 elementor-widget elementor-widget-text-editor\" data-id=\"28f3801\" data-element_type=\"widget\" data-widget_type=\"text-editor.default\">\n<div class=\"elementor-widget-container\">\n<p class=\"has-text-align-center\">Laden Sie die App aus dem App-Store Ihres Fernsehers oder von der Website herunter <span style=\"color: #0000ff;\"><a style=\"color: #0000ff;\" href=\"http:\/\/www.siptv.eu\/\">www.siptv.eu<\/a><\/span><\/p>\n<p class=\"has-text-align-center\">Die Smart IPTV-App ist nicht mehr auf allen Smart-TVs verf\u00fcgbar. Pr\u00fcfen Sie daher bitte im App-Store Ihres Fernsehers, ob sie dort zu finden ist. Sollte dies nicht der Fall sein, raten wir Ihnen, eine andere App zu suchen.<\/p>\n<\/div>\n<\/div>\n<\/div>\n<\/div>\n<\/div>\n<\/section>\n\t\t\t\t\t\t\t\t<\/div>\n\t\t\t\t<\/div>\n\t\t\t\t<div class=\"elementor-element elementor-element-d99fe39 elementor-widget elementor-widget-heading\" data-id=\"d99fe39\" data-element_type=\"widget\" data-widget_type=\"heading.default\">\n\t\t\t\t<div class=\"elementor-widget-container\">\n\t\t\t\t\t<h2 class=\"elementor-heading-title elementor-size-default\">Schritt 2:<\/h2>\t\t\t\t<\/div>\n\t\t\t\t<\/div>\n\t\t\t\t<div class=\"elementor-element elementor-element-96df9d6 elementor-widget elementor-widget-image\" data-id=\"96df9d6\" data-element_type=\"widget\" data-widget_type=\"image.default\">\n\t\t\t\t<div class=\"elementor-widget-container\">\n\t\t\t\t\t\t\t\t\t\t\t\t\t\t\t<img decoding=\"async\" width=\"800\" height=\"462\" src=\"https:\/\/telespecialist.nl\/wp-content\/uploads\/2022\/06\/1-3-1.jpg\" class=\"attachment-large size-large wp-image-2163\" alt=\"\" srcset=\"https:\/\/telespecialist.nl\/wp-content\/uploads\/2022\/06\/1-3-1.jpg 800w, https:\/\/telespecialist.nl\/wp-content\/uploads\/2022\/06\/1-3-1-300x173.jpg 300w, https:\/\/telespecialist.nl\/wp-content\/uploads\/2022\/06\/1-3-1-600x347.jpg 600w, https:\/\/telespecialist.nl\/wp-content\/uploads\/2022\/06\/1-3-1-768x444.jpg 768w\" sizes=\"(max-width: 800px) 100vw, 800px\" \/>\t\t\t\t\t\t\t\t\t\t\t\t\t\t\t<\/div>\n\t\t\t\t<\/div>\n\t\t\t\t<div class=\"elementor-element elementor-element-86a56da elementor-widget elementor-widget-text-editor\" data-id=\"86a56da\" data-element_type=\"widget\" data-widget_type=\"text-editor.default\">\n\t\t\t\t<div class=\"elementor-widget-container\">\n\t\t\t\t\t\t\t\t\t<p>\u00d6ffnen Sie nach der Installation die App. Sie sehen dann diesen Bildschirm mit einigen Testkan\u00e4len und einem Text auf der rechten Seite des Bildschirms. Auf der rechten Seite sehen Sie einen Code, der aus Zahlen und Buchstaben besteht: &#8222;7c:64:56:b5:a9:b6&#8220; &#8211; das ist die Mac-Adresse, die f\u00fcr jedes Ger\u00e4t eindeutig ist. Sie k\u00f6nnen uns diese Mac-Adresse mitteilen, damit wir Ihr IPTV f\u00fcr Sie aktivieren k\u00f6nnen, oder Sie k\u00f6nnen selbst mit Schritt 3 fortfahren<\/p>\n\t\t\t\t\t\t\t\t<\/div>\n\t\t\t\t<\/div>\n\t\t\t\t<div class=\"elementor-element elementor-element-9cbb989 elementor-widget elementor-widget-heading\" data-id=\"9cbb989\" data-element_type=\"widget\" data-widget_type=\"heading.default\">\n\t\t\t\t<div class=\"elementor-widget-container\">\n\t\t\t\t\t<h2 class=\"elementor-heading-title elementor-size-default\">Schritt 3:<\/h2>\t\t\t\t<\/div>\n\t\t\t\t<\/div>\n\t\t\t\t<div class=\"elementor-element elementor-element-30aa7af elementor-widget elementor-widget-text-editor\" data-id=\"30aa7af\" data-element_type=\"widget\" data-widget_type=\"text-editor.default\">\n\t\t\t\t<div class=\"elementor-widget-container\">\n\t\t\t\t\t\t\t\t\t<p>Rufen Sie die Website auf:<span style=\"color: #0000ff;\"> <\/span><a href=\"http:\/\/www.siptv.eu\/mylist\"><span style=\"color: #0000ff;\">www.siptv.eu\/mylist<\/span><\/a> Sie sehen den folgenden Bildschirm<\/p>\n\t\t\t\t\t\t\t\t<\/div>\n\t\t\t\t<\/div>\n\t\t\t\t<div class=\"elementor-element elementor-element-947bbd0 elementor-widget elementor-widget-image\" data-id=\"947bbd0\" data-element_type=\"widget\" data-widget_type=\"image.default\">\n\t\t\t\t<div class=\"elementor-widget-container\">\n\t\t\t\t\t\t\t\t\t\t\t\t\t\t\t<img loading=\"lazy\" decoding=\"async\" width=\"1024\" height=\"897\" src=\"https:\/\/telespecialist.nl\/wp-content\/uploads\/2022\/06\/Screenshot_20210616-122759_Samsung-Internet-1024x897-1.jpg\" class=\"attachment-large size-large wp-image-2166\" alt=\"\" srcset=\"https:\/\/telespecialist.nl\/wp-content\/uploads\/2022\/06\/Screenshot_20210616-122759_Samsung-Internet-1024x897-1.jpg 1024w, https:\/\/telespecialist.nl\/wp-content\/uploads\/2022\/06\/Screenshot_20210616-122759_Samsung-Internet-1024x897-1-300x263.jpg 300w, https:\/\/telespecialist.nl\/wp-content\/uploads\/2022\/06\/Screenshot_20210616-122759_Samsung-Internet-1024x897-1-600x526.jpg 600w, https:\/\/telespecialist.nl\/wp-content\/uploads\/2022\/06\/Screenshot_20210616-122759_Samsung-Internet-1024x897-1-768x673.jpg 768w\" sizes=\"(max-width: 1024px) 100vw, 1024px\" \/>\t\t\t\t\t\t\t\t\t\t\t\t\t\t\t<\/div>\n\t\t\t\t<\/div>\n\t\t\t\t<div class=\"elementor-element elementor-element-255059c elementor-widget elementor-widget-text-editor\" data-id=\"255059c\" data-element_type=\"widget\" data-widget_type=\"text-editor.default\">\n\t\t\t\t<div class=\"elementor-widget-container\">\n\t\t\t\t\t\t\t\t\t<p class=\"has-text-align-center\">Geben Sie in das Feld &#8222;MAC:&#8220; Ihre eigene Mac-Adresse ein, die Sie in der Smart IPTV-App auf dem Hauptbildschirm oder in den Einstellungen der App finden k\u00f6nnen.<\/p>\n<p class=\"has-text-align-center\">Dann m\u00fcssen Sie Ihre M3U-Datei, die Sie von uns erhalten haben, in das Feld &#8222;DATEI:&#8220; hochladen. <\/p>\n<p class=\"has-text-align-center\">Laden Sie die M3U-Datei herunter, indem Sie den M3U-Link \u00f6ffnen, den Sie von uns erhalten haben.<\/p>\n<p class=\"has-text-align-center\">Sie kreuzen an, dass Sie kein Roboter sind, und dr\u00fccken dann auf die Schaltfl\u00e4che &#8222;Senden&#8220;. Damit ist Ihre App einsatzbereit!<\/p>\n\t\t\t\t\t\t\t\t<\/div>\n\t\t\t\t<\/div>\n\t\t\t\t\t<\/div>\n\t\t<\/div>\n\t\t\t\t\t<\/div>\n\t\t<\/section>\n\t\t\t\t<\/div>\n\t\t","protected":false},"excerpt":{"rendered":"<p>Smart IPTV Die Installation und Aktivierung von Smart IPTV ist ganz einfach. Es ist jedoch wichtig, dies richtig zu machen. Beachten Sie, dass diese App in den ersten 7 Tagen kostenlos ist. dann zahlst du einmalig 5,49 \u20ac an die Macher der App. Danach kannst du diese App f\u00fcr den Rest deines Lebens nutzen. Schritt [&hellip;]<\/p>\n","protected":false},"author":1,"featured_media":0,"parent":0,"menu_order":0,"comment_status":"closed","ping_status":"closed","template":"elementor_header_footer","meta":{"ocean_post_layout":"","ocean_both_sidebars_style":"","ocean_both_sidebars_content_width":0,"ocean_both_sidebars_sidebars_width":0,"ocean_sidebar":"","ocean_second_sidebar":"","ocean_disable_margins":"enable","ocean_add_body_class":"","ocean_shortcode_before_top_bar":"","ocean_shortcode_after_top_bar":"","ocean_shortcode_before_header":"","ocean_shortcode_after_header":"","ocean_has_shortcode":"","ocean_shortcode_after_title":"","ocean_shortcode_before_footer_widgets":"","ocean_shortcode_after_footer_widgets":"","ocean_shortcode_before_footer_bottom":"","ocean_shortcode_after_footer_bottom":"","ocean_display_top_bar":"default","ocean_display_header":"default","ocean_header_style":"","ocean_center_header_left_menu":"","ocean_custom_header_template":"","ocean_custom_logo":0,"ocean_custom_retina_logo":0,"ocean_custom_logo_max_width":0,"ocean_custom_logo_tablet_max_width":0,"ocean_custom_logo_mobile_max_width":0,"ocean_custom_logo_max_height":0,"ocean_custom_logo_tablet_max_height":0,"ocean_custom_logo_mobile_max_height":0,"ocean_header_custom_menu":"","ocean_menu_typo_font_family":"","ocean_menu_typo_font_subset":"","ocean_menu_typo_font_size":0,"ocean_menu_typo_font_size_tablet":0,"ocean_menu_typo_font_size_mobile":0,"ocean_menu_typo_font_size_unit":"px","ocean_menu_typo_font_weight":"","ocean_menu_typo_font_weight_tablet":"","ocean_menu_typo_font_weight_mobile":"","ocean_menu_typo_transform":"","ocean_menu_typo_transform_tablet":"","ocean_menu_typo_transform_mobile":"","ocean_menu_typo_line_height":0,"ocean_menu_typo_line_height_tablet":0,"ocean_menu_typo_line_height_mobile":0,"ocean_menu_typo_line_height_unit":"","ocean_menu_typo_spacing":0,"ocean_menu_typo_spacing_tablet":0,"ocean_menu_typo_spacing_mobile":0,"ocean_menu_typo_spacing_unit":"","ocean_menu_link_color":"","ocean_menu_link_color_hover":"","ocean_menu_link_color_active":"","ocean_menu_link_background":"","ocean_menu_link_hover_background":"","ocean_menu_link_active_background":"","ocean_menu_social_links_bg":"","ocean_menu_social_hover_links_bg":"","ocean_menu_social_links_color":"","ocean_menu_social_hover_links_color":"","ocean_disable_title":"default","ocean_disable_heading":"default","ocean_post_title":"","ocean_post_subheading":"","ocean_post_title_style":"","ocean_post_title_background_color":"","ocean_post_title_background":0,"ocean_post_title_bg_image_position":"","ocean_post_title_bg_image_attachment":"","ocean_post_title_bg_image_repeat":"","ocean_post_title_bg_image_size":"","ocean_post_title_height":0,"ocean_post_title_bg_overlay":0.5,"ocean_post_title_bg_overlay_color":"","ocean_disable_breadcrumbs":"default","ocean_breadcrumbs_color":"","ocean_breadcrumbs_separator_color":"","ocean_breadcrumbs_links_color":"","ocean_breadcrumbs_links_hover_color":"","ocean_display_footer_widgets":"default","ocean_display_footer_bottom":"default","ocean_custom_footer_template":"","_joinchat":[],"footnotes":""},"class_list":["post-2405","page","type-page","status-publish","hentry","entry","owp-thumbs-layout-horizontal","owp-btn-normal","owp-tabs-layout-horizontal","has-no-thumbnails","has-product-nav","circle-sale"],"_links":{"self":[{"href":"https:\/\/telespecialist.nl\/de\/wp-json\/wp\/v2\/pages\/2405","targetHints":{"allow":["GET"]}}],"collection":[{"href":"https:\/\/telespecialist.nl\/de\/wp-json\/wp\/v2\/pages"}],"about":[{"href":"https:\/\/telespecialist.nl\/de\/wp-json\/wp\/v2\/types\/page"}],"author":[{"embeddable":true,"href":"https:\/\/telespecialist.nl\/de\/wp-json\/wp\/v2\/users\/1"}],"replies":[{"embeddable":true,"href":"https:\/\/telespecialist.nl\/de\/wp-json\/wp\/v2\/comments?post=2405"}],"version-history":[{"count":1,"href":"https:\/\/telespecialist.nl\/de\/wp-json\/wp\/v2\/pages\/2405\/revisions"}],"predecessor-version":[{"id":2406,"href":"https:\/\/telespecialist.nl\/de\/wp-json\/wp\/v2\/pages\/2405\/revisions\/2406"}],"wp:attachment":[{"href":"https:\/\/telespecialist.nl\/de\/wp-json\/wp\/v2\/media?parent=2405"}],"curies":[{"name":"wp","href":"https:\/\/api.w.org\/{rel}","templated":true}]}}