{"id":2399,"date":"2022-06-14T00:52:46","date_gmt":"2022-06-13T13:52:46","guid":{"rendered":"https:\/\/telespecialist.nl\/welche-iptv-app-soll-ich-verwenden\/"},"modified":"2023-01-25T00:07:07","modified_gmt":"2023-01-24T13:07:07","slug":"welche-iptv-app-soll-ich-verwenden","status":"publish","type":"page","link":"https:\/\/telespecialist.nl\/de\/welche-iptv-app-soll-ich-verwenden\/","title":{"rendered":"Welche iptv-App soll ich verwenden?"},"content":{"rendered":"\t\t<div data-elementor-type=\"wp-page\" data-elementor-id=\"2399\" class=\"elementor elementor-2399 elementor-1819\" data-elementor-post-type=\"page\">\n\t\t\t\t\t\t<section class=\"elementor-section elementor-top-section elementor-element elementor-element-966c2e3 elementor-section-boxed elementor-section-height-default elementor-section-height-default\" data-id=\"966c2e3\" data-element_type=\"section\">\n\t\t\t\t\t\t<div class=\"elementor-container elementor-column-gap-default\">\n\t\t\t\t\t<div class=\"elementor-column elementor-col-100 elementor-top-column elementor-element elementor-element-2cf6d38\" data-id=\"2cf6d38\" data-element_type=\"column\">\n\t\t\t<div class=\"elementor-widget-wrap elementor-element-populated\">\n\t\t\t\t\t\t<div class=\"elementor-element elementor-element-f13585a elementor-widget elementor-widget-image\" data-id=\"f13585a\" data-element_type=\"widget\" data-widget_type=\"image.default\">\n\t\t\t\t<div class=\"elementor-widget-container\">\n\t\t\t\t\t\t\t\t\t\t\t\t\t\t\t<img fetchpriority=\"high\" decoding=\"async\" width=\"686\" height=\"671\" src=\"https:\/\/telespecialist.nl\/wp-content\/uploads\/2022\/06\/1.jpg\" class=\"attachment-large size-large wp-image-2058\" alt=\"\" srcset=\"https:\/\/telespecialist.nl\/wp-content\/uploads\/2022\/06\/1.jpg 686w, https:\/\/telespecialist.nl\/wp-content\/uploads\/2022\/06\/1-300x293.jpg 300w, https:\/\/telespecialist.nl\/wp-content\/uploads\/2022\/06\/1-600x587.jpg 600w\" sizes=\"(max-width: 686px) 100vw, 686px\" \/>\t\t\t\t\t\t\t\t\t\t\t\t\t\t\t<\/div>\n\t\t\t\t<\/div>\n\t\t\t\t<div class=\"elementor-element elementor-element-29a65de elementor-widget elementor-widget-heading\" data-id=\"29a65de\" data-element_type=\"widget\" data-widget_type=\"heading.default\">\n\t\t\t\t<div class=\"elementor-widget-container\">\n\t\t\t\t\t<h2 class=\"elementor-heading-title elementor-size-default\">Welche IPTV-App sollte ich verwenden?<\/h2>\t\t\t\t<\/div>\n\t\t\t\t<\/div>\n\t\t\t\t<div class=\"elementor-element elementor-element-7c53d58 elementor-widget elementor-widget-text-editor\" data-id=\"7c53d58\" data-element_type=\"widget\" data-widget_type=\"text-editor.default\">\n\t\t\t\t<div class=\"elementor-widget-container\">\n\t\t\t\t\t\t\t\t\t<p><em>Wir alle wissen das. Sie sind noch neu in der IPTV-Welt oder wissen nicht mehr, wie das Ganze funktioniert. Sie m\u00f6chten IPTV empfangen, aber wo fangen Sie an? Welche Anwendung muss ich installieren? Das sind alles Fragen, die uns oft gestellt werden. In diesem Artikel werden wir Ihnen den Einstieg erleichtern.<\/em><\/p>\n<p><strong>Welches Ger\u00e4t verwenden Sie?<\/strong><\/p>\n<p>Zun\u00e4chst ist es wichtig zu wissen\/zu w\u00e4hlen, welches Ger\u00e4t Sie f\u00fcr den IPTV-Empfang verwenden wollen. Das kann alles M\u00f6gliche sein, zum Beispiel:<\/p>\n<ul>\n<li>Smart TV.<\/li>\n<li>Telefon.<\/li>\n<li>Tablette.<\/li>\n<li>Box\/Empf\u00e4nger.<\/li>\n<li>Computer\/Laptop.<\/li>\n<\/ul>\n\t\t\t\t\t\t\t\t<\/div>\n\t\t\t\t<\/div>\n\t\t\t\t<div class=\"elementor-element elementor-element-3c91084 elementor-widget elementor-widget-image\" data-id=\"3c91084\" data-element_type=\"widget\" data-widget_type=\"image.default\">\n\t\t\t\t<div class=\"elementor-widget-container\">\n\t\t\t\t\t\t\t\t\t\t\t\t\t\t\t<img decoding=\"async\" width=\"1000\" height=\"142\" src=\"https:\/\/telespecialist.nl\/wp-content\/uploads\/2022\/06\/devices-1.png\" class=\"attachment-large size-large wp-image-2136\" alt=\"\" srcset=\"https:\/\/telespecialist.nl\/wp-content\/uploads\/2022\/06\/devices-1.png 1000w, https:\/\/telespecialist.nl\/wp-content\/uploads\/2022\/06\/devices-1-300x43.png 300w, https:\/\/telespecialist.nl\/wp-content\/uploads\/2022\/06\/devices-1-600x85.png 600w, https:\/\/telespecialist.nl\/wp-content\/uploads\/2022\/06\/devices-1-768x109.png 768w\" sizes=\"(max-width: 1000px) 100vw, 1000px\" \/>\t\t\t\t\t\t\t\t\t\t\t\t\t\t\t<\/div>\n\t\t\t\t<\/div>\n\t\t\t\t<div class=\"elementor-element elementor-element-9ab0dd8 elementor-widget elementor-widget-text-editor\" data-id=\"9ab0dd8\" data-element_type=\"widget\" data-widget_type=\"text-editor.default\">\n\t\t\t\t<div class=\"elementor-widget-container\">\n\t\t\t\t\t\t\t\t\t<p>F\u00fcr all diese Ger\u00e4te gibt es unterschiedliche Anwendungen. Im Folgenden haben wir eine Liste f\u00fcr Sie zusammengestellt. Diese Liste zeigt, welche App f\u00fcr Ihr Ger\u00e4t am besten geeignet ist:<\/p>\n<p><strong>Intelligente Fernsehger\u00e4te:<\/strong><br \/><strong>Samsung:<\/strong> F\u00fcr Samsung-Fernseher empfehlen wir immer Net IPTV oder Smart IPTV (nicht bei allen Samsung-Modellen verf\u00fcgbar).<\/p>\n<p><strong>Philips:<\/strong> Bei Philips-Fernsehern h\u00e4ngt es davon ab, ob das Ger\u00e4t mit Android l\u00e4uft oder nicht. F\u00fcr Android-Fernseher empfehlen wir IPTV smarters Pro, ansonsten empfehlen wir Net IPTV, SS IPTV oder Set IPTV.<\/p>\n<p><strong>Sony:<\/strong> Sony TVs laufen in der Regel auf Android hier kann man also die IPTV smarters Pro \/ Flix iptv oder Tivimate App drauf laden<\/p>\n<p><strong>LG:<\/strong> F\u00fcr den LG empfehlen wir die gleichen Apps wie f\u00fcr die Samsung-Fernseher. Smart IPTV, Net IPTV oder in diesem Fall auch Duplexplay.<\/p>\n<p><strong>TCL:<\/strong> De TCL TV&#8217;s draaien ook op Android, hier kun je ook de IPTV smarters Pro app op downloaden.<\/p>\n<p><strong>Handys, Tablets und Schlie\u00dff\u00e4cher:<\/strong><br \/>Bei diesen Ger\u00e4ten h\u00e4ngt es davon ab, ob sie mit Android oder IOS laufen.<\/p>\n<p>Auf Android-Ger\u00e4ten k\u00f6nnen Sie aus vielen Apps w\u00e4hlen. Wir selbst entscheiden uns immer f\u00fcr <a href=\"https:\/\/play.google.com\/store\/apps\/details?id=com.nst.iptvsmarterstvbox&amp;gl=NL\"><span style=\"color: #0000ff;\">IPT smarters Pro.<\/span><\/a> Diese App ist \u00fcbersichtlich, benutzerfreundlich, unterst\u00fctzt die R\u00fcckschau und zeigt Bilder von Filmen und Serien. Eine entsprechende Anwendung ist die <a href=\"https:\/\/play.google.com\/store\/apps\/details?id=com.devcoder.iptvxtreamplayer&amp;gl=NL\"><span style=\"color: #0000ff;\">Xtream-Player-App.<\/span><\/a> Wenn Sie von Ihrem Handy oder Tablet auf Ihren Fernseher \u00fcbertragen m\u00f6chten, empfehlen wir <a href=\"https:\/\/play.google.com\/store\/apps\/details?id=com.gsetech.smartiptv&amp;gl=NL\"><span style=\"color: #0000ff;\">GSE smart IPTV.<\/span><\/a><\/p>\n<p>Auf Apple-Ger\u00e4ten (iPhone, iPad oder Apple TV) k\u00f6nnen Sie <span style=\"color: #0000ff;\"><a style=\"color: #0000ff;\" href=\"https:\/\/apps.apple.com\/nl\/app\/gse-smart-iptv\/id1028734023\">GSE smart IPTV<\/a><\/span> oder <a href=\"https:\/\/apps.apple.com\/nl\/app\/iptv-smarters-player\/id1383614816\"><span style=\"color: #0000ff;\">IPTV smarters player<\/span><\/a> w\u00e4hlen (weniger umfassend als die Android-Version).<\/p>\n\t\t\t\t\t\t\t\t<\/div>\n\t\t\t\t<\/div>\n\t\t\t\t<div class=\"elementor-element elementor-element-605fad1 elementor-widget elementor-widget-image\" data-id=\"605fad1\" data-element_type=\"widget\" data-widget_type=\"image.default\">\n\t\t\t\t<div class=\"elementor-widget-container\">\n\t\t\t\t\t\t\t\t\t\t\t\t\t\t\t<img decoding=\"async\" width=\"1024\" height=\"217\" src=\"https:\/\/telespecialist.nl\/wp-content\/uploads\/2022\/06\/PicsArt_08-17-09.33.52-1920x407-1-1536x326-1-1024x217.png\" class=\"attachment-large size-large wp-image-2139\" alt=\"\" srcset=\"https:\/\/telespecialist.nl\/wp-content\/uploads\/2022\/06\/PicsArt_08-17-09.33.52-1920x407-1-1536x326-1-1024x217.png 1024w, https:\/\/telespecialist.nl\/wp-content\/uploads\/2022\/06\/PicsArt_08-17-09.33.52-1920x407-1-1536x326-1-300x64.png 300w, https:\/\/telespecialist.nl\/wp-content\/uploads\/2022\/06\/PicsArt_08-17-09.33.52-1920x407-1-1536x326-1-600x127.png 600w, https:\/\/telespecialist.nl\/wp-content\/uploads\/2022\/06\/PicsArt_08-17-09.33.52-1920x407-1-1536x326-1-768x163.png 768w, https:\/\/telespecialist.nl\/wp-content\/uploads\/2022\/06\/PicsArt_08-17-09.33.52-1920x407-1-1536x326-1.png 1536w\" sizes=\"(max-width: 1024px) 100vw, 1024px\" \/>\t\t\t\t\t\t\t\t\t\t\t\t\t\t\t<\/div>\n\t\t\t\t<\/div>\n\t\t\t\t<div class=\"elementor-element elementor-element-98e6edc elementor-widget elementor-widget-text-editor\" data-id=\"98e6edc\" data-element_type=\"widget\" data-widget_type=\"text-editor.default\">\n\t\t\t\t<div class=\"elementor-widget-container\">\n\t\t\t\t\t\t\t\t\t<p><strong>Desktop\/Laptop:<\/strong><br \/>F\u00fcr den PC k\u00f6nnen Sie auf Seiten gehen, es gibt Dutzende von Anwendungen. Wir selbst verwenden die folgenden Anwendungen. Sie bieten alles, was man braucht, um Live-Kan\u00e4le, Filme und Serien zu genie\u00dfen.<\/p>\n<p style=\"text-align: center;\"><a href=\"https:\/\/www.videolan.org\/vlc\/index.html\"><span style=\"color: #0000ff;\">VLC media player.<\/span><\/a><br \/><a href=\"https:\/\/www.iptvsmarters.com\/\"><span style=\"color: #0000ff;\">IPTV smarters Pro.<\/span><\/a><br \/><a href=\"https:\/\/www.microsoft.com\/en-us\/p\/myiptv-player\/9pjj2nmbf0tr?activetab=pivot:overviewtab\"><span style=\"color: #0000ff;\">My IPTV player.<\/span><\/a><br \/><strong>Haben Sie nach dem Lesen dieses Artikels noch Fragen zu Apps, Ger\u00e4ten oder IPTV im Allgemeinen? Nehmen Sie Kontakt \u00fcber die WhatsApp-Taste auf. Wir helfen Ihnen gerne.<\/strong><\/p>\n\t\t\t\t\t\t\t\t<\/div>\n\t\t\t\t<\/div>\n\t\t\t\t\t<\/div>\n\t\t<\/div>\n\t\t\t\t\t<\/div>\n\t\t<\/section>\n\t\t\t\t<\/div>\n\t\t","protected":false},"excerpt":{"rendered":"<p>Welche IPTV-App sollte ich verwenden? Wir alle wissen das. Sie sind noch neu in der IPTV-Welt oder wissen nicht mehr, wie das Ganze funktioniert. Sie m\u00f6chten IPTV empfangen, aber wo fangen Sie an? Welche Anwendung muss ich installieren? Das sind alles Fragen, die uns oft gestellt werden. In diesem Artikel werden wir Ihnen den Einstieg [&hellip;]<\/p>\n","protected":false},"author":1,"featured_media":0,"parent":0,"menu_order":0,"comment_status":"closed","ping_status":"closed","template":"elementor_header_footer","meta":{"ocean_post_layout":"","ocean_both_sidebars_style":"","ocean_both_sidebars_content_width":0,"ocean_both_sidebars_sidebars_width":0,"ocean_sidebar":"","ocean_second_sidebar":"","ocean_disable_margins":"enable","ocean_add_body_class":"","ocean_shortcode_before_top_bar":"","ocean_shortcode_after_top_bar":"","ocean_shortcode_before_header":"","ocean_shortcode_after_header":"","ocean_has_shortcode":"","ocean_shortcode_after_title":"","ocean_shortcode_before_footer_widgets":"","ocean_shortcode_after_footer_widgets":"","ocean_shortcode_before_footer_bottom":"","ocean_shortcode_after_footer_bottom":"","ocean_display_top_bar":"default","ocean_display_header":"default","ocean_header_style":"","ocean_center_header_left_menu":"","ocean_custom_header_template":"","ocean_custom_logo":0,"ocean_custom_retina_logo":0,"ocean_custom_logo_max_width":0,"ocean_custom_logo_tablet_max_width":0,"ocean_custom_logo_mobile_max_width":0,"ocean_custom_logo_max_height":0,"ocean_custom_logo_tablet_max_height":0,"ocean_custom_logo_mobile_max_height":0,"ocean_header_custom_menu":"","ocean_menu_typo_font_family":"","ocean_menu_typo_font_subset":"","ocean_menu_typo_font_size":0,"ocean_menu_typo_font_size_tablet":0,"ocean_menu_typo_font_size_mobile":0,"ocean_menu_typo_font_size_unit":"px","ocean_menu_typo_font_weight":"","ocean_menu_typo_font_weight_tablet":"","ocean_menu_typo_font_weight_mobile":"","ocean_menu_typo_transform":"","ocean_menu_typo_transform_tablet":"","ocean_menu_typo_transform_mobile":"","ocean_menu_typo_line_height":0,"ocean_menu_typo_line_height_tablet":0,"ocean_menu_typo_line_height_mobile":0,"ocean_menu_typo_line_height_unit":"","ocean_menu_typo_spacing":0,"ocean_menu_typo_spacing_tablet":0,"ocean_menu_typo_spacing_mobile":0,"ocean_menu_typo_spacing_unit":"","ocean_menu_link_color":"","ocean_menu_link_color_hover":"","ocean_menu_link_color_active":"","ocean_menu_link_background":"","ocean_menu_link_hover_background":"","ocean_menu_link_active_background":"","ocean_menu_social_links_bg":"","ocean_menu_social_hover_links_bg":"","ocean_menu_social_links_color":"","ocean_menu_social_hover_links_color":"","ocean_disable_title":"default","ocean_disable_heading":"default","ocean_post_title":"","ocean_post_subheading":"","ocean_post_title_style":"","ocean_post_title_background_color":"","ocean_post_title_background":0,"ocean_post_title_bg_image_position":"","ocean_post_title_bg_image_attachment":"","ocean_post_title_bg_image_repeat":"","ocean_post_title_bg_image_size":"","ocean_post_title_height":0,"ocean_post_title_bg_overlay":0.5,"ocean_post_title_bg_overlay_color":"","ocean_disable_breadcrumbs":"default","ocean_breadcrumbs_color":"","ocean_breadcrumbs_separator_color":"","ocean_breadcrumbs_links_color":"","ocean_breadcrumbs_links_hover_color":"","ocean_display_footer_widgets":"default","ocean_display_footer_bottom":"default","ocean_custom_footer_template":"","_joinchat":[],"footnotes":""},"class_list":["post-2399","page","type-page","status-publish","hentry","entry","owp-thumbs-layout-horizontal","owp-btn-normal","owp-tabs-layout-horizontal","has-no-thumbnails","has-product-nav","circle-sale"],"_links":{"self":[{"href":"https:\/\/telespecialist.nl\/de\/wp-json\/wp\/v2\/pages\/2399","targetHints":{"allow":["GET"]}}],"collection":[{"href":"https:\/\/telespecialist.nl\/de\/wp-json\/wp\/v2\/pages"}],"about":[{"href":"https:\/\/telespecialist.nl\/de\/wp-json\/wp\/v2\/types\/page"}],"author":[{"embeddable":true,"href":"https:\/\/telespecialist.nl\/de\/wp-json\/wp\/v2\/users\/1"}],"replies":[{"embeddable":true,"href":"https:\/\/telespecialist.nl\/de\/wp-json\/wp\/v2\/comments?post=2399"}],"version-history":[{"count":1,"href":"https:\/\/telespecialist.nl\/de\/wp-json\/wp\/v2\/pages\/2399\/revisions"}],"predecessor-version":[{"id":2400,"href":"https:\/\/telespecialist.nl\/de\/wp-json\/wp\/v2\/pages\/2399\/revisions\/2400"}],"wp:attachment":[{"href":"https:\/\/telespecialist.nl\/de\/wp-json\/wp\/v2\/media?parent=2399"}],"curies":[{"name":"wp","href":"https:\/\/api.w.org\/{rel}","templated":true}]}}