{"id":2302,"date":"2021-12-12T04:25:14","date_gmt":"2021-12-11T17:25:14","guid":{"rendered":"https:\/\/telespecialist.nl\/was-ist-iptv\/"},"modified":"2023-01-22T04:05:19","modified_gmt":"2023-01-21T17:05:19","slug":"was-ist-iptv","status":"publish","type":"page","link":"https:\/\/telespecialist.nl\/de\/was-ist-iptv\/","title":{"rendered":"Was ist IPTV?"},"content":{"rendered":"\t\t<div data-elementor-type=\"wp-page\" data-elementor-id=\"2302\" class=\"elementor elementor-2302 elementor-1187\" data-elementor-post-type=\"page\">\n\t\t\t\t\t\t<section class=\"elementor-section elementor-top-section elementor-element elementor-element-966c2e3 elementor-section-boxed elementor-section-height-default elementor-section-height-default\" data-id=\"966c2e3\" data-element_type=\"section\" data-e-type=\"section\">\n\t\t\t\t\t\t<div class=\"elementor-container elementor-column-gap-default\">\n\t\t\t\t\t<div class=\"elementor-column elementor-col-100 elementor-top-column elementor-element elementor-element-2cf6d38\" data-id=\"2cf6d38\" data-element_type=\"column\" data-e-type=\"column\">\n\t\t\t<div class=\"elementor-widget-wrap elementor-element-populated\">\n\t\t\t\t\t\t<div class=\"elementor-element elementor-element-59db0f1 elementor-widget elementor-widget-heading\" data-id=\"59db0f1\" data-element_type=\"widget\" data-e-type=\"widget\" data-widget_type=\"heading.default\">\n\t\t\t\t<div class=\"elementor-widget-container\">\n\t\t\t\t\t<h2 class=\"elementor-heading-title elementor-size-default\">Was ist IPTV?<\/h2>\t\t\t\t<\/div>\n\t\t\t\t<\/div>\n\t\t\t\t<div class=\"elementor-element elementor-element-1963505 elementor-widget elementor-widget-text-editor\" data-id=\"1963505\" data-element_type=\"widget\" data-e-type=\"widget\" data-widget_type=\"text-editor.default\">\n\t\t\t\t<div class=\"elementor-widget-container\">\n\t\t\t\t\t\t\t\t\t<p>IPTV ist eine neue Art des Fernsehens. IPTV steht f\u00fcr Internet Protocol TeleVision, was frei \u00fcbersetzt bedeutet, dass Sie mit IPTV Ihre Fernsehsender und alle Streaming-Dienste \u00fcber das Internet empfangen. Sie brauchen keine Sch\u00fcssel und haben kein k\u00f6rniges Bild und keinen schlechten Ton, zum Beispiel bei schlechtem Wetter. IPTV ist g\u00fcnstig und liefert ein gestochen scharfes Bild in 1080 HD \/ 4K.<\/p>\n\t\t\t\t\t\t\t\t<\/div>\n\t\t\t\t<\/div>\n\t\t\t\t<div class=\"elementor-element elementor-element-e2519ef elementor-widget elementor-widget-text-editor\" data-id=\"e2519ef\" data-element_type=\"widget\" data-e-type=\"widget\" data-widget_type=\"text-editor.default\">\n\t\t\t\t<div class=\"elementor-widget-container\">\n\t\t\t\t\t\t\t\t\t<h2>Ausl\u00e4ndische Kan\u00e4le<\/h2>\n<p>\u00dcber IPTV k\u00f6nnen Sie auch ausl\u00e4ndische Sender hervorragend empfangen. Sogar jene Kan\u00e4le, die nicht in den Standardpaketen der regul\u00e4ren TV-Anbieter enthalten sind. Also alle ausl\u00e4ndischen Sender Ihrer Wahl einfach \u00fcber das Internet auf Ihrem Fernseher zu Hause oder auf Ihrem mobilen Ger\u00e4t. IPTV ist erschwinglicher und bietet neben den bekannten Streaming-Diensten auch ausl\u00e4ndische TV-Sender aus mehr als 65 L\u00e4ndern.<\/p>\n<h2>IPTV-App<\/h2>\n<p>Sie k\u00f6nnen IPTV einfach mit einer der vorhandenen IPTV-Apps auf Ihren Fernseher streamen. Um unser kosteng\u00fcnstiges IPTV mit einer IPTV-App richtig nutzen zu k\u00f6nnen, ben\u00f6tigen Sie einen Smart TV mit einer drahtlosen Wi-Fi-Verbindung oder einem festen Internetkabel. Um herauszufinden, welche IPTV-App am besten zu Ihrem Fernseher passt, haben wir eine Liste zusammengestellt. Schauen Sie sich um, die meisten TVs sind geeignet. Wenn Sie nicht kommen, k\u00f6nnen Sie uns gerne eine WhatsApp oder E-Mail schicken.<\/p>\n<h2>Auch auf PC, Laptop, Tablet und Handy<\/h2>\n<p>Wenn Sie ein Abonnement f\u00fcr IPTV Media haben, k\u00f6nnen Sie die erforderlichen Apps auch auf Ihre mobilen Ger\u00e4te wie Smartphone, Tablet oder Laptop herunterladen. Wenn Sie keinen Smart TV haben, bietet IPTV Media auch viele verschiedene IPTV-Boxen (Receiver) an. Sie k\u00f6nnen es einfach an Ihren Fernseher anschlie\u00dfen.<\/p>\n<p>Erforderliche Ausr\u00fcstung f\u00fcr IPTV:<\/p>\n<ul>\n<li>Smart TV mit einer IPTV-App oder einer IPTV-Box<\/li>\n<li>Internetanschluss, drahtlos \u00fcber Wi-Fi oder mit Ethernet-Kabel<\/li>\n<li>Ein IPTV-Anbieter, der Ihnen Kan\u00e4le\/Fernsehsender und Streaming-Dienste zur Verf\u00fcgung stellt<\/li>\n<\/ul>\n<h2>Wahlm\u00f6glichkeit zwischen mehreren Abonnements<\/h2>\n<p>Wir bieten Ihnen eine Auswahl an verschiedenen Abonnements. Sie k\u00f6nnen also w\u00e4hlen, was Ihnen gef\u00e4llt. Weitere Informationen finden Sie in unserer Preisliste.<\/p>\n<p>Die Vorteile von IPTV-Medien auf einen Blick:<\/p>\n<ul>\n<li>Keine Satellitensch\u00fcssel mit LNB-Kopf mehr erforderlich<\/li>\n<li>Kein teurer Digital-TV-Anbieter mehr n\u00f6tig<\/li>\n<li>Auswahl aus einer Vielzahl von Streaming-Diensten<\/li>\n<li>Unbegrenzte Auswahl an ausl\u00e4ndischen Kan\u00e4len<\/li>\n<li>Keine zus\u00e4tzlichen Kosten bei Auswahl weiterer Kan\u00e4le<\/li>\n<li>Wahlweise 3-monatige, 6-monatige oder 12-monatige Laufzeit<\/li>\n<li>Erschwingliches und stabiles IPTV-Abonnement, immer zum niedrigsten Preis!<\/li>\n<li>Ausgezeichneter Service und gute Zahlungsm\u00f6glichkeiten<\/li>\n<li>Keine stillschweigende Erneuerung von Abonnements. Sie behalten die Kontrolle.<\/li>\n<\/ul>\n<p>Haben Sie Fragen zu unserem IPTV-Server? Kontaktieren Sie uns per WhatsApp oder Mail<\/p>\n<h2>Inl\u00e4ndische und ausl\u00e4ndische Kan\u00e4le.<\/h2>\n<p>Einfach ausgedr\u00fcckt, ist IPTV eine M\u00f6glichkeit, \u00fcber das Internet fernzusehen. Sie brauchen also nicht mehr wie fr\u00fcher eine Sch\u00fcssel, um Kan\u00e4le aus dem In- und Ausland zu empfangen. Sie verwenden nur einen Smart TV mit Wi-Fi- oder Kabelanschluss. Dar\u00fcber hinaus ben\u00f6tigen Sie eine IPTV-App, mit der Sie alle Ihre Kan\u00e4le abspielen k\u00f6nnen. Sie haben keinen Smart TV? Dann k\u00f6nnen Sie immer noch den Kauf eines Schrankes in Betracht ziehen. Auf diese Boxen k\u00f6nnen Sie alle Arten von Apps herunterladen, auch IPTV-Apps.<\/p>\n\t\t\t\t\t\t\t\t<\/div>\n\t\t\t\t<\/div>\n\t\t\t\t\t<\/div>\n\t\t<\/div>\n\t\t\t\t\t<\/div>\n\t\t<\/section>\n\t\t\t\t<section class=\"elementor-section elementor-top-section elementor-element elementor-element-464a6b3 elementor-section-boxed elementor-section-height-default elementor-section-height-default\" data-id=\"464a6b3\" data-element_type=\"section\" data-e-type=\"section\">\n\t\t\t\t\t\t<div class=\"elementor-container elementor-column-gap-default\">\n\t\t\t\t\t<div class=\"elementor-column elementor-col-100 elementor-top-column elementor-element elementor-element-1cdbf83\" data-id=\"1cdbf83\" data-element_type=\"column\" data-e-type=\"column\">\n\t\t\t<div class=\"elementor-widget-wrap elementor-element-populated\">\n\t\t\t\t\t\t<div class=\"elementor-element elementor-element-b48a859 elementor-widget elementor-widget-heading\" data-id=\"b48a859\" data-element_type=\"widget\" data-e-type=\"widget\" data-widget_type=\"heading.default\">\n\t\t\t\t<div class=\"elementor-widget-container\">\n\t\t\t\t\t<h2 class=\"elementor-heading-title elementor-size-default\">IPTV-Anforderungen:\n<\/h2>\t\t\t\t<\/div>\n\t\t\t\t<\/div>\n\t\t\t\t<section class=\"elementor-section elementor-inner-section elementor-element elementor-element-9d39379 elementor-section-full_width elementor-section-height-default elementor-section-height-default\" data-id=\"9d39379\" data-element_type=\"section\" data-e-type=\"section\">\n\t\t\t\t\t\t<div class=\"elementor-container elementor-column-gap-no\">\n\t\t\t\t\t<div class=\"elementor-column elementor-col-33 elementor-inner-column elementor-element elementor-element-65968e8\" data-id=\"65968e8\" data-element_type=\"column\" data-e-type=\"column\">\n\t\t\t<div class=\"elementor-widget-wrap elementor-element-populated\">\n\t\t\t\t\t\t<div class=\"elementor-element elementor-element-005100a elementor-widget elementor-widget-image\" data-id=\"005100a\" data-element_type=\"widget\" data-e-type=\"widget\" data-widget_type=\"image.default\">\n\t\t\t\t<div class=\"elementor-widget-container\">\n\t\t\t\t\t\t\t\t\t\t\t\t\t\t\t<img fetchpriority=\"high\" decoding=\"async\" width=\"1024\" height=\"683\" src=\"https:\/\/telespecialist.nl\/wp-content\/uploads\/2022\/06\/Screenshot_20220108-033402_Chrome-1024x683-1.jpg\" class=\"attachment-large size-large wp-image-2049\" alt=\"\" srcset=\"https:\/\/telespecialist.nl\/wp-content\/uploads\/2022\/06\/Screenshot_20220108-033402_Chrome-1024x683-1.jpg 1024w, https:\/\/telespecialist.nl\/wp-content\/uploads\/2022\/06\/Screenshot_20220108-033402_Chrome-1024x683-1-300x200.jpg 300w, https:\/\/telespecialist.nl\/wp-content\/uploads\/2022\/06\/Screenshot_20220108-033402_Chrome-1024x683-1-600x400.jpg 600w, https:\/\/telespecialist.nl\/wp-content\/uploads\/2022\/06\/Screenshot_20220108-033402_Chrome-1024x683-1-768x512.jpg 768w\" sizes=\"(max-width: 1024px) 100vw, 1024px\" \/>\t\t\t\t\t\t\t\t\t\t\t\t\t\t\t<\/div>\n\t\t\t\t<\/div>\n\t\t\t\t\t<\/div>\n\t\t<\/div>\n\t\t\t\t<div class=\"elementor-column elementor-col-33 elementor-inner-column elementor-element elementor-element-f5deacf\" data-id=\"f5deacf\" data-element_type=\"column\" data-e-type=\"column\">\n\t\t\t<div class=\"elementor-widget-wrap elementor-element-populated\">\n\t\t\t\t\t\t<div class=\"elementor-element elementor-element-28558e2 elementor-widget elementor-widget-image\" data-id=\"28558e2\" data-element_type=\"widget\" data-e-type=\"widget\" data-widget_type=\"image.default\">\n\t\t\t\t<div class=\"elementor-widget-container\">\n\t\t\t\t\t\t\t\t\t\t\t\t\t\t\t<img decoding=\"async\" width=\"1024\" height=\"700\" src=\"https:\/\/telespecialist.nl\/wp-content\/uploads\/2022\/06\/SmartSelect_20220108-033420_Chrome-1024x700-1.jpg\" class=\"attachment-large size-large wp-image-2052\" alt=\"\" srcset=\"https:\/\/telespecialist.nl\/wp-content\/uploads\/2022\/06\/SmartSelect_20220108-033420_Chrome-1024x700-1.jpg 1024w, https:\/\/telespecialist.nl\/wp-content\/uploads\/2022\/06\/SmartSelect_20220108-033420_Chrome-1024x700-1-300x205.jpg 300w, https:\/\/telespecialist.nl\/wp-content\/uploads\/2022\/06\/SmartSelect_20220108-033420_Chrome-1024x700-1-600x410.jpg 600w, https:\/\/telespecialist.nl\/wp-content\/uploads\/2022\/06\/SmartSelect_20220108-033420_Chrome-1024x700-1-768x525.jpg 768w\" sizes=\"(max-width: 1024px) 100vw, 1024px\" \/>\t\t\t\t\t\t\t\t\t\t\t\t\t\t\t<\/div>\n\t\t\t\t<\/div>\n\t\t\t\t\t<\/div>\n\t\t<\/div>\n\t\t\t\t<div class=\"elementor-column elementor-col-33 elementor-inner-column elementor-element elementor-element-961d47e\" data-id=\"961d47e\" data-element_type=\"column\" data-e-type=\"column\">\n\t\t\t<div class=\"elementor-widget-wrap elementor-element-populated\">\n\t\t\t\t\t\t<div class=\"elementor-element elementor-element-bf514a9 elementor-widget elementor-widget-image\" data-id=\"bf514a9\" data-element_type=\"widget\" data-e-type=\"widget\" data-widget_type=\"image.default\">\n\t\t\t\t<div class=\"elementor-widget-container\">\n\t\t\t\t\t\t\t\t\t\t\t\t\t\t\t<img decoding=\"async\" width=\"1024\" height=\"717\" src=\"https:\/\/telespecialist.nl\/wp-content\/uploads\/2022\/06\/SmartSelect_20220108-033456_Chrome-1024x717-1.jpg\" class=\"attachment-large size-large wp-image-2055\" alt=\"\" srcset=\"https:\/\/telespecialist.nl\/wp-content\/uploads\/2022\/06\/SmartSelect_20220108-033456_Chrome-1024x717-1.jpg 1024w, https:\/\/telespecialist.nl\/wp-content\/uploads\/2022\/06\/SmartSelect_20220108-033456_Chrome-1024x717-1-300x210.jpg 300w, https:\/\/telespecialist.nl\/wp-content\/uploads\/2022\/06\/SmartSelect_20220108-033456_Chrome-1024x717-1-600x420.jpg 600w, https:\/\/telespecialist.nl\/wp-content\/uploads\/2022\/06\/SmartSelect_20220108-033456_Chrome-1024x717-1-768x538.jpg 768w\" sizes=\"(max-width: 1024px) 100vw, 1024px\" \/>\t\t\t\t\t\t\t\t\t\t\t\t\t\t\t<\/div>\n\t\t\t\t<\/div>\n\t\t\t\t\t<\/div>\n\t\t<\/div>\n\t\t\t\t\t<\/div>\n\t\t<\/section>\n\t\t\t\t\t<\/div>\n\t\t<\/div>\n\t\t\t\t\t<\/div>\n\t\t<\/section>\n\t\t\t\t<\/div>\n\t\t","protected":false},"excerpt":{"rendered":"<p>Was ist IPTV? IPTV ist eine neue Art des Fernsehens. IPTV steht f\u00fcr Internet Protocol TeleVision, was frei \u00fcbersetzt bedeutet, dass Sie mit IPTV Ihre Fernsehsender und alle Streaming-Dienste \u00fcber das Internet empfangen. Sie brauchen keine Sch\u00fcssel und haben kein k\u00f6rniges Bild und keinen schlechten Ton, zum Beispiel bei schlechtem Wetter. IPTV ist g\u00fcnstig und [&hellip;]<\/p>\n","protected":false},"author":1,"featured_media":0,"parent":0,"menu_order":0,"comment_status":"closed","ping_status":"closed","template":"elementor_header_footer","meta":{"ocean_post_layout":"","ocean_both_sidebars_style":"","ocean_both_sidebars_content_width":0,"ocean_both_sidebars_sidebars_width":0,"ocean_sidebar":"","ocean_second_sidebar":"","ocean_disable_margins":"enable","ocean_add_body_class":"","ocean_shortcode_before_top_bar":"","ocean_shortcode_after_top_bar":"","ocean_shortcode_before_header":"","ocean_shortcode_after_header":"","ocean_has_shortcode":"","ocean_shortcode_after_title":"","ocean_shortcode_before_footer_widgets":"","ocean_shortcode_after_footer_widgets":"","ocean_shortcode_before_footer_bottom":"","ocean_shortcode_after_footer_bottom":"","ocean_display_top_bar":"default","ocean_display_header":"default","ocean_header_style":"","ocean_center_header_left_menu":"","ocean_custom_header_template":"","ocean_custom_logo":0,"ocean_custom_retina_logo":0,"ocean_custom_logo_max_width":0,"ocean_custom_logo_tablet_max_width":0,"ocean_custom_logo_mobile_max_width":0,"ocean_custom_logo_max_height":0,"ocean_custom_logo_tablet_max_height":0,"ocean_custom_logo_mobile_max_height":0,"ocean_header_custom_menu":"","ocean_menu_typo_font_family":"","ocean_menu_typo_font_subset":"","ocean_menu_typo_font_size":0,"ocean_menu_typo_font_size_tablet":0,"ocean_menu_typo_font_size_mobile":0,"ocean_menu_typo_font_size_unit":"px","ocean_menu_typo_font_weight":"","ocean_menu_typo_font_weight_tablet":"","ocean_menu_typo_font_weight_mobile":"","ocean_menu_typo_transform":"","ocean_menu_typo_transform_tablet":"","ocean_menu_typo_transform_mobile":"","ocean_menu_typo_line_height":0,"ocean_menu_typo_line_height_tablet":0,"ocean_menu_typo_line_height_mobile":0,"ocean_menu_typo_line_height_unit":"","ocean_menu_typo_spacing":0,"ocean_menu_typo_spacing_tablet":0,"ocean_menu_typo_spacing_mobile":0,"ocean_menu_typo_spacing_unit":"","ocean_menu_link_color":"","ocean_menu_link_color_hover":"","ocean_menu_link_color_active":"","ocean_menu_link_background":"","ocean_menu_link_hover_background":"","ocean_menu_link_active_background":"","ocean_menu_social_links_bg":"","ocean_menu_social_hover_links_bg":"","ocean_menu_social_links_color":"","ocean_menu_social_hover_links_color":"","ocean_disable_title":"default","ocean_disable_heading":"default","ocean_post_title":"","ocean_post_subheading":"","ocean_post_title_style":"","ocean_post_title_background_color":"","ocean_post_title_background":0,"ocean_post_title_bg_image_position":"","ocean_post_title_bg_image_attachment":"","ocean_post_title_bg_image_repeat":"","ocean_post_title_bg_image_size":"","ocean_post_title_height":0,"ocean_post_title_bg_overlay":0.5,"ocean_post_title_bg_overlay_color":"","ocean_disable_breadcrumbs":"default","ocean_breadcrumbs_color":"","ocean_breadcrumbs_separator_color":"","ocean_breadcrumbs_links_color":"","ocean_breadcrumbs_links_hover_color":"","ocean_display_footer_widgets":"default","ocean_display_footer_bottom":"default","ocean_custom_footer_template":"","_joinchat":[],"footnotes":""},"class_list":["post-2302","page","type-page","status-publish","hentry","entry","owp-thumbs-layout-horizontal","owp-btn-normal","owp-tabs-layout-horizontal","has-no-thumbnails","has-product-nav","circle-sale"],"_links":{"self":[{"href":"https:\/\/telespecialist.nl\/de\/wp-json\/wp\/v2\/pages\/2302","targetHints":{"allow":["GET"]}}],"collection":[{"href":"https:\/\/telespecialist.nl\/de\/wp-json\/wp\/v2\/pages"}],"about":[{"href":"https:\/\/telespecialist.nl\/de\/wp-json\/wp\/v2\/types\/page"}],"author":[{"embeddable":true,"href":"https:\/\/telespecialist.nl\/de\/wp-json\/wp\/v2\/users\/1"}],"replies":[{"embeddable":true,"href":"https:\/\/telespecialist.nl\/de\/wp-json\/wp\/v2\/comments?post=2302"}],"version-history":[{"count":1,"href":"https:\/\/telespecialist.nl\/de\/wp-json\/wp\/v2\/pages\/2302\/revisions"}],"predecessor-version":[{"id":2303,"href":"https:\/\/telespecialist.nl\/de\/wp-json\/wp\/v2\/pages\/2302\/revisions\/2303"}],"wp:attachment":[{"href":"https:\/\/telespecialist.nl\/de\/wp-json\/wp\/v2\/media?parent=2302"}],"curies":[{"name":"wp","href":"https:\/\/api.w.org\/{rel}","templated":true}]}}